{"id":1566,"date":"2016-10-04T00:58:50","date_gmt":"2016-10-04T00:58:50","guid":{"rendered":"http:\/\/apacame.org.br\/site\/?page_id=1566"},"modified":"2016-10-04T00:58:50","modified_gmt":"2016-10-04T00:58:50","slug":"artigo-5","status":"publish","type":"page","link":"https:\/\/apacame.org.br\/site\/revista\/mensagem-doce-n-138-setembro-de-2016\/artigo-5\/","title":{"rendered":"Artigo"},"content":{"rendered":"<h1 style=\"text-align: center;\">PROIBIR OU N\u00c3O PROIBIR O GLIFOSATO EIS A QUEST\u00c3O<\/h1>\n<blockquote><p>Texto: Gabriele Steinhauser &#8211; Foto: Reuters<\/p><\/blockquote>\n<p><a href=\"https:\/\/apacame.org.br\/site\/wp-content\/uploads\/2016\/10\/Imagem-Roundup-ilustrativa.jpg\"><img fetchpriority=\"high\" decoding=\"async\" src=\"https:\/\/apacame.org.br\/site\/wp-content\/uploads\/2016\/10\/Imagem-Roundup-ilustrativa-300x200.jpg\" alt=\"glifosato\" width=\"300\" height=\"200\" class=\"alignleft size-medium wp-image-1567\" srcset=\"https:\/\/apacame.org.br\/site\/wp-content\/uploads\/2016\/10\/Imagem-Roundup-ilustrativa-300x200.jpg 300w, https:\/\/apacame.org.br\/site\/wp-content\/uploads\/2016\/10\/Imagem-Roundup-ilustrativa-150x100.jpg 150w, https:\/\/apacame.org.br\/site\/wp-content\/uploads\/2016\/10\/Imagem-Roundup-ilustrativa-500x333.jpg 500w, https:\/\/apacame.org.br\/site\/wp-content\/uploads\/2016\/10\/Imagem-Roundup-ilustrativa.jpg 561w\" sizes=\"(max-width: 300px) 100vw, 300px\" \/><\/a><span style=\"font-size: large;\">O futuro do herbicida \u00e0 base de glifosato, o ingrediente ativo do Roundup da\u00a0Monsanto Co., no mercado da Uni\u00e3o Europeia continua indefinido, depois que o pedido para uma extens\u00e3o tempor\u00e1ria de sua autoriza\u00e7\u00e3o de vendas n\u00e3o conseguiu obter a maioria necess\u00e1ria entre os governos que comp\u00f5em o bloco.<\/span><\/p>\n<p><span style=\"font-size: large;\">A licen\u00e7a de comercializa\u00e7\u00e3o do glifosato na UE expira no fim do m\u00eas. A proposta de permitir que o herbicida amplamente utilizado na agricultura continue sendo vendido na Europa enfrenta forte oposi\u00e7\u00e3o de v\u00e1rios governos em meio a resultados conflitantes de avalia\u00e7\u00f5es cient\u00edficas sobre se ele causa c\u00e2ncer.<\/span><\/p>\n<p><span style=\"font-size: large;\">O resultado da vota\u00e7\u00e3o na segunda-feira \u2014 em que a grande maioria dos 28 Estados-membros da UE apoiou o pedido de extens\u00e3o, mas n\u00e3o conseguiu obter o volume populacional necess\u00e1rio para uma aprova\u00e7\u00e3o \u2014 deixa a decis\u00e3o final nas m\u00e3os da Comiss\u00e3o Europeia.<\/span><\/p>\n<p><span style=\"font-size: large;\">O bra\u00e7o executivo da UE havia proposto uma extens\u00e3o tempor\u00e1ria da licen\u00e7a de vendas entre 12 e 18 meses. Isso permitiria que a Ag\u00eancia Europeia dos Produtos Qu\u00edmicos produza um parecer sobre o impacto da subst\u00e2ncia na sa\u00fade.<\/span><\/p>\n<p><span style=\"font-size: large;\">O min\u00fasculo pa\u00eds de Malta foi o \u00fanico a votar contra a extens\u00e3o, enquanto 20 Estados-membros votaram a favor, disse uma autoridade a par da vota\u00e7\u00e3o confidencial. Mas j\u00e1 que pa\u00edses populosos como Alemanha, Fran\u00e7a e It\u00e1lia se abstiveram de votar, a proposta n\u00e3o conseguiu a aprova\u00e7\u00e3o de pelo menos 65% da popula\u00e7\u00e3o da UE, informou a fonte.<\/span><\/p>\n<p><span style=\"font-size: large;\">Um porta-voz da Comiss\u00e3o Europeia n\u00e3o quis revelar se o \u00f3rg\u00e3o planeja simplesmente aprovar a extens\u00e3o de at\u00e9 18 meses.<\/span><\/p>\n<p><span style=\"font-size: large;\">\u201cOs Estados-Membros devem assumir suas pr\u00f3prias responsabilidades e n\u00e3o tentar se esconder atr\u00e1s da comiss\u00e3o\u201d, disse o porta-voz.<\/span><\/p>\n<p><span style=\"font-size: large;\">A comiss\u00e3o deve discutir como reagir \u00e0 vota\u00e7\u00e3o na reuni\u00e3o semanal que ocorre nesta ter\u00e7a-feira, ele acrescentou.<\/span><\/p>\n<p><span style=\"font-size: large;\">Martin H\u00e4usling, membro do Parlamento Europeu pelo Partido Verde alem\u00e3o, disse que, ao se abster e deixar a decis\u00e3o nas m\u00e3os da comiss\u00e3o, os governos evitaram encarar sua responsabilidade. \u201cO certo seria proibir o glifosato imediatamente\u201d, disse ele.<\/span><\/p>\n<p><span style=\"font-size: large;\">A Ag\u00eancia Internacional de Pesquisa sobre o C\u00e2ncer, da Organiza\u00e7\u00e3o Mundial da Sa\u00fade, informou em meados do ano passado que o glifosato \u201cprovavelmente\u201d tem o potencial de causar c\u00e2ncer em seres humanos, uma alega\u00e7\u00e3o contestada por outras ag\u00eancias de sa\u00fade p\u00fablica, incluindo um estudo conduzido pela Autoridade Europeia para a Seguran\u00e7a dos Alimentos (EFSA, na sigla em ingl\u00eas).<\/span><\/p>\n<p><span style=\"font-size: large;\">Os problemas enfrentados pelo glifosato salientam um ceticismo mais amplo entre os cidad\u00e3os europeus sobre o uso de produtos qu\u00edmicos na agricultura e no meio ambiente. Os organismos geneticamente modificados, ou transg\u00eanicos, enfrentam resist\u00eancia similar.<\/span><\/p>\n<p><span style=\"font-size: large;\">O glifosato \u00e9 um dos principais geradores de lucro para a americana Monsanto, empresa que recentemente virou alvo de compra da alem\u00e3\u00a0Bayer\u00a0AG. Mas tamb\u00e9m \u00e9 um ingrediente-chave de outros herbicidas.<\/span><\/p>\n<p><span style=\"font-size: large;\">Junto com a extens\u00e3o tempor\u00e1ria, a Comiss\u00e3o Europeia havia proposto restri\u00e7\u00f5es sobre quando e como usar o glifosato. Entre essas restri\u00e7\u00f5es est\u00e1 a proibi\u00e7\u00e3o do uso de um coformulante do herbicida, conhecido como taloamina, e recomenda\u00e7\u00f5es para minimizar sua aplica\u00e7\u00e3o em parques p\u00fablicos, jardins e antes da colheita.<\/span><\/p>\n","protected":false},"excerpt":{"rendered":"<p>PROIBIR OU N\u00c3O PROIBIR O GLIFOSATO EIS A QUEST\u00c3O Texto: Gabriele Steinhauser &#8211; Foto: Reuters O futuro do herbicida \u00e0 base de glifosato, o ingrediente ativo do Roundup da\u00a0Monsanto Co., [&hellip;]<\/p>\n","protected":false},"author":1,"featured_media":0,"parent":1484,"menu_order":0,"comment_status":"open","ping_status":"open","template":"","meta":{"pmpro_default_level":"","_price":"","_stock":"","_tribe_ticket_header":"","_tribe_default_ticket_provider":"","_tribe_ticket_capacity":"0","_ticket_start_date":"","_ticket_end_date":"","_tribe_ticket_show_description":"","_tribe_ticket_show_not_going":false,"_tribe_ticket_use_global_stock":"","_tribe_ticket_global_stock_level":"","_global_stock_mode":"","_global_stock_cap":"","_tribe_rsvp_for_event":"","_tribe_ticket_going_count":"","_tribe_ticket_not_going_count":"","_tribe_tickets_list":"[]","_tribe_ticket_has_attendee_info_fields":false,"cybocfi_hide_featured_image":"","footnotes":""},"class_list":["post-1566","page","type-page","status-publish","hentry","pmpro-has-access"],"_links":{"self":[{"href":"https:\/\/apacame.org.br\/site\/wp-json\/wp\/v2\/pages\/1566"}],"collection":[{"href":"https:\/\/apacame.org.br\/site\/wp-json\/wp\/v2\/pages"}],"about":[{"href":"https:\/\/apacame.org.br\/site\/wp-json\/wp\/v2\/types\/page"}],"author":[{"embeddable":true,"href":"https:\/\/apacame.org.br\/site\/wp-json\/wp\/v2\/users\/1"}],"replies":[{"embeddable":true,"href":"https:\/\/apacame.org.br\/site\/wp-json\/wp\/v2\/comments?post=1566"}],"version-history":[{"count":2,"href":"https:\/\/apacame.org.br\/site\/wp-json\/wp\/v2\/pages\/1566\/revisions"}],"predecessor-version":[{"id":1569,"href":"https:\/\/apacame.org.br\/site\/wp-json\/wp\/v2\/pages\/1566\/revisions\/1569"}],"up":[{"embeddable":true,"href":"https:\/\/apacame.org.br\/site\/wp-json\/wp\/v2\/pages\/1484"}],"wp:attachment":[{"href":"https:\/\/apacame.org.br\/site\/wp-json\/wp\/v2\/media?parent=1566"}],"curies":[{"name":"wp","href":"https:\/\/api.w.org\/{rel}","templated":true}]}}