{"id":1560,"date":"2016-10-03T20:37:04","date_gmt":"2016-10-03T20:37:04","guid":{"rendered":"http:\/\/apacame.org.br\/site\/?page_id=1560"},"modified":"2016-10-03T20:38:31","modified_gmt":"2016-10-03T20:38:31","slug":"artigo-4","status":"publish","type":"page","link":"https:\/\/apacame.org.br\/site\/revista\/mensagem-doce-n-138-setembro-de-2016\/artigo-4\/","title":{"rendered":"Artigo"},"content":{"rendered":"<h1 style=\"text-align: center;\">Unesp de Botucatu apresenta soro antiveneno de abelhas<\/h1>\n<blockquote><p>Cl\u00e1udio Soares &#8211; Imprensa Oficial SP \u2013 Conte\u00fado Editorial<\/p><\/blockquote>\n<p><span style=\"font-size: large;\">Pesquisadores apresentaram, o soro antiap\u00edlico, primeiro tratamento espec\u00edfico contra o veneno de abelhas africanizadas \u2013 as mais comuns no Brasil. A subst\u00e2ncia, que passar\u00e1 a ser testada em seres humanos, foi desenvolvida por cientistas do Centro de Estudos de Venenos e Animais Pe\u00e7onhentos (Cevap) da Unesp de Botucatu, em parceria com o Instituto Vital Brazil, de Niter\u00f3i (RJ).<\/span><a href=\"https:\/\/apacame.org.br\/site\/wp-content\/uploads\/2016\/10\/Soro-antiveneno-de-abelhas.jpg\"><img fetchpriority=\"high\" decoding=\"async\" src=\"https:\/\/apacame.org.br\/site\/wp-content\/uploads\/2016\/10\/Soro-antiveneno-de-abelhas-300x232.jpg\" alt=\"soro-antiveneno-de-abelhas\" width=\"300\" height=\"232\" class=\"alignright size-medium wp-image-1562\" srcset=\"https:\/\/apacame.org.br\/site\/wp-content\/uploads\/2016\/10\/Soro-antiveneno-de-abelhas-300x232.jpg 300w, https:\/\/apacame.org.br\/site\/wp-content\/uploads\/2016\/10\/Soro-antiveneno-de-abelhas-150x116.jpg 150w, https:\/\/apacame.org.br\/site\/wp-content\/uploads\/2016\/10\/Soro-antiveneno-de-abelhas-500x386.jpg 500w, https:\/\/apacame.org.br\/site\/wp-content\/uploads\/2016\/10\/Soro-antiveneno-de-abelhas.jpg 561w\" sizes=\"(max-width: 300px) 100vw, 300px\" \/><\/a><\/p>\n<p><span style=\"font-size: large;\">\u201cForam cerca de 12 anos de pesquisa b\u00e1sica, realizando testes em animais ou in vitro, para estudarmos o produto e concluirmos que pode ser testado em humanos\u201d, relata o professor Rui Seabra Ferreira Jr., coordenador executivo do Cevap. Ele avalia que \u201ca grande transforma\u00e7\u00e3o no projeto foi o fato de um instituto soroprodutor, o Vital Brazil, abra\u00e7ar a ideia\u201d. Esse instituto \u00e9 vinculado \u00e0 Secretaria de Sa\u00fade do Estado do Rio de Janeiro.<\/span><\/p>\n<p><span style=\"font-size: large;\"><b>Recursos<\/b><\/span><\/p>\n<p><span style=\"font-size: large;\">O projeto \u00e9 apoiado pelo Departamento de Ci\u00eancia e Tecnologia (Decit) do Minist\u00e9rio da Sa\u00fade (MS) e, depois de ser analisado pela Comiss\u00e3o Nacional de \u00c9tica em Pesquisa (Conep) \u2013 ligada ao Conselho Nacional de Sa\u00fade \u2013, recebeu a autoriza\u00e7\u00e3o da Ag\u00eancia Nacional de Vigil\u00e2ncia Sanit\u00e1ria (Anvisa) para o teste em pessoas.<\/span><\/p>\n<p><span style=\"font-size: large;\">Os recursos financeiros do MS, a partir de 2013, possibilitaram o ensaio cl\u00ednico do soro. A Faculdade de Medicina de Botucatu da Unesp ingressou tamb\u00e9m no trabalho, e um de seus integrantes, Alexandre Naime Barbosa, \u00e9 o m\u00e9dico respons\u00e1vel.<\/span><\/p>\n<p><span style=\"font-size: large;\">O investimento somado das tr\u00eas institui\u00e7\u00f5es (Cevap-Unesp, Instituto Vital Brazil e MS) foi de aproximadamente R$ 2 milh\u00f5es. \u201cCom isso conseguimos superar a dificuldade principal em iniciativas desse tipo, que \u00e9 fazer a pesquisa b\u00e1sica chegar \u00e0 pesquisa aplicada, para levar os servi\u00e7os \u00e0 popula\u00e7\u00e3o\u201d, diz Ferreira Jr.<\/span><\/p>\n<p><span style=\"font-size: large;\"><b>Exporta\u00e7\u00e3o<\/b><\/span><\/p>\n<p><span style=\"font-size: large;\">Dados do MS indicam que, em 2013, houve 10,8 mil envenenamentos e 40 mortes, no Brasil, em decorr\u00eancia de ataques das abelhas africanizadas. Como a notifica\u00e7\u00e3o de casos n\u00e3o \u00e9 obrigat\u00f3ria, especialistas estimam que possa haver anualmente at\u00e9 15 mil ataques, com 140 \u00f3bitos. As abelhas africanizadas s\u00e3o um h\u00edbrido, resultado do cruzamento, no Brasil, entre subesp\u00e9cies da Apis mellifera trazidas da Europa desde o tempo do Brasil Col\u00f4nia e outras subesp\u00e9cies da mesma abelha que vieram da \u00c1frica h\u00e1 cerca de 60 anos. Espalhando-se desde 1957, a partir do Estado de S\u00e3o Paulo, as africanizadas est\u00e3o presentes atualmente em quase todo o continente americano, com exce\u00e7\u00e3o de poucos pa\u00edses, como o Chile e o Canad\u00e1.<\/span><\/p>\n<p><span style=\"font-size: large;\">Essas abelhas t\u00eam como caracter\u00edstica o alto grau de defensividade, ou seja, atacam sempre que ocorre uma situa\u00e7\u00e3o considerada de perigo. Isso d\u00e1 origem a diversos acidentes. Estima-se que as abelhas africanizadas respondam por 8% dos acidentes causados por animais pe\u00e7onhentos no Pa\u00eds.<\/span><\/p>\n<p><span style=\"font-size: large;\">Ferreira Jr. chama a aten\u00e7\u00e3o para o fato de que o soro antiveneno, al\u00e9m de potencialmente salvar dezenas de vidas a cada ano em territ\u00f3rio brasileiro, poder\u00e1 tornar-se um produto de exporta\u00e7\u00e3o para as demais na\u00e7\u00f5es da Am\u00e9rica que sofrem os efeitos dos ataques.<\/span><\/p>\n<p><span style=\"font-size: large;\"><b>Ajustes<\/b><\/span><\/p>\n<p><span style=\"font-size: large;\">Quando um adulto \u00e9 picado por mais de 200 abelhas, o corpo recebe uma quantidade de veneno suficiente para causar les\u00f5es nos rins, no f\u00edgado e no cora\u00e7\u00e3o. Cerca de 500 picadas podem levar \u00e0 morte.<\/span><\/p>\n<p><span style=\"font-size: large;\">O soro ser\u00e1 aplicado por via intravenosa. Os pesquisadores chegaram \u00e0 conclus\u00e3o de que 10 mililitros da subst\u00e2ncia ser\u00e3o capazes de neutralizar o veneno de cem abelhas. Com isso, estabeleceram uma posologia de administra\u00e7\u00e3o do soro antiap\u00edlico. Se a pessoa recebeu, por exemplo, entre 5 e 200 picadas, ser\u00e3o administradas duas ampolas do produto. Entre 201 e 600 picadas, seis ampolas, e assim por diante, at\u00e9 o limite de dez ampolas. O per\u00edodo de testes que se iniciar\u00e1 agora servir\u00e1, entre outras coisas, para confirmar ou ajustar essa posologia.<\/span><\/p>\n<p><span style=\"font-size: large;\">Tr\u00eas cidades participar\u00e3o dos testes: Botucatu (SP), Tubar\u00e3o (SC) e Uberaba (MG). Os locais foram escolhidos em raz\u00e3o da incid\u00eancia de ataques de abelhas e da exist\u00eancia de hospitais que atendem aos requisitos da Anvisa. Caso uma pessoa de outra regi\u00e3o seja picada, poder\u00e1 eventualmente ser transportada para um dos hospitais participantes da pesquisa.<\/span><\/p>\n<p><span style=\"font-size: large;\"><b>Registro<\/b><\/span><\/p>\n<p><span style=\"font-size: large;\">Ferreira Jr. explica: \u201cInicialmente, ser\u00e1 aplicado o soro em 20 pa cientes, para verificar a seguran\u00e7a e se n\u00e3o h\u00e1 nenhuma rea\u00e7\u00e3o e tamb\u00e9m para avaliar se a dose est\u00e1 adequada\u201d. Em seguida, os testes passar\u00e3o a ser feitos com pelo menos 300 pacientes.<\/span><\/p>\n<p><span style=\"font-size: large;\">O coordenador do Cevap estima em um ano o tempo necess\u00e1rio para obter resultados conclusivos. \u201cA partir da comprova\u00e7\u00e3o da efic\u00e1cia, ser\u00e1 solicitado o registro \u00e0 Anvisa. Com o registro, a subst\u00e2ncia poder\u00e1 ser comercializada, e o Sistema \u00danico de Sa\u00fade (SUS) ter\u00e1 condi\u00e7\u00f5es de fornec\u00ea-la a quem sofreu picadas de abelhas\u201d, completa. Ferreira Jr. avalia que \u201co ponto forte desse projeto \u00e9 ver o estudo de uma universidade p\u00fablica transformar-se em um produto \u00fatil para a sociedade\u201d.<\/span><\/p>\n<p><span style=\"font-size: large;\">V\u00eddeo sobre o soro est\u00e1 dispon\u00edvel em <a href=\"https:\/\/goo.gl\/dUszLR\" target=\"_blank\" rel=\"noopener\">https:\/\/goo.gl\/dUszLR<\/a>.<\/span><\/p>\n","protected":false},"excerpt":{"rendered":"<p>Unesp de Botucatu apresenta soro antiveneno de abelhas Cl\u00e1udio Soares &#8211; Imprensa Oficial SP \u2013 Conte\u00fado Editorial Pesquisadores apresentaram, o soro antiap\u00edlico, primeiro tratamento espec\u00edfico contra o veneno de abelhas [&hellip;]<\/p>\n","protected":false},"author":1,"featured_media":0,"parent":1484,"menu_order":0,"comment_status":"open","ping_status":"open","template":"","meta":{"pmpro_default_level":"","_price":"","_stock":"","_tribe_ticket_header":"","_tribe_default_ticket_provider":"","_tribe_ticket_capacity":"0","_ticket_start_date":"","_ticket_end_date":"","_tribe_ticket_show_description":"","_tribe_ticket_show_not_going":false,"_tribe_ticket_use_global_stock":"","_tribe_ticket_global_stock_level":"","_global_stock_mode":"","_global_stock_cap":"","_tribe_rsvp_for_event":"","_tribe_ticket_going_count":"","_tribe_ticket_not_going_count":"","_tribe_tickets_list":"[]","_tribe_ticket_has_attendee_info_fields":false,"cybocfi_hide_featured_image":"","footnotes":""},"class_list":["post-1560","page","type-page","status-publish","hentry","pmpro-has-access"],"_links":{"self":[{"href":"https:\/\/apacame.org.br\/site\/wp-json\/wp\/v2\/pages\/1560"}],"collection":[{"href":"https:\/\/apacame.org.br\/site\/wp-json\/wp\/v2\/pages"}],"about":[{"href":"https:\/\/apacame.org.br\/site\/wp-json\/wp\/v2\/types\/page"}],"author":[{"embeddable":true,"href":"https:\/\/apacame.org.br\/site\/wp-json\/wp\/v2\/users\/1"}],"replies":[{"embeddable":true,"href":"https:\/\/apacame.org.br\/site\/wp-json\/wp\/v2\/comments?post=1560"}],"version-history":[{"count":3,"href":"https:\/\/apacame.org.br\/site\/wp-json\/wp\/v2\/pages\/1560\/revisions"}],"predecessor-version":[{"id":1563,"href":"https:\/\/apacame.org.br\/site\/wp-json\/wp\/v2\/pages\/1560\/revisions\/1563"}],"up":[{"embeddable":true,"href":"https:\/\/apacame.org.br\/site\/wp-json\/wp\/v2\/pages\/1484"}],"wp:attachment":[{"href":"https:\/\/apacame.org.br\/site\/wp-json\/wp\/v2\/media?parent=1560"}],"curies":[{"name":"wp","href":"https:\/\/api.w.org\/{rel}","templated":true}]}}