{"id":1552,"date":"2016-10-03T20:28:30","date_gmt":"2016-10-03T20:28:30","guid":{"rendered":"http:\/\/apacame.org.br\/site\/?page_id=1552"},"modified":"2016-10-03T20:28:30","modified_gmt":"2016-10-03T20:28:30","slug":"artigo-3","status":"publish","type":"page","link":"https:\/\/apacame.org.br\/site\/revista\/mensagem-doce-n-138-setembro-de-2016\/artigo-3\/","title":{"rendered":"Artigo"},"content":{"rendered":"<h1 style=\"text-align: center;\">A GOROROBA,<br \/>\nAlimenta\u00e7\u00e3o suplementar para abelhas sem ferr\u00e3o.<\/h1>\n<blockquote><p>Pedro Acioli de Souza1; Rog\u00e9rio Marcos de Oliveira Alves2.<\/p>\n<p>1. Api\u00e1rio &amp; Melipon\u00e1rio Princesa das Matas \u2013 Vi\u00e7osa, Alagoas.<\/p>\n<p>2. Instituto Federal de Educa\u00e7\u00e3o, Ci\u00eancia e Tecnologia Baiano \u2013 IFBAIANO.<\/p><\/blockquote>\n<p><span style=\"font-size: large;\"><b>Introdu\u00e7\u00e3o<\/b><\/span><\/p>\n<p><span style=\"font-size: large;\"> A cria\u00e7\u00e3o de abelhas nativas sem ferr\u00e3o \u00e9 uma atividade que vem tomando um grande impulso nos \u00faltimos anos. Dentre as op\u00e7\u00f5es oferecidas pela cria\u00e7\u00e3o, destaca-se a produ\u00e7\u00e3o de mel. <\/span><\/p>\n<p><span style=\"font-size: large;\"> Os pilares da produ\u00e7\u00e3o zoot\u00e9cnica englobam tr\u00eas fatores: a gen\u00e9tica, manejo, alimenta\u00e7\u00e3o + as condi\u00e7\u00f5es ambientais. Devido \u00e0 dificuldade em interferir nas condi\u00e7\u00f5es de clima, o criador busca aumentar a produtividade observando os fatores zoot\u00e9cnicos. A gen\u00e9tica, atrav\u00e9s da sele\u00e7\u00e3o de col\u00f4nias e as pr\u00e1ticas de manejo, recebem maior aten\u00e7\u00e3o por parte do criador (CARVALHO et al., 2003). <\/span><\/p>\n<p><span style=\"font-size: large;\"> A alimenta\u00e7\u00e3o seja ela natural (pastagem) ou artificial \u00e9 pouco trabalhada sendo respons\u00e1vel por perdas de col\u00f4nias nas \u00e9pocas de escassez de alimento devido a seca, frio ou chuvas. Apenas alguns criadores implantam pastagens especificas para a produ\u00e7\u00e3o de mel, com plantas de reconhecido potencial na produ\u00e7\u00e3o de n\u00e9ctar e\/ou p\u00f3len, que ajudaria a evitar perdas na cria\u00e7\u00e3o, entretanto essa medida \u00e9 eficiente apenas quando as condi\u00e7\u00f5es ambientes s\u00e3o propicias. <\/span><\/p>\n<p><span style=\"font-size: large;\"> Per\u00edodos de escassez de alimento s\u00e3o muito comuns, sendo a alimenta\u00e7\u00e3o artificial de col\u00f4nias com substancias energ\u00e9ticas e\/ou proteicas a forma de suprir a falta de n\u00e9ctar e p\u00f3len. As formula\u00e7\u00f5es s\u00e3o v\u00e1rias e preferencialmente \u00e9 utilizada a forma l\u00edquida (xarope).<\/span><\/p>\n<p><span style=\"font-size: large;\"> As vantagens dessa forma de alimenta\u00e7\u00e3o s\u00e3o muitas (rapidez na absor\u00e7\u00e3o do produto, facilidade de preparo, baixo custo) por\u00e9m esse m\u00e9todo apresenta tamb\u00e9m desvantagens (pilhagens, derramamento de l\u00edquido, fermenta\u00e7\u00e3o).<\/span><\/p>\n<p><span style=\"font-size: large;\"> Para as abelhas, a alimenta\u00e7\u00e3o suplementar tem como principal objetivo permitir o desenvolvimento das col\u00f4nias em per\u00edodos de escassez de alimento e quando da divis\u00e3o ou translado. Ao receberem uma fonte alternativa de alimento, as oper\u00e1rias economizam a energia que gastariam para coletar n\u00e9ctar ou p\u00f3len no campo, podendo, assim, apoiar outras atividades essenciais, como defesa, limpeza, organiza\u00e7\u00e3o e suporte \u00e0s atividades de postura da rainha (VILLAS-B\u00d4AS, 2012).<\/span><\/p>\n<figure id=\"attachment_1553\" aria-describedby=\"caption-attachment-1553\" style=\"width: 300px\" class=\"wp-caption alignleft\"><a href=\"https:\/\/apacame.org.br\/site\/wp-content\/uploads\/2016\/10\/6838_Fig01_gororoba.jpg\"><img fetchpriority=\"high\" decoding=\"async\" class=\"wp-image-1553 size-medium\" src=\"https:\/\/apacame.org.br\/site\/wp-content\/uploads\/2016\/10\/6838_Fig01_gororoba-300x225.jpg\" alt=\"gororoba\" width=\"300\" height=\"225\" srcset=\"https:\/\/apacame.org.br\/site\/wp-content\/uploads\/2016\/10\/6838_Fig01_gororoba-300x225.jpg 300w, https:\/\/apacame.org.br\/site\/wp-content\/uploads\/2016\/10\/6838_Fig01_gororoba-150x113.jpg 150w, https:\/\/apacame.org.br\/site\/wp-content\/uploads\/2016\/10\/6838_Fig01_gororoba-500x375.jpg 500w, https:\/\/apacame.org.br\/site\/wp-content\/uploads\/2016\/10\/6838_Fig01_gororoba.jpg 561w\" sizes=\"(max-width: 300px) 100vw, 300px\" \/><\/a><figcaption id=\"caption-attachment-1553\" class=\"wp-caption-text\">Ingredientes e utens\u00edlios para o preparo da &#8220;Gororoba&#8221;.<\/figcaption><\/figure>\n<p><span style=\"font-size: large;\"> A formula\u00e7\u00e3o de um alimento que nas \u00e9pocas de escassez fosse ao mesmo tempo eficiente, palat\u00e1vel, n\u00e3o fermentasse rapidamente (atra\u00e7\u00e3o de for\u00eddeos), evitasse a pilhagem, com ingredientes de f\u00e1cil acessibilidade ao meliponicultor, baixo custo e prepara\u00e7\u00e3o simples, pode contribuir para a redu\u00e7\u00e3o de perdas na cria\u00e7\u00e3o e aumento da produtividade das col\u00f4nias.<\/span><\/p>\n<figure id=\"attachment_1554\" aria-describedby=\"caption-attachment-1554\" style=\"width: 300px\" class=\"wp-caption alignright\"><a href=\"https:\/\/apacame.org.br\/site\/wp-content\/uploads\/2016\/10\/6840_Fig01_gororoba.jpg\"><img decoding=\"async\" class=\"wp-image-1554 size-medium\" src=\"https:\/\/apacame.org.br\/site\/wp-content\/uploads\/2016\/10\/6840_Fig01_gororoba-300x225.jpg\" alt=\"gororoba\" width=\"300\" height=\"225\" srcset=\"https:\/\/apacame.org.br\/site\/wp-content\/uploads\/2016\/10\/6840_Fig01_gororoba-300x225.jpg 300w, https:\/\/apacame.org.br\/site\/wp-content\/uploads\/2016\/10\/6840_Fig01_gororoba-150x113.jpg 150w, https:\/\/apacame.org.br\/site\/wp-content\/uploads\/2016\/10\/6840_Fig01_gororoba-500x375.jpg 500w, https:\/\/apacame.org.br\/site\/wp-content\/uploads\/2016\/10\/6840_Fig01_gororoba.jpg 561w\" sizes=\"(max-width: 300px) 100vw, 300px\" \/><\/a><figcaption id=\"caption-attachment-1554\" class=\"wp-caption-text\">Ingredientes e utens\u00edlios para o preparo da &#8220;Gororoba&#8221;.<\/figcaption><\/figure>\n<p><span style=\"font-size: large;\"> No Estado de Alagoas a uni\u00e3o da pesquisa e extens\u00e3o possibilitou a formula\u00e7\u00e3o de um alimento com formula\u00e7\u00e3o gelatinosa que permitiu reduzir a perda de col\u00f4nias e contribuir para o r\u00e1pido desenvolvimento das col\u00f4nias. Esse alimento foi denominado de \u201cGororoba\u201d, formula\u00e7\u00e3o baseada no uso de gelatina como enchimento para fontes de carboidratos e prote\u00edna principais alimentos utilizados pelas abelhas.<\/span><\/p>\n<p><span style=\"font-size: large;\"><b><i>A GOROROBA<\/i><\/b><br \/>\nAlimento preparado a partir de gelatina comercial, onde s\u00e3o misturados o a\u00e7\u00facar, mel, \u00e1gua, fonte proteica e ess\u00eancia <\/span><\/p>\n<p><span style=\"font-size: large;\"><b>Ingredientes: (Para preparar a gororoba)<\/b><\/span><\/p>\n<p><span style=\"font-size: large;\">&#8211; 500 ml de \u00e1gua;<\/span><\/p>\n<p><span style=\"font-size: large;\">&#8211; 400 g de a\u00e7\u00facar (Preferir o demerara);<\/span><\/p>\n<p><span style=\"font-size: large;\">&#8211; 1 colher de sobremesa de mel ASF ou de APIS;<\/span><\/p>\n<p><span style=\"font-size: large;\">&#8211; 1 colher de ch\u00e1 de p\u00f3 de p\u00f3len ap\u00edcola fresco ou p\u00f3len de ASF ou p\u00f3len ap\u00edcola fresco (conservados em geladeira);<\/span><\/p>\n<p><span style=\"font-size: large;\">&#8211; 1 pacotinho de gelatina de 12 g, sem cor e sem sabor;<\/span><\/p>\n<p><span style=\"font-size: large;\">&#8211; 3 folhas de \u201ccapim santo ou erva cidreira\u201d.<\/span><\/p>\n<p><span style=\"font-size: large;\"><b>Preparo:<\/b><\/span><\/p>\n<p><span style=\"font-size: large;\"><b>Ch\u00e1<\/b><\/span><\/p>\n<p><span style=\"font-size: large;\"> Adicionar em vasilha, 400 g de a\u00e7\u00facar + 3 folhas de capim santo ou erva cidreira + 500 ml de \u00e1gua. Levar ao fogo at\u00e9 ferver (manter sob fervura durante 3 minutos). Deixar esfriar at\u00e9 40\u00b0 graus. Retirar as folhas e guardar o l\u00edquido. <\/span><\/p>\n<p><span style=\"font-size: large;\"><b>Preparo da gelatina:<\/b><\/span><\/p>\n<p><span style=\"font-size: large;\"> Dissolver a gelatina aos poucos em 4 colheres de \u00e1gua em um copo, misturar at\u00e9 ficar uniforme, (manter em repouso).<\/span><\/p>\n<p><span style=\"font-size: large;\"><b>Mistura: ch\u00e1 mais Gelatina.<\/b><\/span><\/p>\n<p><span style=\"font-size: large;\"> Quando o ch\u00e1 resfriar (40\u00b0C), consegue-se colocar a m\u00e3o na vasilha sem queimar, adicionar 1 colher de p\u00f3 de p\u00f3len + 1 colher de sobremesa de mel mais Gelatina pr\u00e9-dissolvida, misturando bem.<\/span><\/p>\n<p><span style=\"font-size: large;\"><b>Testes<\/b><\/span><\/p>\n<figure id=\"attachment_1555\" aria-describedby=\"caption-attachment-1555\" style=\"width: 300px\" class=\"wp-caption alignleft\"><a href=\"https:\/\/apacame.org.br\/site\/wp-content\/uploads\/2016\/10\/3803_Uru\u00e7u_gororoba.jpg\"><img decoding=\"async\" class=\"wp-image-1555 size-medium\" src=\"https:\/\/apacame.org.br\/site\/wp-content\/uploads\/2016\/10\/3803_Uru\u00e7u_gororoba-300x168.jpg\" alt=\"gororoba\" width=\"300\" height=\"168\" srcset=\"https:\/\/apacame.org.br\/site\/wp-content\/uploads\/2016\/10\/3803_Uru\u00e7u_gororoba-300x168.jpg 300w, https:\/\/apacame.org.br\/site\/wp-content\/uploads\/2016\/10\/3803_Uru\u00e7u_gororoba-150x84.jpg 150w, https:\/\/apacame.org.br\/site\/wp-content\/uploads\/2016\/10\/3803_Uru\u00e7u_gororoba-500x281.jpg 500w, https:\/\/apacame.org.br\/site\/wp-content\/uploads\/2016\/10\/3803_Uru\u00e7u_gororoba.jpg 561w\" sizes=\"(max-width: 300px) 100vw, 300px\" \/><\/a><figcaption id=\"caption-attachment-1555\" class=\"wp-caption-text\">Abelhas uru\u00e7\u00fa (Melipona scutellaris) se alimentando da &#8220;Gororoba&#8221;.<\/figcaption><\/figure>\n<p><span style=\"font-size: large;\"> A Gororoba vem sendo testada em campo nos munic\u00edpios de Vi\u00e7osa, Mar Vermelho, \u00c1gua Branca, Penedo, Uni\u00e3o dos Palmares (Estado de Alagoas) em caixas de diversas esp\u00e9cies (M. scutellaris, M. subnitida, Plebeia sp., M. asilvai, Frieseomelitta varia, F. doederleini) desde maio de 2013, com sucesso. Temos conseguido multiplicar as col\u00f4nias 4 vezes ao ano, quando alimentadas regularmente.<\/span><\/p>\n<p><span style=\"font-size: large;\"><b>Conserva\u00e7\u00e3o:<\/b><\/span><\/p>\n<p><span style=\"font-size: large;\"> Levar a mistura para geladeira. Ap\u00f3s 12 h na geladeira pode ser servida as abelhas (adquire consist\u00eancia gelatinosa). A \u201cGororoba\u201d em recipiente fechado em geladeira, se conserva por 30 dias aproximadamente. N\u00e3o conservar em locais com temperaturas altas.<\/span><\/p>\n<p><span style=\"font-size: large;\"><b>Servindo as Abelhas:<\/b><\/span><\/p>\n<figure id=\"attachment_1556\" aria-describedby=\"caption-attachment-1556\" style=\"width: 300px\" class=\"wp-caption alignright\"><a href=\"https:\/\/apacame.org.br\/site\/wp-content\/uploads\/2016\/10\/7059_Disco_gororoba.jpg\"><img loading=\"lazy\" decoding=\"async\" class=\"wp-image-1556 size-medium\" src=\"https:\/\/apacame.org.br\/site\/wp-content\/uploads\/2016\/10\/7059_Disco_gororoba-300x225.jpg\" alt=\"gororoba\" width=\"300\" height=\"225\" srcset=\"https:\/\/apacame.org.br\/site\/wp-content\/uploads\/2016\/10\/7059_Disco_gororoba-300x225.jpg 300w, https:\/\/apacame.org.br\/site\/wp-content\/uploads\/2016\/10\/7059_Disco_gororoba-150x113.jpg 150w, https:\/\/apacame.org.br\/site\/wp-content\/uploads\/2016\/10\/7059_Disco_gororoba-500x375.jpg 500w, https:\/\/apacame.org.br\/site\/wp-content\/uploads\/2016\/10\/7059_Disco_gororoba.jpg 561w\" sizes=\"(max-width: 300px) 100vw, 300px\" \/><\/a><figcaption id=\"caption-attachment-1556\" class=\"wp-caption-text\">Disco de crias em pleno desenvolvimento.<\/figcaption><\/figure>\n<p><span style=\"font-size: large;\"> Para as esp\u00e9cies maiores: Uru\u00e7u (Melipona scutellaris), servimos no interior da caixa, em potes pl\u00e1sticos (Copos de sorvete 1 bola, raso, 100g). Inicialmente vamos colocando pequenas por\u00e7\u00f5es, 3 vezes por semana, at\u00e9 que elas consumam o pote cheio. <\/span><\/p>\n<p><span style=\"font-size: large;\"> Para abelhas m\u00e9dias: Jandaira (M. subnitida) e munduri (M. asilvai,) servir o alimento em tampa de refrigerante (2 a 4 tampas cheias, 3 dias por semana).<\/span><\/p>\n<p><span style=\"font-size: large;\"> Para abelhas pequenas (Plebeia sp; Frieseomelitta sp.) 1 a 2 tampas de refrigerante, 3 vezes por semana. <\/span><\/p>\n<p><span style=\"font-size: large;\"><b><i>VANTAGENS<\/i><\/b><\/span><\/p>\n<p><span style=\"font-size: large;\"> A \u201cGOROROBA\u201d foi criada pensando na:<\/span><\/p>\n<p><span style=\"font-size: large;\"><b>Efici\u00eancia:<\/b> <\/span><\/p>\n<p><span style=\"font-size: large;\"> As abelhas rapidamente procuram o alimento, n\u00e3o ficando res\u00edduos na caixa, refletindo no aumento do n\u00famero de oper\u00e1rias e da produ\u00e7\u00e3o.<\/span><\/p>\n<p><span style=\"font-size: large;\"><b>Versatilidade:<\/b> <\/span><\/p>\n<p><span style=\"font-size: large;\"> Pode ser utilizada tanto com a fonte proteica (p\u00f3len) e\/ou a fonte energ\u00e9tica (a\u00e7\u00facar ou mel).<\/span><\/p>\n<p><span style=\"font-size: large;\"><b>Camuflagem:<\/b> <\/span><\/p>\n<p><span style=\"font-size: large;\"> O p\u00f3len fresco natural, quando servido diretamente para as abelhas, atrai o principal inimigo: o for\u00eddeo. Quando dissolvido na gelatina o for\u00eddeo n\u00e3o \u00e9 atra\u00eddo pelo cheiro do p\u00f3len fermentado que fica impercept\u00edvel. <\/span><\/p>\n<p><span style=\"font-size: large;\"><b><i>Redu\u00e7\u00e3o de perda de oper\u00e1rias<\/i><\/b><\/span><\/p>\n<figure id=\"attachment_1557\" aria-describedby=\"caption-attachment-1557\" style=\"width: 300px\" class=\"wp-caption alignleft\"><a href=\"https:\/\/apacame.org.br\/site\/wp-content\/uploads\/2016\/10\/3315_Crias_gororoba.jpg\"><img loading=\"lazy\" decoding=\"async\" class=\"wp-image-1557 size-medium\" src=\"https:\/\/apacame.org.br\/site\/wp-content\/uploads\/2016\/10\/3315_Crias_gororoba-300x168.jpg\" alt=\"gororoba\" width=\"300\" height=\"168\" srcset=\"https:\/\/apacame.org.br\/site\/wp-content\/uploads\/2016\/10\/3315_Crias_gororoba-300x168.jpg 300w, https:\/\/apacame.org.br\/site\/wp-content\/uploads\/2016\/10\/3315_Crias_gororoba-150x84.jpg 150w, https:\/\/apacame.org.br\/site\/wp-content\/uploads\/2016\/10\/3315_Crias_gororoba-500x281.jpg 500w, https:\/\/apacame.org.br\/site\/wp-content\/uploads\/2016\/10\/3315_Crias_gororoba.jpg 561w\" sizes=\"(max-width: 300px) 100vw, 300px\" \/><\/a><figcaption id=\"caption-attachment-1557\" class=\"wp-caption-text\">Disco de crias com C\u00e9lulas com ovos.<\/figcaption><\/figure>\n<p><span style=\"font-size: large;\"> A gelatina conserva e d\u00e1 consist\u00eancia ao alimento por mais tempo, evitando morte de oper\u00e1rias por afogamento.<\/span><\/p>\n<p><span style=\"font-size: large;\"><b>Pilhagem<\/b><\/span><\/p>\n<p><span style=\"font-size: large;\"> Reduz a pilhagem devido a n\u00e3o atrair Apis mellifera: Mesmo quando alimentamos as abelhas sem ferr\u00e3o em cochos coletivos n\u00e3o atraiu as abelhas Apis mellifera. Nesse caso deve evitar expor a gororoba diretamente ao sol.<\/span><\/p>\n<p><span style=\"font-size: large;\"><b>Palat\u00e1vel:<\/b><\/span><\/p>\n<p><span style=\"font-size: large;\"> A Gororoba \u00e9 elaborada com gelatina produto in\u00f3cuo sendo inseridos p\u00f3len, mel, folhas de capim santo ou cidreira (efeito atrativo) sendo facilmente aproveitada pelas abelhas, podendo ser utilizado na produ\u00e7\u00e3o de mel org\u00e2nico.<\/span><\/p>\n<p><span style=\"font-size: large;\"><b>Baixo custo<\/b> <\/span><\/p>\n<p><span style=\"font-size: large;\"> Os ingredientes s\u00e3o de f\u00e1cil aquisi\u00e7\u00e3o e de custo baixo reduzindo o valor final e de baixo impacto no custo final do produto.<\/span><\/p>\n<p><span style=\"font-size: large;\"><b>Praticidade<\/b><\/span><\/p>\n<p><span style=\"font-size: large;\"> N\u00e3o derrama, n\u00e3o sendo liquido, n\u00e3o precisa de alimentadores, \u00e9 servido em copinhos ou em tampas de garrafas no interior da colmeia.<\/span><\/p>\n<p><span style=\"font-size: large;\"><b><i>REFERENCIAS<\/i><\/b> <\/span><\/p>\n<p><span style=\"font-size: large;\">VILLAS-BO\u0302AS, J. Manual tecnolo\u0301gico: abelhas sem ferra\u0303o. Brasi\u0301lia, DF: Instituto Sociedade, Populac\u0327a\u0303o e Natureza (ISPN), 2012. 96 p. (Se\u0301rie Manual Tecnolo\u0301gico).<\/span><\/p>\n<p><span style=\"font-size: large;\">CARVALHO, C. A. L. de; ALVES, R. M. de O.; SOUZA, B. de A. Cria\u00e7\u00e3o de abelhas sem ferr\u00e3o: aspectos pr\u00e1ticos. 1. ed. Salvador-BA: SEAGRI-BA, 2003. 42 p.<\/span><\/p>\n","protected":false},"excerpt":{"rendered":"<p>A GOROROBA, Alimenta\u00e7\u00e3o suplementar para abelhas sem ferr\u00e3o. Pedro Acioli de Souza1; Rog\u00e9rio Marcos de Oliveira Alves2. 1. Api\u00e1rio &amp; Melipon\u00e1rio Princesa das Matas \u2013 Vi\u00e7osa, Alagoas. 2. Instituto Federal [&hellip;]<\/p>\n","protected":false},"author":1,"featured_media":0,"parent":1484,"menu_order":0,"comment_status":"open","ping_status":"open","template":"","meta":{"pmpro_default_level":"","_price":"","_stock":"","_tribe_ticket_header":"","_tribe_default_ticket_provider":"","_tribe_ticket_capacity":"0","_ticket_start_date":"","_ticket_end_date":"","_tribe_ticket_show_description":"","_tribe_ticket_show_not_going":false,"_tribe_ticket_use_global_stock":"","_tribe_ticket_global_stock_level":"","_global_stock_mode":"","_global_stock_cap":"","_tribe_rsvp_for_event":"","_tribe_ticket_going_count":"","_tribe_ticket_not_going_count":"","_tribe_tickets_list":"[]","_tribe_ticket_has_attendee_info_fields":false,"cybocfi_hide_featured_image":"","footnotes":""},"class_list":["post-1552","page","type-page","status-publish","hentry","pmpro-has-access"],"_links":{"self":[{"href":"https:\/\/apacame.org.br\/site\/wp-json\/wp\/v2\/pages\/1552"}],"collection":[{"href":"https:\/\/apacame.org.br\/site\/wp-json\/wp\/v2\/pages"}],"about":[{"href":"https:\/\/apacame.org.br\/site\/wp-json\/wp\/v2\/types\/page"}],"author":[{"embeddable":true,"href":"https:\/\/apacame.org.br\/site\/wp-json\/wp\/v2\/users\/1"}],"replies":[{"embeddable":true,"href":"https:\/\/apacame.org.br\/site\/wp-json\/wp\/v2\/comments?post=1552"}],"version-history":[{"count":2,"href":"https:\/\/apacame.org.br\/site\/wp-json\/wp\/v2\/pages\/1552\/revisions"}],"predecessor-version":[{"id":1559,"href":"https:\/\/apacame.org.br\/site\/wp-json\/wp\/v2\/pages\/1552\/revisions\/1559"}],"up":[{"embeddable":true,"href":"https:\/\/apacame.org.br\/site\/wp-json\/wp\/v2\/pages\/1484"}],"wp:attachment":[{"href":"https:\/\/apacame.org.br\/site\/wp-json\/wp\/v2\/media?parent=1552"}],"curies":[{"name":"wp","href":"https:\/\/api.w.org\/{rel}","templated":true}]}}