{"id":1548,"date":"2016-10-03T20:05:26","date_gmt":"2016-10-03T20:05:26","guid":{"rendered":"http:\/\/apacame.org.br\/site\/?page_id=1548"},"modified":"2016-10-03T20:05:26","modified_gmt":"2016-10-03T20:05:26","slug":"opiniao","status":"publish","type":"page","link":"https:\/\/apacame.org.br\/site\/revista\/mensagem-doce-n-138-setembro-de-2016\/opiniao\/","title":{"rendered":"Opini\u00e3o"},"content":{"rendered":"<h1 style=\"text-align: center;\">MEL GERAL APOIDEA<\/h1>\n<blockquote><p>Paulo Nogueira-Neto<\/p><\/blockquote>\n<p><span style=\"font-size: large;\">Ao amigos<\/span><\/p>\n<p><span style=\"font-size: large;\">Entre os m\u00e9is que costumo tomar est\u00e1 o chamado MEL FLOREA. Isso da origem a um erro grande, pois a abelha Apis florea n\u00e3o existe nas Am\u00e9ricas. Existe, porem, na \u00c1frica e \u00c1sia. Para n\u00e3o mudar muito o nome de uma abelha cujo mel n\u00e3o existe nestes continentes americanos, sugiro mudar aqui o nome desse mel para: MEL GERAL APOIDEA.<\/span><\/p>\n<p><span style=\"font-size: large;\">Aqui fica uma sugest\u00e3o corrigindo o erro que foi feito inicialmente no nome, no Brasil. O nome Apoidea abrange todas as abelhas do mundo, desaparecendo assim o erro restritivo atual.<\/span><\/p>\n<div id='gallery-1' class='gallery galleryid-1548 gallery-columns-2 gallery-size-medium'><figure class='gallery-item'>\n\t\t\t<div class='gallery-icon landscape'>\n\t\t\t\t<a href='https:\/\/apacame.org.br\/site\/wp-content\/uploads\/2016\/10\/Apis_florea_distribution_map.jpg'><img decoding=\"async\" width=\"300\" height=\"155\" src=\"https:\/\/apacame.org.br\/site\/wp-content\/uploads\/2016\/10\/Apis_florea_distribution_map-300x155.jpg\" class=\"attachment-medium size-medium\" alt=\"\" aria-describedby=\"gallery-1-1549\" srcset=\"https:\/\/apacame.org.br\/site\/wp-content\/uploads\/2016\/10\/Apis_florea_distribution_map-300x155.jpg 300w, https:\/\/apacame.org.br\/site\/wp-content\/uploads\/2016\/10\/Apis_florea_distribution_map-150x77.jpg 150w, https:\/\/apacame.org.br\/site\/wp-content\/uploads\/2016\/10\/Apis_florea_distribution_map-500x258.jpg 500w, https:\/\/apacame.org.br\/site\/wp-content\/uploads\/2016\/10\/Apis_florea_distribution_map.jpg 561w\" sizes=\"(max-width: 300px) 100vw, 300px\" \/><\/a>\n\t\t\t<\/div>\n\t\t\t\t<figcaption class='wp-caption-text gallery-caption' id='gallery-1-1549'>\n\t\t\t\tFigura 1 &#8211; localiza\u00e7\u00e3o geogr\u00e1fica da Apis florea.\n\t\t\t\t<\/figcaption><\/figure><figure class='gallery-item'>\n\t\t\t<div class='gallery-icon landscape'>\n\t\t\t\t<a href='https:\/\/apacame.org.br\/site\/wp-content\/uploads\/2016\/10\/Apis_florea_worker_1.jpg'><img fetchpriority=\"high\" decoding=\"async\" width=\"300\" height=\"220\" src=\"https:\/\/apacame.org.br\/site\/wp-content\/uploads\/2016\/10\/Apis_florea_worker_1-300x220.jpg\" class=\"attachment-medium size-medium\" alt=\"\" aria-describedby=\"gallery-1-1550\" srcset=\"https:\/\/apacame.org.br\/site\/wp-content\/uploads\/2016\/10\/Apis_florea_worker_1-300x220.jpg 300w, https:\/\/apacame.org.br\/site\/wp-content\/uploads\/2016\/10\/Apis_florea_worker_1-1024x750.jpg 1024w, https:\/\/apacame.org.br\/site\/wp-content\/uploads\/2016\/10\/Apis_florea_worker_1-150x110.jpg 150w, https:\/\/apacame.org.br\/site\/wp-content\/uploads\/2016\/10\/Apis_florea_worker_1-500x366.jpg 500w, https:\/\/apacame.org.br\/site\/wp-content\/uploads\/2016\/10\/Apis_florea_worker_1.jpg 1617w\" sizes=\"(max-width: 300px) 100vw, 300px\" \/><\/a>\n\t\t\t<\/div>\n\t\t\t\t<figcaption class='wp-caption-text gallery-caption' id='gallery-1-1550'>\n\t\t\t\tFigura 2 &#8211; Apis florea &#8211; imagens Wilkmedia Commons.\n\t\t\t\t<\/figcaption><\/figure>\n\t\t<\/div>\n\n","protected":false},"excerpt":{"rendered":"<p>MEL GERAL APOIDEA Paulo Nogueira-Neto Ao amigos Entre os m\u00e9is que costumo tomar est\u00e1 o chamado MEL FLOREA. Isso da origem a um erro grande, pois a abelha Apis florea [&hellip;]<\/p>\n","protected":false},"author":1,"featured_media":0,"parent":1484,"menu_order":0,"comment_status":"open","ping_status":"open","template":"","meta":{"pmpro_default_level":"","_price":"","_stock":"","_tribe_ticket_header":"","_tribe_default_ticket_provider":"","_tribe_ticket_capacity":"0","_ticket_start_date":"","_ticket_end_date":"","_tribe_ticket_show_description":"","_tribe_ticket_show_not_going":false,"_tribe_ticket_use_global_stock":"","_tribe_ticket_global_stock_level":"","_global_stock_mode":"","_global_stock_cap":"","_tribe_rsvp_for_event":"","_tribe_ticket_going_count":"","_tribe_ticket_not_going_count":"","_tribe_tickets_list":"[]","_tribe_ticket_has_attendee_info_fields":false,"cybocfi_hide_featured_image":"","footnotes":""},"class_list":["post-1548","page","type-page","status-publish","hentry","pmpro-has-access"],"_links":{"self":[{"href":"https:\/\/apacame.org.br\/site\/wp-json\/wp\/v2\/pages\/1548"}],"collection":[{"href":"https:\/\/apacame.org.br\/site\/wp-json\/wp\/v2\/pages"}],"about":[{"href":"https:\/\/apacame.org.br\/site\/wp-json\/wp\/v2\/types\/page"}],"author":[{"embeddable":true,"href":"https:\/\/apacame.org.br\/site\/wp-json\/wp\/v2\/users\/1"}],"replies":[{"embeddable":true,"href":"https:\/\/apacame.org.br\/site\/wp-json\/wp\/v2\/comments?post=1548"}],"version-history":[{"count":1,"href":"https:\/\/apacame.org.br\/site\/wp-json\/wp\/v2\/pages\/1548\/revisions"}],"predecessor-version":[{"id":1551,"href":"https:\/\/apacame.org.br\/site\/wp-json\/wp\/v2\/pages\/1548\/revisions\/1551"}],"up":[{"embeddable":true,"href":"https:\/\/apacame.org.br\/site\/wp-json\/wp\/v2\/pages\/1484"}],"wp:attachment":[{"href":"https:\/\/apacame.org.br\/site\/wp-json\/wp\/v2\/media?parent=1548"}],"curies":[{"name":"wp","href":"https:\/\/api.w.org\/{rel}","templated":true}]}}