{"id":1540,"date":"2016-10-03T18:39:24","date_gmt":"2016-10-03T18:39:24","guid":{"rendered":"http:\/\/apacame.org.br\/site\/?page_id=1540"},"modified":"2016-10-03T18:39:24","modified_gmt":"2016-10-03T18:39:24","slug":"artigo","status":"publish","type":"page","link":"https:\/\/apacame.org.br\/site\/revista\/mensagem-doce-n-138-setembro-de-2016\/artigo\/","title":{"rendered":"Artigo"},"content":{"rendered":"<h1 style=\"text-align: center;\">O que esta acontecendo em nossa apicultura?<\/h1>\n<blockquote><p>Radam\u00e9s Zovaro &#8211; Empres\u00e1rio ap\u00edcola e Diretor T\u00e9cnico da APACAME<\/p><\/blockquote>\n<p><span style=\"font-size: large;\">Ao longo dos \u00faltimos 3 anos, temos notado uma queda de produ\u00e7\u00e3o dos produtos das abelhas no Brasil e em especial no Estado de S\u00e3o Paulo. Na verdade v\u00e1rios s\u00e3o os fatores que tem provocado essa queda na produ\u00e7\u00e3o.<\/span><\/p>\n<p><span style=\"font-size: large;\">O primeiro fator sem duvida foram os problemas clim\u00e1ticos, tivemos um longo per\u00edodo de seca, consequentemente as floradas n\u00e3o foram uniformes; diminu\u00eddo e n\u00e3o abrindo no per\u00edodo normal, estas floradas fora de \u00e9poca, causaram queda na produ\u00e7\u00e3o de mel.<\/span><\/p>\n<p><span style=\"font-size: large;\">Um segundo fator \u00e9 a mortandade de abelhas que esta havendo em determinadas flora\u00e7\u00f5es provocadas por problemas de aplica\u00e7\u00e3o de agrot\u00f3xicos. Infelizmente pelo que sabemos \u00e9 um problema grave e que infelizmente o setor ainda n\u00e3o conseguiu resolver.<\/span><\/p>\n<p><span style=\"font-size: large;\">Alguns produtos t\u00f3xicos usados na agricultura brasileira e infelizmente aplicados com anu\u00eancia dos \u00f3rg\u00e3os fiscalizadores, s\u00e3o proibidos em alguns pa\u00edses europeus e americanos, cabe aos \u00f3rg\u00e3os fiscalizadores do Governo fazer essa fiscaliza\u00e7\u00e3o.<\/span><\/p>\n<p><span style=\"font-size: large;\">Esse problema \u00e9 um conjunto de fatores que provoca a mortandade das abelhas. Vamos tentar explicar de forma simples e objetiva, sem entrar em detalhes, os itens principais para que os leitores tenham maior consci\u00eancia do problema.<\/span><\/p>\n<p><span style=\"font-size: large;\">1 \u2013As empresas fabricantes colocam os produtos no mercado, cada um tem a sua composi\u00e7\u00e3o e marca, uns mais perigosos outros com menos agressividade.<\/span><\/p>\n<p><span style=\"font-size: large;\">2 &#8211; O consumidor, normalmente o fazendeiro, compra o produto indicado pelo agr\u00f4nomo ou por escolha pr\u00f3pria e contrata uma empresa para fazer a aplica\u00e7\u00e3o do produto ou dos produtos escolhidos. <\/span><\/p>\n<p><span style=\"font-size: large;\">3 \u2013 \u00c9 natural que de acordo com o tamanho da \u00e1rea(s) a forma da aplica\u00e7\u00e3o \u00e9 atrav\u00e9s de aeronaves devidamente preparadas para atender as necessidades do servi\u00e7o.<\/span><\/p>\n<p><span style=\"font-size: large;\">4 \u2013 Essa aeronave vai ser comandada por um piloto que ira sobrevoar a \u00e1rea definida, soltando ou aplicando o(s) produto(s) devidamente escolhidos. <\/span><\/p>\n<p><span style=\"font-size: large;\">Exatamente na pulveriza\u00e7\u00e3o, existe uma s\u00e9rie de fatores que pode afetar o meio ambiente e consequentemente as abelhas. Vamos citar alguns desses fatores:<\/span><\/p>\n<p><span style=\"font-size: large;\">a \u2013 Quantidade de produtos a ser aplicada, existem casos que s\u00e3o usados mais de 8 (oito) produtos;<\/span><\/p>\n<p><span style=\"font-size: large;\">b \u2013A abertura da (s) torneira (s), bicos injetores que dar\u00e1 vas\u00e3o ao produto, dependendo do di\u00e2metro poder\u00e1 ter efeitos diferentes;<\/span><\/p>\n<p><span style=\"font-size: large;\">c \u2013 Altura do v\u00f4o que \u00e9 liberado o produto<\/span><\/p>\n<p><span style=\"font-size: large;\">d \u2013 Velocidade do vento; <\/span><\/p>\n<p><span style=\"font-size: large;\">e \u2013 Dist\u00e2ncia do api\u00e1rio do local aonde esta sendo feita a pulveriza\u00e7\u00e3o.<\/span><\/p>\n<p><span style=\"font-size: large;\">Pois bem, feitas essas observa\u00e7\u00f5es vamos comentar os problemas que podem acontecer:<\/span><\/p>\n<p><span style=\"font-size: large;\">Observe que esses 5 (cinco) itens podem provocar problemas graves.<\/span><\/p>\n<p><span style=\"font-size: large;\">Por exemplo: dependendo da altura do v\u00f4o, da abertura das torneiras (bicos injetores) ou da velocidade do vento a aplica\u00e7\u00e3o poder\u00e1 atingir \u00e1reas fora da \u00e1rea plantada, prejudicando regi\u00f5es que n\u00e3o tem nada a ver com a planta\u00e7\u00e3o objeto da pulveriza\u00e7\u00e3o.<\/span><\/p>\n<p><span style=\"font-size: large;\">O api\u00e1rio deve estar instalado com seguran\u00e7a a uma \u00e1rea distante da planta\u00e7\u00e3o de no m\u00ednimo 150 a 200 metros;<\/span><\/p>\n<p><span style=\"font-size: large;\">\u00c9 importante que o apicultor quando colocar abelhas pr\u00f3ximo de \u00e1reas que recebem pulveriza\u00e7\u00e3o, tenha informa\u00e7\u00f5es de quando ser\u00e1 feita essas aplica\u00e7\u00f5es e que tome as providencias necess\u00e1ria para que o veneno n\u00e3o prejudique as abelhas, e venha a ter um preju\u00edzo indesej\u00e1vel. E ainda, al\u00e9m da mortandade, principalmente agress\u00e3o ao meio ambiente.<\/span><\/p>\n","protected":false},"excerpt":{"rendered":"<p>O que esta acontecendo em nossa apicultura? Radam\u00e9s Zovaro &#8211; Empres\u00e1rio ap\u00edcola e Diretor T\u00e9cnico da APACAME Ao longo dos \u00faltimos 3 anos, temos notado uma queda de produ\u00e7\u00e3o dos [&hellip;]<\/p>\n","protected":false},"author":1,"featured_media":0,"parent":1484,"menu_order":0,"comment_status":"open","ping_status":"open","template":"","meta":{"pmpro_default_level":"","_price":"","_stock":"","_tribe_ticket_header":"","_tribe_default_ticket_provider":"","_tribe_ticket_capacity":"0","_ticket_start_date":"","_ticket_end_date":"","_tribe_ticket_show_description":"","_tribe_ticket_show_not_going":false,"_tribe_ticket_use_global_stock":"","_tribe_ticket_global_stock_level":"","_global_stock_mode":"","_global_stock_cap":"","_tribe_rsvp_for_event":"","_tribe_ticket_going_count":"","_tribe_ticket_not_going_count":"","_tribe_tickets_list":"[]","_tribe_ticket_has_attendee_info_fields":false,"cybocfi_hide_featured_image":"","footnotes":""},"class_list":["post-1540","page","type-page","status-publish","hentry","pmpro-has-access"],"_links":{"self":[{"href":"https:\/\/apacame.org.br\/site\/wp-json\/wp\/v2\/pages\/1540"}],"collection":[{"href":"https:\/\/apacame.org.br\/site\/wp-json\/wp\/v2\/pages"}],"about":[{"href":"https:\/\/apacame.org.br\/site\/wp-json\/wp\/v2\/types\/page"}],"author":[{"embeddable":true,"href":"https:\/\/apacame.org.br\/site\/wp-json\/wp\/v2\/users\/1"}],"replies":[{"embeddable":true,"href":"https:\/\/apacame.org.br\/site\/wp-json\/wp\/v2\/comments?post=1540"}],"version-history":[{"count":2,"href":"https:\/\/apacame.org.br\/site\/wp-json\/wp\/v2\/pages\/1540\/revisions"}],"predecessor-version":[{"id":1542,"href":"https:\/\/apacame.org.br\/site\/wp-json\/wp\/v2\/pages\/1540\/revisions\/1542"}],"up":[{"embeddable":true,"href":"https:\/\/apacame.org.br\/site\/wp-json\/wp\/v2\/pages\/1484"}],"wp:attachment":[{"href":"https:\/\/apacame.org.br\/site\/wp-json\/wp\/v2\/media?parent=1540"}],"curies":[{"name":"wp","href":"https:\/\/api.w.org\/{rel}","templated":true}]}}