{"id":1490,"date":"2016-09-30T18:17:33","date_gmt":"2016-09-30T18:17:33","guid":{"rendered":"http:\/\/apacame.org.br\/site\/?page_id=1490"},"modified":"2016-09-30T18:17:33","modified_gmt":"2016-09-30T18:17:33","slug":"editorial","status":"publish","type":"page","link":"https:\/\/apacame.org.br\/site\/revista\/mensagem-doce-n-138-setembro-de-2016\/editorial\/","title":{"rendered":"Editorial"},"content":{"rendered":"<h1 style=\"text-align: center;\">CENTEN\u00c1RIO AP\u00cdCOLA<\/h1>\n<p><span style=\"font-size: large;\">Nesta edi\u00e7\u00e3o estamos homenageando a Fam\u00edlia Zovaro pelo transcurso dos 100 anos de atividade na Apicultura.<\/span><\/p>\n<p><span style=\"font-size: large;\">Inegavelmente \u00e9 um momento hist\u00f3rico para a Apicultura Brasileira saber que existe uma Fam\u00edlia que vem se dedicando \u00e0 apicultura por um s\u00e9culo.<\/span><\/p>\n<p><span style=\"font-size: large;\">No decorrer do texto elaborado pelo nosso Diretor T\u00e9cnico e Empres\u00e1rio Ap\u00edcola Radam\u00e9s Zovaro que representa a terceira gera\u00e7\u00e3o neste processo, podemos apreciar, como num filme, os diversos momentos da apicultura brasileira, num relato hist\u00f3rico que a revista Mensagem Doce n\u00e3o poderia deixar passar em branco.<\/span><\/p>\n<p><span style=\"font-size: large;\">O intuito da mat\u00e9ria \u00e9 preservar a mem\u00f3ria do que ocorreu neste per\u00edodo com a atividade ap\u00edcola e incentivar que novas pessoas trilhem os caminhos da apicultura e da meliponicultura explorando o grande potencial de produ\u00e7\u00e3o que o Brasil possui.<\/span><\/p>\n<p><span style=\"font-size: large;\">A APACAME sente-se honrada em ter no seu quadro diretivo o nosso companheiro Radam\u00e9s Zovaro que traz consigo um cabedal de conhecimento ap\u00edcola que poucas pessoas possuem.<\/span><\/p>\n<p><span style=\"font-size: large;\">Parab\u00e9ns pelo Centen\u00e1rio Ap\u00edcola da Fam\u00edlia Zovaro, Antonio Zovaro \/ Luiz Zovaro (In Memoriam) e Radam\u00e9s Zovaro.<\/span><\/p>\n<p><span style=\"font-size: large;\"><strong><em>Constantino Zara Filho \u2013 Presidente Executivo<\/em><\/strong><\/span><\/p>\n","protected":false},"excerpt":{"rendered":"<p>CENTEN\u00c1RIO AP\u00cdCOLA Nesta edi\u00e7\u00e3o estamos homenageando a Fam\u00edlia Zovaro pelo transcurso dos 100 anos de atividade na Apicultura. Inegavelmente \u00e9 um momento hist\u00f3rico para a Apicultura Brasileira saber que existe [&hellip;]<\/p>\n","protected":false},"author":1,"featured_media":0,"parent":1484,"menu_order":0,"comment_status":"open","ping_status":"open","template":"","meta":{"pmpro_default_level":"","_price":"","_stock":"","_tribe_ticket_header":"","_tribe_default_ticket_provider":"","_tribe_ticket_capacity":"0","_ticket_start_date":"","_ticket_end_date":"","_tribe_ticket_show_description":"","_tribe_ticket_show_not_going":false,"_tribe_ticket_use_global_stock":"","_tribe_ticket_global_stock_level":"","_global_stock_mode":"","_global_stock_cap":"","_tribe_rsvp_for_event":"","_tribe_ticket_going_count":"","_tribe_ticket_not_going_count":"","_tribe_tickets_list":"[]","_tribe_ticket_has_attendee_info_fields":false,"cybocfi_hide_featured_image":"","footnotes":""},"class_list":["post-1490","page","type-page","status-publish","hentry","pmpro-has-access"],"_links":{"self":[{"href":"https:\/\/apacame.org.br\/site\/wp-json\/wp\/v2\/pages\/1490"}],"collection":[{"href":"https:\/\/apacame.org.br\/site\/wp-json\/wp\/v2\/pages"}],"about":[{"href":"https:\/\/apacame.org.br\/site\/wp-json\/wp\/v2\/types\/page"}],"author":[{"embeddable":true,"href":"https:\/\/apacame.org.br\/site\/wp-json\/wp\/v2\/users\/1"}],"replies":[{"embeddable":true,"href":"https:\/\/apacame.org.br\/site\/wp-json\/wp\/v2\/comments?post=1490"}],"version-history":[{"count":1,"href":"https:\/\/apacame.org.br\/site\/wp-json\/wp\/v2\/pages\/1490\/revisions"}],"predecessor-version":[{"id":1491,"href":"https:\/\/apacame.org.br\/site\/wp-json\/wp\/v2\/pages\/1490\/revisions\/1491"}],"up":[{"embeddable":true,"href":"https:\/\/apacame.org.br\/site\/wp-json\/wp\/v2\/pages\/1484"}],"wp:attachment":[{"href":"https:\/\/apacame.org.br\/site\/wp-json\/wp\/v2\/media?parent=1490"}],"curies":[{"name":"wp","href":"https:\/\/api.w.org\/{rel}","templated":true}]}}