{"id":1484,"date":"2016-09-30T17:54:37","date_gmt":"2016-09-30T17:54:37","guid":{"rendered":"http:\/\/apacame.org.br\/site\/?page_id=1484"},"modified":"2023-08-13T01:37:41","modified_gmt":"2023-08-13T01:37:41","slug":"mensagem-doce-n-138-setembro-de-2016","status":"publish","type":"page","link":"https:\/\/apacame.org.br\/site\/revista\/mensagem-doce-n-138-setembro-de-2016\/","title":{"rendered":"Mensagem Doce  n\u00b0 138 Setembro de 2016"},"content":{"rendered":"\n<p class=\"has-text-align-center\"><p>Capa: Disco de crias em pleno desenvolvimento<br>imagem da mat\u00e9ria: A gororoba<br>alimenta\u00e7\u00e3o suplementar para abelhas sem<br>ferr\u00e3o.<\/p><\/p>\n","protected":false},"excerpt":{"rendered":"<p>Capa: Disco de crias em pleno desenvolvimentoimagem da mat\u00e9ria: A gororobaalimenta\u00e7\u00e3o suplementar para abelhas semferr\u00e3o.<\/p>\n","protected":false},"author":1,"featured_media":1602,"parent":587,"menu_order":0,"comment_status":"open","ping_status":"open","template":"","meta":{"pmpro_default_level":"","_price":"","_stock":"","_tribe_ticket_header":"","_tribe_default_ticket_provider":"","_tribe_ticket_capacity":"0","_ticket_start_date":"","_ticket_end_date":"","_tribe_ticket_show_description":"","_tribe_ticket_show_not_going":false,"_tribe_ticket_use_global_stock":"","_tribe_ticket_global_stock_level":"","_global_stock_mode":"","_global_stock_cap":"","_tribe_rsvp_for_event":"","_tribe_ticket_going_count":"","_tribe_ticket_not_going_count":"","_tribe_tickets_list":"[]","_tribe_ticket_has_attendee_info_fields":false,"cybocfi_hide_featured_image":"","footnotes":""},"class_list":["post-1484","page","type-page","status-publish","has-post-thumbnail","hentry","pmpro-has-access"],"_links":{"self":[{"href":"https:\/\/apacame.org.br\/site\/wp-json\/wp\/v2\/pages\/1484"}],"collection":[{"href":"https:\/\/apacame.org.br\/site\/wp-json\/wp\/v2\/pages"}],"about":[{"href":"https:\/\/apacame.org.br\/site\/wp-json\/wp\/v2\/types\/page"}],"author":[{"embeddable":true,"href":"https:\/\/apacame.org.br\/site\/wp-json\/wp\/v2\/users\/1"}],"replies":[{"embeddable":true,"href":"https:\/\/apacame.org.br\/site\/wp-json\/wp\/v2\/comments?post=1484"}],"version-history":[{"count":8,"href":"https:\/\/apacame.org.br\/site\/wp-json\/wp\/v2\/pages\/1484\/revisions"}],"predecessor-version":[{"id":6074,"href":"https:\/\/apacame.org.br\/site\/wp-json\/wp\/v2\/pages\/1484\/revisions\/6074"}],"up":[{"embeddable":true,"href":"https:\/\/apacame.org.br\/site\/wp-json\/wp\/v2\/pages\/587"}],"wp:featuredmedia":[{"embeddable":true,"href":"https:\/\/apacame.org.br\/site\/wp-json\/wp\/v2\/media\/1602"}],"wp:attachment":[{"href":"https:\/\/apacame.org.br\/site\/wp-json\/wp\/v2\/media?parent=1484"}],"curies":[{"name":"wp","href":"https:\/\/api.w.org\/{rel}","templated":true}]}}