{"id":146,"date":"2015-08-21T21:56:13","date_gmt":"2015-08-21T21:56:13","guid":{"rendered":"http:\/\/apacame.org.br\/site\/?page_id=146"},"modified":"2024-01-18T16:48:06","modified_gmt":"2024-01-18T16:48:06","slug":"o-que-e-apicultura","status":"publish","type":"page","link":"https:\/\/apacame.org.br\/site\/abelhas\/o-que-e-apicultura\/","title":{"rendered":"O que \u00e9 Apicultura"},"content":{"rendered":"\t\t<div data-elementor-type=\"wp-page\" data-elementor-id=\"146\" class=\"elementor elementor-146\">\n\t\t\t\t\t\t<section class=\"elementor-section elementor-top-section elementor-element elementor-element-1c94998b elementor-section-height-min-height elementor-section-content-middle elementor-section-boxed elementor-section-height-default elementor-section-items-middle\" data-id=\"1c94998b\" data-element_type=\"section\" data-e-type=\"section\" data-settings=\"{&quot;background_background&quot;:&quot;classic&quot;}\">\n\t\t\t\t\t\t<div class=\"elementor-container elementor-column-gap-no\">\n\t\t\t\t\t<div class=\"elementor-column elementor-col-100 elementor-top-column elementor-element elementor-element-ce67440\" data-id=\"ce67440\" data-element_type=\"column\" data-e-type=\"column\">\n\t\t\t<div class=\"elementor-widget-wrap elementor-element-populated\">\n\t\t\t\t\t\t<div class=\"elementor-element elementor-element-4225b773 elementor-widget elementor-widget-heading\" data-id=\"4225b773\" data-element_type=\"widget\" data-e-type=\"widget\" data-widget_type=\"heading.default\">\n\t\t\t\t<div class=\"elementor-widget-container\">\n\t\t\t\t\t<h1 class=\"elementor-heading-title elementor-size-default\">O que \u00e9 Apicultura<\/h1>\t\t\t\t<\/div>\n\t\t\t\t<\/div>\n\t\t\t\t\t<\/div>\n\t\t<\/div>\n\t\t\t\t\t<\/div>\n\t\t<\/section>\n\t\t\t\t<section class=\"elementor-section elementor-top-section elementor-element elementor-element-54af66b7 elementor-section-boxed elementor-section-height-default elementor-section-height-default\" data-id=\"54af66b7\" data-element_type=\"section\" data-e-type=\"section\" data-settings=\"{&quot;background_background&quot;:&quot;classic&quot;}\">\n\t\t\t\t\t\t<div class=\"elementor-container elementor-column-gap-default\">\n\t\t\t\t\t<div class=\"elementor-column elementor-col-100 elementor-top-column elementor-element elementor-element-5e166ff3\" data-id=\"5e166ff3\" data-element_type=\"column\" data-e-type=\"column\">\n\t\t\t<div class=\"elementor-widget-wrap elementor-element-populated\">\n\t\t\t\t\t\t<div class=\"elementor-element elementor-element-1baa0983 elementor-widget elementor-widget-text-editor\" data-id=\"1baa0983\" data-element_type=\"widget\" data-e-type=\"widget\" data-widget_type=\"text-editor.default\">\n\t\t\t\t<div class=\"elementor-widget-container\">\n\t\t\t\t\t\t\t\t\t<p>A apicultura \u00e9 uma atividade muito antiga, mergulhando suas origens na pr\u00e9-hist\u00f3ria. S\u00e3o famosos os desenhos descobertos em cavernas da Espanha, mostrando o homem primitivo colhendo o mel de um enxame, com o aux\u00edlio de uma escada de cordas presa ao topo de um barranco. Antigos registros do Egito, Mesopot\u00e2mia e Gr\u00e9cia descrevem fatos sobre a cria\u00e7\u00e3o de abelhas. A B\u00edblia faz in\u00fameras referencias ao mel e enxame de abelhas. Portanto, o homem e as abelhas j\u00e1 se conhecem h\u00e1 muitos s\u00e9culos.<\/p><p>\u00a0<\/p><p>A explora\u00e7\u00e3o dessa atividade sempre foi feita de maneira muito rudimentar, anti-economica, obtendo-se o mel e a cera em pequenas quantidades, pouco se interessando pela vida no interior do enxame. Os enxames eram quase totalmente destru\u00eddos no momento da colheita do mel, tendo que se refazer a cada ano.<\/p><p>\u00a0<\/p><p>Por\u00e9m, com o conhecimento adquirido atrav\u00e9s dos tempos, hoje o conv\u00edvio com a abelha \u00e9 diferente.<\/p>\t\t\t\t\t\t\t\t<\/div>\n\t\t\t\t<\/div>\n\t\t\t\t\t<\/div>\n\t\t<\/div>\n\t\t\t\t\t<\/div>\n\t\t<\/section>\n\t\t\t\t<section class=\"elementor-section elementor-top-section elementor-element elementor-element-6028af7a elementor-section-boxed elementor-section-height-default elementor-section-height-default\" data-id=\"6028af7a\" data-element_type=\"section\" data-e-type=\"section\">\n\t\t\t\t\t\t<div class=\"elementor-container elementor-column-gap-no\">\n\t\t\t\t\t<div class=\"elementor-column elementor-col-50 elementor-top-column elementor-element elementor-element-75c06c30\" data-id=\"75c06c30\" data-element_type=\"column\" data-e-type=\"column\">\n\t\t\t<div class=\"elementor-widget-wrap elementor-element-populated\">\n\t\t\t\t\t\t<div class=\"elementor-element elementor-element-49d2e5b2 elementor-widget elementor-widget-image\" data-id=\"49d2e5b2\" data-element_type=\"widget\" data-e-type=\"widget\" data-widget_type=\"image.default\">\n\t\t\t\t<div class=\"elementor-widget-container\">\n\t\t\t\t\t\t\t\t\t\t\t\t\t\t\t<img fetchpriority=\"high\" decoding=\"async\" width=\"731\" height=\"450\" src=\"https:\/\/apacame.org.br\/site\/wp-content\/uploads\/2023\/08\/apacame-importancia-abelhas.jpg\" class=\"attachment-full size-full wp-image-5908\" alt=\"\" srcset=\"https:\/\/apacame.org.br\/site\/wp-content\/uploads\/2023\/08\/apacame-importancia-abelhas.jpg 731w, https:\/\/apacame.org.br\/site\/wp-content\/uploads\/2023\/08\/apacame-importancia-abelhas-300x185.jpg 300w, https:\/\/apacame.org.br\/site\/wp-content\/uploads\/2023\/08\/apacame-importancia-abelhas-415x255.jpg 415w, https:\/\/apacame.org.br\/site\/wp-content\/uploads\/2023\/08\/apacame-importancia-abelhas-500x308.jpg 500w\" sizes=\"(max-width: 731px) 100vw, 731px\" \/>\t\t\t\t\t\t\t\t\t\t\t\t\t\t\t<\/div>\n\t\t\t\t<\/div>\n\t\t\t\t\t<\/div>\n\t\t<\/div>\n\t\t\t\t<div class=\"elementor-column elementor-col-50 elementor-top-column elementor-element elementor-element-c4a95cf\" data-id=\"c4a95cf\" data-element_type=\"column\" data-e-type=\"column\">\n\t\t\t<div class=\"elementor-widget-wrap elementor-element-populated\">\n\t\t\t\t\t\t<section class=\"elementor-section elementor-inner-section elementor-element elementor-element-e38f652 elementor-section-full_width box-right elementor-section-height-default elementor-section-height-default\" data-id=\"e38f652\" data-element_type=\"section\" data-e-type=\"section\" data-settings=\"{&quot;background_background&quot;:&quot;classic&quot;}\">\n\t\t\t\t\t\t<div class=\"elementor-container elementor-column-gap-no\">\n\t\t\t\t\t<div class=\"elementor-column elementor-col-100 elementor-inner-column elementor-element elementor-element-4b94042\" data-id=\"4b94042\" data-element_type=\"column\" data-e-type=\"column\">\n\t\t\t<div class=\"elementor-widget-wrap elementor-element-populated\">\n\t\t\t\t\t\t<div class=\"elementor-element elementor-element-55f50ab1 elementor-widget elementor-widget-heading\" data-id=\"55f50ab1\" data-element_type=\"widget\" data-e-type=\"widget\" data-widget_type=\"heading.default\">\n\t\t\t\t<div class=\"elementor-widget-container\">\n\t\t\t\t\t<div class=\"elementor-heading-title elementor-size-default\">Api\u00e1rio<\/div>\t\t\t\t<\/div>\n\t\t\t\t<\/div>\n\t\t\t\t<div class=\"elementor-element elementor-element-5373b4db elementor-widget elementor-widget-text-editor\" data-id=\"5373b4db\" data-element_type=\"widget\" data-e-type=\"widget\" data-widget_type=\"text-editor.default\">\n\t\t\t\t<div class=\"elementor-widget-container\">\n\t\t\t\t\t\t\t\t\t<p>O api\u00e1rio \u00e9 um conjunto racional de colm\u00e9ias, devidamente instalado em local preferivelmente seco, batido pelo sol, de f\u00e1cil acesso, suficientemente distante de pessoas e animais, provocando o confinamento das abelhas.<\/p><p>Colm\u00e9ia \u00e9 o nome dado ao local em que as abelhas habitam.<\/p><p>\u00a0<\/p><p>O api\u00e1rio sofrer\u00e1 durante toda a sua existencia, a interferencia de fatores do meio ambiente no qual esta instalado, tais como: temperatura, umidade, chuvas, flora\u00e7\u00f5es, ventos, p\u00e1ssaros predadores, insetos inimigos e concorrentes.<\/p><p>O meio ambiente no qual esta instalado o api\u00e1rio, onde vivem e trabalham as abelhas, ser\u00e1 em grande parte, respons\u00e1vel pelo progresso ou n\u00e3o conforme sejam as condi\u00e7\u00f5es favor\u00e1veis.<\/p><p>Portanto, caber\u00e1 ao apicultor, o emprego da apicultura racional, ou seja, o correto manejo das abelhas, para obter resultados positivos no desenvolvimento do api\u00e1rio.<\/p>\t\t\t\t\t\t\t\t<\/div>\n\t\t\t\t<\/div>\n\t\t\t\t\t<\/div>\n\t\t<\/div>\n\t\t\t\t\t<\/div>\n\t\t<\/section>\n\t\t\t\t\t<\/div>\n\t\t<\/div>\n\t\t\t\t\t<\/div>\n\t\t<\/section>\n\t\t\t\t<section class=\"elementor-section elementor-top-section elementor-element elementor-element-39ff59b4 elementor-reverse-mobile elementor-reverse-tablet elementor-section-boxed elementor-section-height-default elementor-section-height-default\" data-id=\"39ff59b4\" data-element_type=\"section\" data-e-type=\"section\">\n\t\t\t\t\t\t<div class=\"elementor-container elementor-column-gap-no\">\n\t\t\t\t\t<div class=\"elementor-column elementor-col-50 elementor-top-column elementor-element elementor-element-3f6d1829\" data-id=\"3f6d1829\" data-element_type=\"column\" data-e-type=\"column\">\n\t\t\t<div class=\"elementor-widget-wrap elementor-element-populated\">\n\t\t\t\t\t\t<section class=\"elementor-section elementor-inner-section elementor-element elementor-element-3eaa5871 elementor-section-full_width box-left elementor-section-height-default elementor-section-height-default\" data-id=\"3eaa5871\" data-element_type=\"section\" data-e-type=\"section\" data-settings=\"{&quot;background_background&quot;:&quot;classic&quot;}\">\n\t\t\t\t\t\t<div class=\"elementor-container elementor-column-gap-no\">\n\t\t\t\t\t<div class=\"elementor-column elementor-col-100 elementor-inner-column elementor-element elementor-element-719ada2c\" data-id=\"719ada2c\" data-element_type=\"column\" data-e-type=\"column\">\n\t\t\t<div class=\"elementor-widget-wrap elementor-element-populated\">\n\t\t\t\t\t\t<div class=\"elementor-element elementor-element-7b26fb76 elementor-widget elementor-widget-heading\" data-id=\"7b26fb76\" data-element_type=\"widget\" data-e-type=\"widget\" data-widget_type=\"heading.default\">\n\t\t\t\t<div class=\"elementor-widget-container\">\n\t\t\t\t\t<div class=\"elementor-heading-title elementor-size-default\">Apicultura<\/div>\t\t\t\t<\/div>\n\t\t\t\t<\/div>\n\t\t\t\t<div class=\"elementor-element elementor-element-b3d98c5 elementor-widget elementor-widget-text-editor\" data-id=\"b3d98c5\" data-element_type=\"widget\" data-e-type=\"widget\" data-widget_type=\"text-editor.default\">\n\t\t\t\t<div class=\"elementor-widget-container\">\n\t\t\t\t\t\t\t\t\t<p>Apicultura \u00e9 a cria\u00e7\u00e3o de abelhas em confinamento sob controle do homem, alojadas em colm\u00e9ias artificiais, utilizando m\u00e9todos e equipamento criados para melhor explorar as capacidades naturais deste inseto.<\/p><p>\u00a0<\/p><p>Seja por simples passatempo ou por amor \u00e0 natureza, seja por curiosidade ou por necessidade de estudos, seja por interesse econ\u00f4mico, o certo \u00e9 que mais e mais pessoas se sentem atra\u00eddas pela cria\u00e7\u00e3o de abelhas nos dias atuais, tornando-se portanto, apicultores.<\/p>\t\t\t\t\t\t\t\t<\/div>\n\t\t\t\t<\/div>\n\t\t\t\t\t<\/div>\n\t\t<\/div>\n\t\t\t\t\t<\/div>\n\t\t<\/section>\n\t\t\t\t\t<\/div>\n\t\t<\/div>\n\t\t\t\t<div class=\"elementor-column elementor-col-50 elementor-top-column elementor-element elementor-element-67458619\" data-id=\"67458619\" data-element_type=\"column\" data-e-type=\"column\">\n\t\t\t<div class=\"elementor-widget-wrap elementor-element-populated\">\n\t\t\t\t\t\t<div class=\"elementor-element elementor-element-6e9b60f elementor-widget elementor-widget-image\" data-id=\"6e9b60f\" data-element_type=\"widget\" data-e-type=\"widget\" data-widget_type=\"image.default\">\n\t\t\t\t<div class=\"elementor-widget-container\">\n\t\t\t\t\t\t\t\t\t\t\t\t\t\t\t<img decoding=\"async\" width=\"876\" height=\"596\" src=\"https:\/\/apacame.org.br\/site\/wp-content\/uploads\/2023\/08\/apacame-voe-cursos-eventos.jpg\" class=\"attachment-full size-full wp-image-5921\" alt=\"\" srcset=\"https:\/\/apacame.org.br\/site\/wp-content\/uploads\/2023\/08\/apacame-voe-cursos-eventos.jpg 876w, https:\/\/apacame.org.br\/site\/wp-content\/uploads\/2023\/08\/apacame-voe-cursos-eventos-300x204.jpg 300w, https:\/\/apacame.org.br\/site\/wp-content\/uploads\/2023\/08\/apacame-voe-cursos-eventos-768x523.jpg 768w, https:\/\/apacame.org.br\/site\/wp-content\/uploads\/2023\/08\/apacame-voe-cursos-eventos-838x570.jpg 838w, https:\/\/apacame.org.br\/site\/wp-content\/uploads\/2023\/08\/apacame-voe-cursos-eventos-415x282.jpg 415w, https:\/\/apacame.org.br\/site\/wp-content\/uploads\/2023\/08\/apacame-voe-cursos-eventos-500x340.jpg 500w\" sizes=\"(max-width: 876px) 100vw, 876px\" \/>\t\t\t\t\t\t\t\t\t\t\t\t\t\t\t<\/div>\n\t\t\t\t<\/div>\n\t\t\t\t\t<\/div>\n\t\t<\/div>\n\t\t\t\t\t<\/div>\n\t\t<\/section>\n\t\t\t\t<\/div>\n\t\t","protected":false},"excerpt":{"rendered":"<p>O que \u00e9 Apicultura A apicultura \u00e9 uma atividade muito antiga, mergulhando suas origens na pr\u00e9-hist\u00f3ria. S\u00e3o famosos os desenhos descobertos em cavernas da Espanha, mostrando o homem primitivo colhendo [&hellip;]<\/p>\n","protected":false},"author":1,"featured_media":0,"parent":93,"menu_order":0,"comment_status":"open","ping_status":"open","template":"","meta":{"pmpro_default_level":"","_price":"","_stock":"","_tribe_ticket_header":"","_tribe_default_ticket_provider":"","_tribe_ticket_capacity":"0","_ticket_start_date":"","_ticket_end_date":"","_tribe_ticket_show_description":"","_tribe_ticket_show_not_going":false,"_tribe_ticket_use_global_stock":"","_tribe_ticket_global_stock_level":"","_global_stock_mode":"","_global_stock_cap":"","_tribe_rsvp_for_event":"","_tribe_ticket_going_count":"","_tribe_ticket_not_going_count":"","_tribe_tickets_list":"[]","_tribe_ticket_has_attendee_info_fields":false,"cybocfi_hide_featured_image":"","footnotes":""},"class_list":["post-146","page","type-page","status-publish","hentry","pmpro-has-access"],"_links":{"self":[{"href":"https:\/\/apacame.org.br\/site\/wp-json\/wp\/v2\/pages\/146"}],"collection":[{"href":"https:\/\/apacame.org.br\/site\/wp-json\/wp\/v2\/pages"}],"about":[{"href":"https:\/\/apacame.org.br\/site\/wp-json\/wp\/v2\/types\/page"}],"author":[{"embeddable":true,"href":"https:\/\/apacame.org.br\/site\/wp-json\/wp\/v2\/users\/1"}],"replies":[{"embeddable":true,"href":"https:\/\/apacame.org.br\/site\/wp-json\/wp\/v2\/comments?post=146"}],"version-history":[{"count":8,"href":"https:\/\/apacame.org.br\/site\/wp-json\/wp\/v2\/pages\/146\/revisions"}],"predecessor-version":[{"id":6282,"href":"https:\/\/apacame.org.br\/site\/wp-json\/wp\/v2\/pages\/146\/revisions\/6282"}],"up":[{"embeddable":true,"href":"https:\/\/apacame.org.br\/site\/wp-json\/wp\/v2\/pages\/93"}],"wp:attachment":[{"href":"https:\/\/apacame.org.br\/site\/wp-json\/wp\/v2\/media?parent=146"}],"curies":[{"name":"wp","href":"https:\/\/api.w.org\/{rel}","templated":true}]}}