{"id":1453,"date":"2016-08-19T23:43:15","date_gmt":"2016-08-19T23:43:15","guid":{"rendered":"http:\/\/apacame.org.br\/site\/?page_id=1453"},"modified":"2016-08-19T23:54:35","modified_gmt":"2016-08-19T23:54:35","slug":"comunicado","status":"publish","type":"page","link":"https:\/\/apacame.org.br\/site\/revista\/mensagem-doce-n-137-julho-de-2016\/comunicado\/","title":{"rendered":"Comunicado"},"content":{"rendered":"<h1 style=\"text-align: center;\">MAPEAMENTO DAS PROPRIEDADES COM CRIA\u00c7\u00c3O DE ABELHAS NO ESTADO DE SP.<\/h1>\n<p><span style=\"font-size: large;\">Prezado Apicultor e Meliponicultor, <\/span><\/p>\n<p><span style=\"font-size: large;\"><a href=\"https:\/\/apacame.org.br\/site\/wp-content\/uploads\/2016\/08\/logodefesa-e1471650335867.jpg\"><img decoding=\"async\" class=\"alignleft wp-image-1461 size-full\" src=\"https:\/\/apacame.org.br\/site\/wp-content\/uploads\/2016\/08\/logodefesa-e1471650335867.jpg\" alt=\"logodefesa\" width=\"250\" height=\"65\" \/><\/a>Contamos com voc\u00eas para efetuar o mapeamento das propriedades com cria\u00e7\u00e3o de abelhas no estado de SP. <\/span><\/p>\n<p><span style=\"font-size: large;\">A Coordenadoria de Defesa Agropecu\u00e1ria \u00e9 um \u00f3rg\u00e3o da Secretaria de Agricultura do Estado de S\u00e3o Paulo que tem como objetivo promover a sanidade dos animais e a qualidade dos produtos de origem animal.<\/span><\/p>\n<p><span style=\"font-size: large;\">Para podermos auxiliar o produtor, identificar poss\u00edveis doen\u00e7as e orientar sobre os cuidados necess\u00e1rios para resolver problemas \u00e9 preciso que saibamos aonde encontr\u00e1-los.<\/span><\/p>\n<p><span style=\"font-size: large;\">Esse cadastro permitir\u00e1 que voc\u00eas adquiram ou transportem rainhas e colmeias, com a emiss\u00e3o Guia de Tr\u00e2nsito Animal (GTA) em acordo com o Decreto 45.781 de 27 de abril de 2001.<\/span><\/p>\n<p><span style=\"font-size: large;\">Preencham a ficha de cadastro (modelo no final da mat\u00e9ria) e encaminhem para o email: pesapicola@cda.sp.gov.br a ficha preenchida e a c\u00f3pia do RG, CPF, e comprovante de endere\u00e7o, ou entregue no Escrit\u00f3rio de Defesa Agropecu\u00e1ria mais pr\u00f3ximo. Endere\u00e7os dispon\u00edveis em <a href=\"http:\/\/www.defesa.agricultura.sp.gov.br\/\" target=\"_blank\" rel=\"noopener\">http:\/\/www.defesa.agricultura.sp.gov.br\/<\/a> &#8211; item localidades. <\/span><\/p>\n<p><span style=\"font-size: large;\">Contamos com voc\u00eas para garantir a sa\u00fade das abelhas do estado de SP<\/span><\/p>\n<div id='gallery-1' class='gallery galleryid-1453 gallery-columns-1 gallery-size-large'><figure class='gallery-item'>\n\t\t\t<div class='gallery-icon landscape'>\n\t\t\t\t<a href=\"https:\/\/apacame.org.br\/site\/wp-content\/uploads\/2016\/08\/Tabela-mapa-de-propriedades.jpg\"><img fetchpriority=\"high\" decoding=\"async\" width=\"1024\" height=\"609\" src=\"https:\/\/apacame.org.br\/site\/wp-content\/uploads\/2016\/08\/Tabela-mapa-de-propriedades-1024x609.jpg\" class=\"attachment-large size-large\" alt=\"\" srcset=\"https:\/\/apacame.org.br\/site\/wp-content\/uploads\/2016\/08\/Tabela-mapa-de-propriedades-1024x609.jpg 1024w, https:\/\/apacame.org.br\/site\/wp-content\/uploads\/2016\/08\/Tabela-mapa-de-propriedades-300x179.jpg 300w, https:\/\/apacame.org.br\/site\/wp-content\/uploads\/2016\/08\/Tabela-mapa-de-propriedades-150x89.jpg 150w, https:\/\/apacame.org.br\/site\/wp-content\/uploads\/2016\/08\/Tabela-mapa-de-propriedades-500x298.jpg 500w, https:\/\/apacame.org.br\/site\/wp-content\/uploads\/2016\/08\/Tabela-mapa-de-propriedades.jpg 1166w\" sizes=\"(max-width: 1024px) 100vw, 1024px\" \/><\/a>\n\t\t\t<\/div><\/figure><figure class='gallery-item'>\n\t\t\t<div class='gallery-icon portrait'>\n\t\t\t\t<a href=\"https:\/\/apacame.org.br\/site\/wp-content\/uploads\/2016\/08\/Modelo-requerimento-2-e1471650812596.jpg\"><img decoding=\"async\" width=\"703\" height=\"1024\" src=\"https:\/\/apacame.org.br\/site\/wp-content\/uploads\/2016\/08\/Modelo-requerimento-2-703x1024.jpg\" class=\"attachment-large size-large\" alt=\"\" aria-describedby=\"gallery-1-1457\" srcset=\"https:\/\/apacame.org.br\/site\/wp-content\/uploads\/2016\/08\/Modelo-requerimento-2-703x1024.jpg 703w, https:\/\/apacame.org.br\/site\/wp-content\/uploads\/2016\/08\/Modelo-requerimento-2-206x300.jpg 206w, https:\/\/apacame.org.br\/site\/wp-content\/uploads\/2016\/08\/Modelo-requerimento-2-150x219.jpg 150w, https:\/\/apacame.org.br\/site\/wp-content\/uploads\/2016\/08\/Modelo-requerimento-2-343x500.jpg 343w, https:\/\/apacame.org.br\/site\/wp-content\/uploads\/2016\/08\/Modelo-requerimento-2-e1471650812596.jpg 900w\" sizes=\"(max-width: 703px) 100vw, 703px\" \/><\/a>\n\t\t\t<\/div>\n\t\t\t\t<figcaption class='wp-caption-text gallery-caption' id='gallery-1-1457'>\n\t\t\t\tModelos de formul\u00e1rios\n\t\t\t\t<\/figcaption><\/figure><figure class='gallery-item'>\n\t\t\t<div class='gallery-icon portrait'>\n\t\t\t\t<a href=\"https:\/\/apacame.org.br\/site\/wp-content\/uploads\/2016\/08\/Modelo-Cadastro-e1471650774968.jpg\"><img loading=\"lazy\" decoding=\"async\" width=\"873\" height=\"1024\" src=\"https:\/\/apacame.org.br\/site\/wp-content\/uploads\/2016\/08\/Modelo-Cadastro-873x1024.jpg\" class=\"attachment-large size-large\" alt=\"\" aria-describedby=\"gallery-1-1456\" srcset=\"https:\/\/apacame.org.br\/site\/wp-content\/uploads\/2016\/08\/Modelo-Cadastro-873x1024.jpg 873w, https:\/\/apacame.org.br\/site\/wp-content\/uploads\/2016\/08\/Modelo-Cadastro-256x300.jpg 256w, https:\/\/apacame.org.br\/site\/wp-content\/uploads\/2016\/08\/Modelo-Cadastro-150x176.jpg 150w, https:\/\/apacame.org.br\/site\/wp-content\/uploads\/2016\/08\/Modelo-Cadastro-426x500.jpg 426w, https:\/\/apacame.org.br\/site\/wp-content\/uploads\/2016\/08\/Modelo-Cadastro-e1471650774968.jpg 900w\" sizes=\"(max-width: 873px) 100vw, 873px\" \/><\/a>\n\t\t\t<\/div>\n\t\t\t\t<figcaption class='wp-caption-text gallery-caption' id='gallery-1-1456'>\n\t\t\t\tModelos de formul\u00e1rios\n\t\t\t\t<\/figcaption><\/figure>\n\t\t<\/div>\n\n","protected":false},"excerpt":{"rendered":"<p>MAPEAMENTO DAS PROPRIEDADES COM CRIA\u00c7\u00c3O DE ABELHAS NO ESTADO DE SP. Prezado Apicultor e Meliponicultor, Contamos com voc\u00eas para efetuar o mapeamento das propriedades com cria\u00e7\u00e3o de abelhas no estado [&hellip;]<\/p>\n","protected":false},"author":1,"featured_media":0,"parent":1363,"menu_order":0,"comment_status":"open","ping_status":"open","template":"","meta":{"pmpro_default_level":"","_price":"","_stock":"","_tribe_ticket_header":"","_tribe_default_ticket_provider":"","_tribe_ticket_capacity":"0","_ticket_start_date":"","_ticket_end_date":"","_tribe_ticket_show_description":"","_tribe_ticket_show_not_going":false,"_tribe_ticket_use_global_stock":"","_tribe_ticket_global_stock_level":"","_global_stock_mode":"","_global_stock_cap":"","_tribe_rsvp_for_event":"","_tribe_ticket_going_count":"","_tribe_ticket_not_going_count":"","_tribe_tickets_list":"[]","_tribe_ticket_has_attendee_info_fields":false,"cybocfi_hide_featured_image":"","footnotes":""},"class_list":["post-1453","page","type-page","status-publish","hentry","pmpro-has-access"],"_links":{"self":[{"href":"https:\/\/apacame.org.br\/site\/wp-json\/wp\/v2\/pages\/1453"}],"collection":[{"href":"https:\/\/apacame.org.br\/site\/wp-json\/wp\/v2\/pages"}],"about":[{"href":"https:\/\/apacame.org.br\/site\/wp-json\/wp\/v2\/types\/page"}],"author":[{"embeddable":true,"href":"https:\/\/apacame.org.br\/site\/wp-json\/wp\/v2\/users\/1"}],"replies":[{"embeddable":true,"href":"https:\/\/apacame.org.br\/site\/wp-json\/wp\/v2\/comments?post=1453"}],"version-history":[{"count":5,"href":"https:\/\/apacame.org.br\/site\/wp-json\/wp\/v2\/pages\/1453\/revisions"}],"predecessor-version":[{"id":1460,"href":"https:\/\/apacame.org.br\/site\/wp-json\/wp\/v2\/pages\/1453\/revisions\/1460"}],"up":[{"embeddable":true,"href":"https:\/\/apacame.org.br\/site\/wp-json\/wp\/v2\/pages\/1363"}],"wp:attachment":[{"href":"https:\/\/apacame.org.br\/site\/wp-json\/wp\/v2\/media?parent=1453"}],"curies":[{"name":"wp","href":"https:\/\/api.w.org\/{rel}","templated":true}]}}