{"id":1443,"date":"2016-08-19T23:28:39","date_gmt":"2016-08-19T23:28:39","guid":{"rendered":"http:\/\/apacame.org.br\/site\/?page_id=1443"},"modified":"2016-08-19T23:30:41","modified_gmt":"2016-08-19T23:30:41","slug":"artigo-2","status":"publish","type":"page","link":"https:\/\/apacame.org.br\/site\/revista\/mensagem-doce-n-137-julho-de-2016\/artigo-2\/","title":{"rendered":"Artigo"},"content":{"rendered":"<h1 style=\"text-align: center;\">APICULTOR, O SENTINELA DO MEIO AMBIENTE \u2013 \u201cSEM ABELHA, SEM ALIMENTO\u201d<\/h1>\n<blockquote><p>Texto em Homenagem ao Dia 22 de Maio \u2013 Dia Nacional do Apicultor<br \/>\nPor Prof. Dr. Lionel Segui Gon\u00e7alves e Profa. Dra. Katia Peres Gramacho, UFERSA.<\/p><\/blockquote>\n<p><a href=\"https:\/\/apacame.org.br\/site\/wp-content\/uploads\/2016\/08\/Apicultor_01.jpg\"><img decoding=\"async\" class=\"alignright size-thumbnail wp-image-1444\" src=\"https:\/\/apacame.org.br\/site\/wp-content\/uploads\/2016\/08\/Apicultor_01-150x150.jpg\" alt=\"Apicultor_01\" width=\"150\" height=\"150\" srcset=\"https:\/\/apacame.org.br\/site\/wp-content\/uploads\/2016\/08\/Apicultor_01-150x150.jpg 150w, https:\/\/apacame.org.br\/site\/wp-content\/uploads\/2016\/08\/Apicultor_01-100x100.jpg 100w\" sizes=\"(max-width: 150px) 100vw, 150px\" \/><\/a><span style=\"font-size: large;\">Uma das profiss\u00f5es mais polivalentes do mundo \u00e9 a do apicultor, sen\u00e3o, vejamos: numa assembleia de apicultores certamente encontraremos, independentemente do sexo, professores, religiosos, militares, engenheiros, veterin\u00e1rios, bi\u00f3logos, m\u00e9dicos, dentistas, fil\u00f3sofos, estudantes, comerciantes, industriais, artistas, economistas, cientistas, ne\u00f3fitos, etc. \u2013 a lista estende-se -, al\u00e9m dos puramente apicultores e meliponicultores.<\/span><\/p>\n<p><span style=\"font-size: large;\">Todos certamente seduzidos pelas belezas da natureza e apaixonados pelo meio ambiente, da\u00ed a raz\u00e3o de serem apicultores e meliponicultores: todos arrebatados de admira\u00e7\u00e3o e amor pelas abelhas.<\/span><\/p>\n<p><span style=\"font-size: large;\">Quanto aos interesses e objetivos de cada um, podemos dizer que s\u00e3o t\u00e3o diversos quanto surpreendentes. Para al\u00e9m do encantamento de criar abelhas, vivenciado por todos, h\u00e1 aqueles que promovem e vivem do com\u00e9rcio dos extraordin\u00e1rios produtos das abelhas (mel, cera, geleia real, pr\u00f3polis, veneno, rainhas, enxames), h\u00e1 tamb\u00e9m quem as estuda e publica conhecimentos sobre sua biologia, comportamento, etc., h\u00e1 ainda quem se dedica a usar as colmeias como material did\u00e1tico \u00edmpar na sensibiliza\u00e7\u00e3o e aproxima\u00e7\u00e3o do ser humano de sua pr\u00f3pria natureza, mobilizando as pessoas para o bem comum, observando as abelhas como modelo ou exemplo de organiza\u00e7\u00e3o social bem sucedida; e entre muitos outros amantes e criadores das abelhas, h\u00e1 aqueles que simplesmente se dedicam ao cuidado das abelhas como um passatempo, forma de relaxamento, desestresse ou possibilidade de reconex\u00e3o com a m\u00e3e natureza.<\/span><\/p>\n<figure id=\"attachment_1445\" aria-describedby=\"caption-attachment-1445\" style=\"width: 232px\" class=\"wp-caption alignleft\"><a href=\"https:\/\/apacame.org.br\/site\/wp-content\/uploads\/2016\/08\/Apicultor_02.jpg\"><img fetchpriority=\"high\" decoding=\"async\" class=\"size-medium wp-image-1445\" src=\"https:\/\/apacame.org.br\/site\/wp-content\/uploads\/2016\/08\/Apicultor_02-232x300.jpg\" alt=\"Pr\u00eamio Nobel de Medicina e Fisiologia 1973 Karl von Frisch.\" width=\"232\" height=\"300\" srcset=\"https:\/\/apacame.org.br\/site\/wp-content\/uploads\/2016\/08\/Apicultor_02-232x300.jpg 232w, https:\/\/apacame.org.br\/site\/wp-content\/uploads\/2016\/08\/Apicultor_02-150x194.jpg 150w, https:\/\/apacame.org.br\/site\/wp-content\/uploads\/2016\/08\/Apicultor_02-387x500.jpg 387w, https:\/\/apacame.org.br\/site\/wp-content\/uploads\/2016\/08\/Apicultor_02.jpg 561w\" sizes=\"(max-width: 232px) 100vw, 232px\" \/><\/a><figcaption id=\"caption-attachment-1445\" class=\"wp-caption-text\">Pr\u00eamio Nobel de Medicina e Fisiologia 1973<br \/>Karl von Frisch.<\/figcaption><\/figure>\n<p><span style=\"font-size: large;\">A observa\u00e7\u00e3o e descri\u00e7\u00e3o do comportamento das abelhas j\u00e1 conferiu o maior e mais importante pr\u00eamio almejado por um cientista, o Pr\u00eamio Nobel. Referimo-nos ao Pr\u00eamio Nobel de Medicina e Fisiologia atribu\u00eddo em 1973 ao cientista austr\u00edaco Karl von Frisch, por 50 anos de estudos dedicados a desvendar a linguagem das abelhas, ou seja, \u00e0 dan\u00e7a das abelhas como forma de comunica\u00e7\u00e3o.<\/span><\/p>\n<p><span style=\"font-size: large;\">O amor ou dedica\u00e7\u00e3o dos homens \u00e0s abelhas \u00e9 milenar. H\u00e1 refer\u00eancias na literatura e nas artes, bem como em documenta\u00e7\u00e3o hist\u00f3rica, artefatos e at\u00e9 joias, expostos em importantes museus do mundo, que comprovam a rela\u00e7\u00e3o harmoniosa entre homens e abelhas desde as mais antigas civiliza\u00e7\u00f5es. Estudos de hier\u00f3glifos da civiliza\u00e7\u00e3o eg\u00edpcias e tamb\u00e9m de elementos da civiliza\u00e7\u00e3o grega cl\u00e1ssica, entre 500 e 300 AEC, comprovam o reconhecimento das abelhas como um s\u00edmbolo de bem-estar, sa\u00fade e riqueza. A arquitetura europeia tamb\u00e9m \u00e9 reveladora do uso de colmeias na cumeeira da porta de entrada de resid\u00eancias e edif\u00edcios p\u00fablicos, como demonstra\u00e7\u00e3o da admira\u00e7\u00e3o do homem pela sociedade das abelhas.<\/span><\/p>\n<figure id=\"attachment_1447\" aria-describedby=\"caption-attachment-1447\" style=\"width: 300px\" class=\"wp-caption alignright\"><a href=\"https:\/\/apacame.org.br\/site\/wp-content\/uploads\/2016\/08\/poliniza\u00e7\u00e3o-manual-2.jpg\"><img decoding=\"async\" class=\"size-medium wp-image-1447\" src=\"https:\/\/apacame.org.br\/site\/wp-content\/uploads\/2016\/08\/poliniza\u00e7\u00e3o-manual-2-300x211.jpg\" alt=\"Hanyuan, China, 25\/03\/16: O agricultor chin\u00eas He Guolin, 53, sobe em \u00e1rvores de pera para polinizar as flores (Photo Kevin Frayer\/Getty Images).\" width=\"300\" height=\"211\" srcset=\"https:\/\/apacame.org.br\/site\/wp-content\/uploads\/2016\/08\/poliniza\u00e7\u00e3o-manual-2-300x211.jpg 300w, https:\/\/apacame.org.br\/site\/wp-content\/uploads\/2016\/08\/poliniza\u00e7\u00e3o-manual-2-150x106.jpg 150w, https:\/\/apacame.org.br\/site\/wp-content\/uploads\/2016\/08\/poliniza\u00e7\u00e3o-manual-2-500x352.jpg 500w, https:\/\/apacame.org.br\/site\/wp-content\/uploads\/2016\/08\/poliniza\u00e7\u00e3o-manual-2.jpg 561w\" sizes=\"(max-width: 300px) 100vw, 300px\" \/><\/a><figcaption id=\"caption-attachment-1447\" class=\"wp-caption-text\">Hanyuan, China, 25\/03\/16: O agricultor chin\u00eas He Guolin, 53, sobe em \u00e1rvores de pera para<br \/>polinizar as flores (Photo Kevin Frayer\/Getty Images).<\/figcaption><\/figure>\n<p><span style=\"font-size: large;\">Exemplos mais recentes na Hist\u00f3ria tamb\u00e9m podem ser flagrados; grandes l\u00edderes da humanidade tamb\u00e9m elegeram as abelhas como s\u00edmbolo. Ostentavam-nas em suas bandeiras e escudos como modelo de organiza\u00e7\u00e3o social, para demonstrar publicamente a seus seguidores seus princ\u00edpios e filosofias de vida. Como exemplo, podemos lembrar o l\u00edder religioso, Papa Urbano VIII, que no ano 1623, ao se tornar Papa, escolheu para seu bras\u00e3o as abelhas. Pode-se ainda hoje apreciar no Vaticano, ao adentrar a nave principal da Bas\u00edlica de S\u00e3o Pedro, as esculturas de abelhas que adornam a base das quatro colunas e as bandeirolas pendentes no altar principal, utilizado apenas para os servi\u00e7os religiosos dos papas. J\u00e1 no s\u00e9culo XIX, Napole\u00e3o Bonaparte, l\u00edder pol\u00edtico e militar franc\u00eas, mandou que inclu\u00edssem abelhas em seu bras\u00e3o militar, e ao se coroar imperador da Fran\u00e7a, em 1804, vestia um manto imperial bordado com abelhas, entre muitos outros exemplos da import\u00e2ncia dada pelos homens \u00e0s abelhas.<\/span><\/p>\n<figure id=\"attachment_1448\" aria-describedby=\"caption-attachment-1448\" style=\"width: 300px\" class=\"wp-caption alignleft\"><a href=\"https:\/\/apacame.org.br\/site\/wp-content\/uploads\/2016\/08\/poliniza\u00e7\u00e3o-manual-3.jpg\"><img loading=\"lazy\" decoding=\"async\" class=\"size-medium wp-image-1448\" src=\"https:\/\/apacame.org.br\/site\/wp-content\/uploads\/2016\/08\/poliniza\u00e7\u00e3o-manual-3-300x198.jpg\" alt=\"Hanyuan, China\\(Photo by Kevin Frayer\/ Getty Images)\" width=\"300\" height=\"198\" srcset=\"https:\/\/apacame.org.br\/site\/wp-content\/uploads\/2016\/08\/poliniza\u00e7\u00e3o-manual-3-300x198.jpg 300w, https:\/\/apacame.org.br\/site\/wp-content\/uploads\/2016\/08\/poliniza\u00e7\u00e3o-manual-3-150x99.jpg 150w, https:\/\/apacame.org.br\/site\/wp-content\/uploads\/2016\/08\/poliniza\u00e7\u00e3o-manual-3-500x330.jpg 500w, https:\/\/apacame.org.br\/site\/wp-content\/uploads\/2016\/08\/poliniza\u00e7\u00e3o-manual-3.jpg 561w\" sizes=\"(max-width: 300px) 100vw, 300px\" \/><\/a><figcaption id=\"caption-attachment-1448\" class=\"wp-caption-text\">Hanyuan, China\\(Photo by Kevin Frayer\/<br \/>Getty Images)<\/figcaption><\/figure>\n<p><span style=\"font-size: large;\">N\u00e3o existe ser vivo com atua\u00e7\u00e3o mais importante na preserva\u00e7\u00e3o da biodiversidade. In\u00fameras esp\u00e9cies vegetais e, consequentemente, de animais, dependem do servi\u00e7o de poliniza\u00e7\u00e3o realizado pelas abelhas. Essa sua fun\u00e7\u00e3o, garantidora da reprodu\u00e7\u00e3o vegetal, torna as abelhas as principais respons\u00e1veis pela exist\u00eancia de plantas com flores e frutos (Angiospermas) em \u00e1reas verdes, matas e florestas de nosso planeta. Sua presen\u00e7a \u00e9, portanto, decisiva para que essas \u00e1reas continuem proporcionando alimento e boa parte do oxig\u00eanio que respiramos.<\/span><\/p>\n<p><span style=\"font-size: large;\">Assim, para al\u00e9m do saboroso mel, que nos ado\u00e7a a vida, e demais produtos ap\u00edcolas, como a cera, a geleia real, a pr\u00f3polis, etc., \u2013 todos extremamente importantes para o homem -, cumpre explicitarmos que 70% das culturas agr\u00edcolass dependem do servi\u00e7o de poliniza\u00e7\u00e3o, e as abelhas s\u00e3o os principais representantes, entre os insetos que realizam essa tarefa na natureza. Lamentavelmente, por\u00e9m, a despeito de todas as benesses graciosamente oferecidas ao homem, as industriosas abelhas est\u00e3o desaparecendo da face da terra.<\/span><\/p>\n<figure id=\"attachment_1449\" aria-describedby=\"caption-attachment-1449\" style=\"width: 300px\" class=\"wp-caption alignright\"><a href=\"https:\/\/apacame.org.br\/site\/wp-content\/uploads\/2016\/08\/poliniza\u00e7\u00e3o-manual-4.jpg\"><img loading=\"lazy\" decoding=\"async\" class=\"size-medium wp-image-1449\" src=\"https:\/\/apacame.org.br\/site\/wp-content\/uploads\/2016\/08\/poliniza\u00e7\u00e3o-manual-4-300x206.jpg\" alt=\"Hanyuan, China \u2013 A agricultora He Meixia, 26, poliniza uma \u00e1rvore de peras. (Foto de Kevin Frayer\/Getty Images).\" width=\"300\" height=\"206\" srcset=\"https:\/\/apacame.org.br\/site\/wp-content\/uploads\/2016\/08\/poliniza\u00e7\u00e3o-manual-4-300x206.jpg 300w, https:\/\/apacame.org.br\/site\/wp-content\/uploads\/2016\/08\/poliniza\u00e7\u00e3o-manual-4-150x103.jpg 150w, https:\/\/apacame.org.br\/site\/wp-content\/uploads\/2016\/08\/poliniza\u00e7\u00e3o-manual-4-500x343.jpg 500w, https:\/\/apacame.org.br\/site\/wp-content\/uploads\/2016\/08\/poliniza\u00e7\u00e3o-manual-4.jpg 561w\" sizes=\"(max-width: 300px) 100vw, 300px\" \/><\/a><figcaption id=\"caption-attachment-1449\" class=\"wp-caption-text\">Hanyuan, China \u2013 A agricultora He Meixia, 26, poliniza uma \u00e1rvore de peras. (Foto de Kevin<br \/>Frayer\/Getty Images).<\/figcaption><\/figure>\n<p><span style=\"font-size: large;\">As causas do desaparecimento de abelhas e de outros polinizadores no planeta s\u00e3o v\u00e1rias. H\u00e1 que se considerar diversos fatores e at\u00e9 mesmo a possibilidade de uma a\u00e7\u00e3o conjunta, cabendo citar o desmatamento, o uso inadequado do solo com monoculturas, as varia\u00e7\u00f5es clim\u00e1ticas e o uso de pesticidas entre os principais fatores respons\u00e1veis pelo decl\u00ednio de polinizadores. No que concerne especificamente \u00e0s abelhas no Brasil, seu desaparecimento pode ser atribu\u00eddo, sobretudo, ao largo e alarmante uso de agrot\u00f3xicos. O Brasil, al\u00e9m de ostentar a m\u00e1 reputa\u00e7\u00e3o como campe\u00e3o mundial no uso de agrot\u00f3xicos nas lavouras, o faz com o uso indiscriminado de pesticidas sist\u00eamicos, altamente t\u00f3xicos \u00e0s abelhas. Os neonicotinoides est\u00e3o entre os principais causadores da morte massiva de abelhas.<\/span><\/p>\n<p><span style=\"font-size: large;\">As not\u00edcias de redu\u00e7\u00e3o das popula\u00e7\u00f5es de insetos polinizadores e suas poss\u00edveis consequ\u00eancias t\u00eam sido amplamente divulgadas na m\u00eddia nacional e internacional. Sabe-se hoje que o decl\u00ednio dos polinizadores coloca em risco a produ\u00e7\u00e3o mundial de alimentos, ou seja, a seguran\u00e7a alimentar dos seres humanos. A gravidade do tema, recentemente discutido e rediscutido na Europa e nos Estados Unidos, motivou, em 2015, o Presidente Barak Obama a determinar uma for\u00e7a-tarefa especial de seu governo em prol da preserva\u00e7\u00e3o das abelhas. E dada a relev\u00e2ncia da quest\u00e3o, a ONU incluiu o tema do decl\u00ednio dos polinizadores em reuni\u00e3o na Mal\u00e1sia, em fevereiro \u00faltimo, o que resultou em importantes recomenda\u00e7\u00f5es a todos os pa\u00edses-membros sobre os cuidados especiais em defesa e prote\u00e7\u00e3o dos polinizadores.<\/span><\/p>\n<p><span style=\"font-size: large;\">N\u00e3o obstante a essas recentes iniciativas, a falta de polinizadores j\u00e1 \u00e9 uma realidade de nossos dias, fato que pode ser comprovado por reportagem de Casey Williams, divulgada em 21\/5\/2016, no Huffington Post da Austr\u00e1lia, sobre uma comunidade na China, em Hanyuan, Prov\u00edncia de Sichuan, cuja popula\u00e7\u00e3o rural, ap\u00f3s ter sua popula\u00e7\u00e3o de abelhas dizimada pelo efeito letal do uso indiscriminado de pesticidas ao longo de muitos anos, j\u00e1 vem realizando a poliniza\u00e7\u00e3o de \u00e1rvores frut\u00edferas com as pr\u00f3prias m\u00e3os. A cena de agricultores chineses, pendurados em \u00e1rvores, realizando o papel das abelhas na poliniza\u00e7\u00e3o de flores de peras, preocupa-nos sobremaneira: Seriam os seres humanos capazes mesmo de polinizar todas as flores de todas as \u00e1rvores e de todos os campos agr\u00edcolas, valendo-se t\u00e3o somente do esfor\u00e7o individual e pinceis?<\/span><\/p>\n<p><span style=\"font-size: large;\">A exist\u00eancia de \u201chomens-abelha\u201d na China \u00e9 um sinal sens\u00edvel dos tempos, e a not\u00edcia que vem da China deve servir de alerta para todo o mundo, pois espelha a realidade futura a ser enfrentada por todos os pa\u00edses com voca\u00e7\u00e3o agr\u00edcola. E n\u00e3o h\u00e1 tempo para desalento, \u00e9 preciso reagir prontamente ao aviso.<\/span><\/p>\n<p><span style=\"font-size: large;\">Aos cerca de 300 mil apicultores e meliponicultores no Brasil, que fazem de nosso pa\u00eds uma das grandes pot\u00eancias ap\u00edcolas mundiais, caber\u00e1 a miss\u00e3o de se unirem pelas abelhas! No papel de amantes, cuidadores e defensores das abelhas, cumpre-lhes n\u00e3o apenas a tarefa de proteger as abelhas, mas tamb\u00e9m a de compartilhar a consci\u00eancia que j\u00e1 t\u00eam sobre a import\u00e2ncia destes insetos para o homem e o meio ambiente. Reavivam-se nesse momento as palavras do Sr. Gilles Ratia, ex-Presidente da Apimondia: s\u00e3o eles, os apicultores, verdadeiramente, os nossos grandes Sentinelas do Meio Ambiente.<\/span><\/p>\n","protected":false},"excerpt":{"rendered":"<p>APICULTOR, O SENTINELA DO MEIO AMBIENTE \u2013 \u201cSEM ABELHA, SEM ALIMENTO\u201d Texto em Homenagem ao Dia 22 de Maio \u2013 Dia Nacional do Apicultor Por Prof. Dr. Lionel Segui Gon\u00e7alves [&hellip;]<\/p>\n","protected":false},"author":1,"featured_media":0,"parent":1363,"menu_order":0,"comment_status":"open","ping_status":"open","template":"","meta":{"pmpro_default_level":"","_price":"","_stock":"","_tribe_ticket_header":"","_tribe_default_ticket_provider":"","_tribe_ticket_capacity":"0","_ticket_start_date":"","_ticket_end_date":"","_tribe_ticket_show_description":"","_tribe_ticket_show_not_going":false,"_tribe_ticket_use_global_stock":"","_tribe_ticket_global_stock_level":"","_global_stock_mode":"","_global_stock_cap":"","_tribe_rsvp_for_event":"","_tribe_ticket_going_count":"","_tribe_ticket_not_going_count":"","_tribe_tickets_list":"[]","_tribe_ticket_has_attendee_info_fields":false,"cybocfi_hide_featured_image":"","footnotes":""},"class_list":["post-1443","page","type-page","status-publish","hentry","pmpro-has-access"],"_links":{"self":[{"href":"https:\/\/apacame.org.br\/site\/wp-json\/wp\/v2\/pages\/1443"}],"collection":[{"href":"https:\/\/apacame.org.br\/site\/wp-json\/wp\/v2\/pages"}],"about":[{"href":"https:\/\/apacame.org.br\/site\/wp-json\/wp\/v2\/types\/page"}],"author":[{"embeddable":true,"href":"https:\/\/apacame.org.br\/site\/wp-json\/wp\/v2\/users\/1"}],"replies":[{"embeddable":true,"href":"https:\/\/apacame.org.br\/site\/wp-json\/wp\/v2\/comments?post=1443"}],"version-history":[{"count":3,"href":"https:\/\/apacame.org.br\/site\/wp-json\/wp\/v2\/pages\/1443\/revisions"}],"predecessor-version":[{"id":1451,"href":"https:\/\/apacame.org.br\/site\/wp-json\/wp\/v2\/pages\/1443\/revisions\/1451"}],"up":[{"embeddable":true,"href":"https:\/\/apacame.org.br\/site\/wp-json\/wp\/v2\/pages\/1363"}],"wp:attachment":[{"href":"https:\/\/apacame.org.br\/site\/wp-json\/wp\/v2\/media?parent=1443"}],"curies":[{"name":"wp","href":"https:\/\/api.w.org\/{rel}","templated":true}]}}