{"id":1418,"date":"2016-08-19T22:05:23","date_gmt":"2016-08-19T22:05:23","guid":{"rendered":"http:\/\/apacame.org.br\/site\/?page_id=1418"},"modified":"2016-08-19T22:05:23","modified_gmt":"2016-08-19T22:05:23","slug":"atividade-2","status":"publish","type":"page","link":"https:\/\/apacame.org.br\/site\/revista\/mensagem-doce-n-137-julho-de-2016\/atividade-2\/","title":{"rendered":"Atividade"},"content":{"rendered":"<h1 style=\"text-align: center;\">REUNI\u00c3O DOS APICULTORES E MELIPONICULTORES DA APACAME DE JULHO DE 2016,<\/h1>\n<p><span style=\"font-size: large;\">No dia 06 de julho de 2016 a APACAME sentiu-se honrada com a presen\u00e7a do Presidente da Confedera\u00e7\u00e3o Brasileira de Apicultura \u2013 CBA: JOS\u00c9 SOARES DE ARAG\u00c3O BRITO que, acompanhado da sua esposa Sra. Elma Brito visitou as depend\u00eancias da Entidade e participou da Reuni\u00e3o dos Apicultores e Meliponicultores onde proferiu um Palestra sobre o tema: \u201cOs Novos Rumos da Apicultura e Meliponicultura Brasileiro: Profissionalizar \u00e9 Preciso\u201d, com a qual tra\u00e7ou uma trajet\u00f3ria do que vem sendo feita pela atual gest\u00e3o da CBA face aos problemas que atingem a apicultura e a meliponicultura brasileira.<\/span><\/p>\n<p><span style=\"font-size: large;\">A palestra proferida com entusiasmo e emo\u00e7\u00e3o calou fundo em todos os participantes da reuni\u00e3o conclamando a todos para se unirem em prol da profissionaliza\u00e7\u00e3o da profiss\u00e3o de Apicultor.<\/span><\/p>\n<p><span style=\"font-size: large;\">Foi a primeia vez que o Presidente Arag\u00e3o visitou a APACAME e tenho a certeza de que ele levar\u00e1 uma lembran\u00e7a positiva de uma Associa\u00e7\u00e3o de Apicultores e Meliponocultores que vem se desenvolvendo com base no trabalhos dos volunt\u00e1rios que se dedicam ao seu desenvolvimento.<\/span><\/p>\n<p><span style=\"font-size: large;\">Foi uma reuni\u00e3o festiva que contou com a presen\u00e7a do Presidente da Federa\u00e7\u00e3o das Associa\u00e7\u00f5es de Apicultores e Meliponicultores do Estado de S\u00e3o Paulo, Sr. Alcindo Alves e da Profa. Dra. L\u00eddia Maria Ruv Carelli Barreto, da UNITAU e Presidente da Comiss\u00e3o Cient\u00edfica da CBA que abrilhantaram a reuni\u00e3o com a suas presen\u00e7as.<\/span><\/p>\n<div id='gallery-1' class='gallery galleryid-1418 gallery-columns-2 gallery-size-medium'><figure class='gallery-item'>\n\t\t\t<div class='gallery-icon landscape'>\n\t\t\t\t<a href='https:\/\/apacame.org.br\/site\/wp-content\/uploads\/2016\/08\/Reuni\u00e3o_01.jpg'><img fetchpriority=\"high\" decoding=\"async\" width=\"300\" height=\"225\" src=\"https:\/\/apacame.org.br\/site\/wp-content\/uploads\/2016\/08\/Reuni\u00e3o_01-300x225.jpg\" class=\"attachment-medium size-medium\" alt=\"\" aria-describedby=\"gallery-1-1419\" srcset=\"https:\/\/apacame.org.br\/site\/wp-content\/uploads\/2016\/08\/Reuni\u00e3o_01-300x225.jpg 300w, https:\/\/apacame.org.br\/site\/wp-content\/uploads\/2016\/08\/Reuni\u00e3o_01-150x112.jpg 150w, https:\/\/apacame.org.br\/site\/wp-content\/uploads\/2016\/08\/Reuni\u00e3o_01-500x375.jpg 500w, https:\/\/apacame.org.br\/site\/wp-content\/uploads\/2016\/08\/Reuni\u00e3o_01.jpg 559w\" sizes=\"(max-width: 300px) 100vw, 300px\" \/><\/a>\n\t\t\t<\/div>\n\t\t\t\t<figcaption class='wp-caption-text gallery-caption' id='gallery-1-1419'>\n\t\t\t\tNa abertura da reuni\u00e3o fizeram parte da mesa, da esquerda para a direita a Profa. Dra. L\u00eddia Maria Ruv Carelli Barreto, o Presidente da CBA Jos\u00e9 Soares de Arag\u00e3o Brito, Presidente da APACAME Constantino Zara Filho, Diretor T\u00e9cnico da APACAME Radam\u00e9s Zovaro e o Presidente da FAAMESP Alcindo Alves\n\t\t\t\t<\/figcaption><\/figure><figure class='gallery-item'>\n\t\t\t<div class='gallery-icon landscape'>\n\t\t\t\t<a href='https:\/\/apacame.org.br\/site\/wp-content\/uploads\/2016\/08\/Reuni\u00e3o_02.jpg'><img decoding=\"async\" width=\"300\" height=\"192\" src=\"https:\/\/apacame.org.br\/site\/wp-content\/uploads\/2016\/08\/Reuni\u00e3o_02-300x192.jpg\" class=\"attachment-medium size-medium\" alt=\"\" aria-describedby=\"gallery-1-1420\" srcset=\"https:\/\/apacame.org.br\/site\/wp-content\/uploads\/2016\/08\/Reuni\u00e3o_02-300x192.jpg 300w, https:\/\/apacame.org.br\/site\/wp-content\/uploads\/2016\/08\/Reuni\u00e3o_02-150x96.jpg 150w, https:\/\/apacame.org.br\/site\/wp-content\/uploads\/2016\/08\/Reuni\u00e3o_02-500x319.jpg 500w, https:\/\/apacame.org.br\/site\/wp-content\/uploads\/2016\/08\/Reuni\u00e3o_02.jpg 556w\" sizes=\"(max-width: 300px) 100vw, 300px\" \/><\/a>\n\t\t\t<\/div>\n\t\t\t\t<figcaption class='wp-caption-text gallery-caption' id='gallery-1-1420'>\n\t\t\t\tAproveitando a presen\u00e7a da Profa. Dra. Lidia Barreto solicitamos a ela que fizesse um relato sobre as atividades desenvolvidas no XXI Congresso Brasileiro de Apicultura e Meliponicultura realizado de 04 a 07 de maio de 2016, na cidade de Fortaleza &#8211; CE\n\t\t\t\t<\/figcaption><\/figure><figure class='gallery-item'>\n\t\t\t<div class='gallery-icon landscape'>\n\t\t\t\t<a href='https:\/\/apacame.org.br\/site\/wp-content\/uploads\/2016\/08\/Reuni\u00e3o_03.jpg'><img decoding=\"async\" width=\"300\" height=\"225\" src=\"https:\/\/apacame.org.br\/site\/wp-content\/uploads\/2016\/08\/Reuni\u00e3o_03-300x225.jpg\" class=\"attachment-medium size-medium\" alt=\"\" aria-describedby=\"gallery-1-1421\" srcset=\"https:\/\/apacame.org.br\/site\/wp-content\/uploads\/2016\/08\/Reuni\u00e3o_03-300x225.jpg 300w, https:\/\/apacame.org.br\/site\/wp-content\/uploads\/2016\/08\/Reuni\u00e3o_03-150x112.jpg 150w, https:\/\/apacame.org.br\/site\/wp-content\/uploads\/2016\/08\/Reuni\u00e3o_03-500x375.jpg 500w, https:\/\/apacame.org.br\/site\/wp-content\/uploads\/2016\/08\/Reuni\u00e3o_03.jpg 558w\" sizes=\"(max-width: 300px) 100vw, 300px\" \/><\/a>\n\t\t\t<\/div>\n\t\t\t\t<figcaption class='wp-caption-text gallery-caption' id='gallery-1-1421'>\n\t\t\t\tO Presidente da CBA Jos\u00e9 Arag\u00e3o proferiu a sua palestra com grande entusiasmo e emo\u00e7\u00e3o.\n\t\t\t\t<\/figcaption><\/figure><figure class='gallery-item'>\n\t\t\t<div class='gallery-icon landscape'>\n\t\t\t\t<a href='https:\/\/apacame.org.br\/site\/wp-content\/uploads\/2016\/08\/Reuni\u00e3o_04.jpg'><img loading=\"lazy\" decoding=\"async\" width=\"300\" height=\"225\" src=\"https:\/\/apacame.org.br\/site\/wp-content\/uploads\/2016\/08\/Reuni\u00e3o_04-300x225.jpg\" class=\"attachment-medium size-medium\" alt=\"\" aria-describedby=\"gallery-1-1422\" srcset=\"https:\/\/apacame.org.br\/site\/wp-content\/uploads\/2016\/08\/Reuni\u00e3o_04-300x225.jpg 300w, https:\/\/apacame.org.br\/site\/wp-content\/uploads\/2016\/08\/Reuni\u00e3o_04-150x112.jpg 150w, https:\/\/apacame.org.br\/site\/wp-content\/uploads\/2016\/08\/Reuni\u00e3o_04-500x375.jpg 500w, https:\/\/apacame.org.br\/site\/wp-content\/uploads\/2016\/08\/Reuni\u00e3o_04.jpg 558w\" sizes=\"(max-width: 300px) 100vw, 300px\" \/><\/a>\n\t\t\t<\/div>\n\t\t\t\t<figcaption class='wp-caption-text gallery-caption' id='gallery-1-1422'>\n\t\t\t\tA plateia presente sentiu-se motivada com as informa\u00e7\u00f5es recebidas do Presidente Arag\u00e3o.\n\t\t\t\t<\/figcaption><\/figure><figure class='gallery-item'>\n\t\t\t<div class='gallery-icon landscape'>\n\t\t\t\t<a href='https:\/\/apacame.org.br\/site\/wp-content\/uploads\/2016\/08\/Reuni\u00e3o_08.jpg'><img loading=\"lazy\" decoding=\"async\" width=\"300\" height=\"224\" src=\"https:\/\/apacame.org.br\/site\/wp-content\/uploads\/2016\/08\/Reuni\u00e3o_08-300x224.jpg\" class=\"attachment-medium size-medium\" alt=\"\" aria-describedby=\"gallery-1-1426\" srcset=\"https:\/\/apacame.org.br\/site\/wp-content\/uploads\/2016\/08\/Reuni\u00e3o_08-300x224.jpg 300w, https:\/\/apacame.org.br\/site\/wp-content\/uploads\/2016\/08\/Reuni\u00e3o_08-150x112.jpg 150w, https:\/\/apacame.org.br\/site\/wp-content\/uploads\/2016\/08\/Reuni\u00e3o_08-500x374.jpg 500w, https:\/\/apacame.org.br\/site\/wp-content\/uploads\/2016\/08\/Reuni\u00e3o_08.jpg 560w\" sizes=\"(max-width: 300px) 100vw, 300px\" \/><\/a>\n\t\t\t<\/div>\n\t\t\t\t<figcaption class='wp-caption-text gallery-caption' id='gallery-1-1426'>\n\t\t\t\tOutra presen\u00e7a que abrilhantou a nossa reuni\u00e3o foi a do Ator, Cantor e Comediante Moacir Franco que nos prestigiou com a sua presen\u00e7a e ao final irradiando a simpatia que todos conhecem a admiram disp\u00f4s-se em ser fotografado com a maioria das pessoas presentes numa demonstra\u00e7\u00e3o a admira\u00e7\u00e3o que todos t\u00eam por este Artista. A APACAME agradeceu a sua presen\u00e7a e se colocou a inteira disposi\u00e7\u00e3o dele para o que se fizer necess\u00e1rio.\n\t\t\t\t<\/figcaption><\/figure><figure class='gallery-item'>\n\t\t\t<div class='gallery-icon landscape'>\n\t\t\t\t<a href='https:\/\/apacame.org.br\/site\/wp-content\/uploads\/2016\/08\/Reuni\u00e3o_05.jpg'><img loading=\"lazy\" decoding=\"async\" width=\"300\" height=\"225\" src=\"https:\/\/apacame.org.br\/site\/wp-content\/uploads\/2016\/08\/Reuni\u00e3o_05-300x225.jpg\" class=\"attachment-medium size-medium\" alt=\"\" aria-describedby=\"gallery-1-1423\" srcset=\"https:\/\/apacame.org.br\/site\/wp-content\/uploads\/2016\/08\/Reuni\u00e3o_05-300x225.jpg 300w, https:\/\/apacame.org.br\/site\/wp-content\/uploads\/2016\/08\/Reuni\u00e3o_05-150x112.jpg 150w, https:\/\/apacame.org.br\/site\/wp-content\/uploads\/2016\/08\/Reuni\u00e3o_05-500x375.jpg 500w, https:\/\/apacame.org.br\/site\/wp-content\/uploads\/2016\/08\/Reuni\u00e3o_05.jpg 558w\" sizes=\"(max-width: 300px) 100vw, 300px\" \/><\/a>\n\t\t\t<\/div>\n\t\t\t\t<figcaption class='wp-caption-text gallery-caption' id='gallery-1-1423'>\n\t\t\t\tAo final da reuni\u00e3o o nosso Diretor T\u00e9cnico Radam\u00e9s Zovaro fez a entrega de um Diploma de reconhecimento pela brilhante palestra proferida pelo Presidente da Confedera\u00e7\u00e3o Brasileira de Apicultura \u2013 CBA Jos\u00e9 Soares de Arag\u00e3o Brito, o qual far\u00e1 parte do acervo dos seus trof\u00e9us e marcar\u00e1 a sua presen\u00e7a na APACAME em uma noite memor\u00e1vel.\n\t\t\t\t<\/figcaption><\/figure><figure class='gallery-item'>\n\t\t\t<div class='gallery-icon landscape'>\n\t\t\t\t<a href='https:\/\/apacame.org.br\/site\/wp-content\/uploads\/2016\/08\/Reuni\u00e3o_06.jpg'><img loading=\"lazy\" decoding=\"async\" width=\"300\" height=\"225\" src=\"https:\/\/apacame.org.br\/site\/wp-content\/uploads\/2016\/08\/Reuni\u00e3o_06-300x225.jpg\" class=\"attachment-medium size-medium\" alt=\"\" aria-describedby=\"gallery-1-1424\" srcset=\"https:\/\/apacame.org.br\/site\/wp-content\/uploads\/2016\/08\/Reuni\u00e3o_06-300x225.jpg 300w, https:\/\/apacame.org.br\/site\/wp-content\/uploads\/2016\/08\/Reuni\u00e3o_06-150x112.jpg 150w, https:\/\/apacame.org.br\/site\/wp-content\/uploads\/2016\/08\/Reuni\u00e3o_06-500x375.jpg 500w, https:\/\/apacame.org.br\/site\/wp-content\/uploads\/2016\/08\/Reuni\u00e3o_06.jpg 559w\" sizes=\"(max-width: 300px) 100vw, 300px\" \/><\/a>\n\t\t\t<\/div>\n\t\t\t\t<figcaption class='wp-caption-text gallery-caption' id='gallery-1-1424'>\n\t\t\t\tNa parte da tarde o Presidente da CBA Jos\u00e9 Arag\u00e3o, acompanhado da sua esposa Elma Brito visitaram as depend\u00eancias da APACAME.\n\t\t\t\t<\/figcaption><\/figure><figure class='gallery-item'>\n\t\t\t<div class='gallery-icon landscape'>\n\t\t\t\t<a href='https:\/\/apacame.org.br\/site\/wp-content\/uploads\/2016\/08\/Reuni\u00e3o_07.jpg'><img loading=\"lazy\" decoding=\"async\" width=\"300\" height=\"225\" src=\"https:\/\/apacame.org.br\/site\/wp-content\/uploads\/2016\/08\/Reuni\u00e3o_07-300x225.jpg\" class=\"attachment-medium size-medium\" alt=\"\" aria-describedby=\"gallery-1-1425\" srcset=\"https:\/\/apacame.org.br\/site\/wp-content\/uploads\/2016\/08\/Reuni\u00e3o_07-300x225.jpg 300w, https:\/\/apacame.org.br\/site\/wp-content\/uploads\/2016\/08\/Reuni\u00e3o_07-150x112.jpg 150w, https:\/\/apacame.org.br\/site\/wp-content\/uploads\/2016\/08\/Reuni\u00e3o_07-500x375.jpg 500w, https:\/\/apacame.org.br\/site\/wp-content\/uploads\/2016\/08\/Reuni\u00e3o_07.jpg 559w\" sizes=\"(max-width: 300px) 100vw, 300px\" \/><\/a>\n\t\t\t<\/div>\n\t\t\t\t<figcaption class='wp-caption-text gallery-caption' id='gallery-1-1425'>\n\t\t\t\tEm vista \u00e0 Sede Social da APACAME o Presidente Jos\u00e9 Arag\u00e3o foi recebido pelo Diretor T\u00e9cnico da APACAME Radam\u00e9s Zovaro de pelo Presidente Constantino Zara Filho\n\t\t\t\t<\/figcaption><\/figure>\n\t\t<\/div>\n\n","protected":false},"excerpt":{"rendered":"<p>REUNI\u00c3O DOS APICULTORES E MELIPONICULTORES DA APACAME DE JULHO DE 2016, No dia 06 de julho de 2016 a APACAME sentiu-se honrada com a presen\u00e7a do Presidente da Confedera\u00e7\u00e3o Brasileira [&hellip;]<\/p>\n","protected":false},"author":1,"featured_media":0,"parent":1363,"menu_order":0,"comment_status":"open","ping_status":"open","template":"","meta":{"pmpro_default_level":"","_price":"","_stock":"","_tribe_ticket_header":"","_tribe_default_ticket_provider":"","_tribe_ticket_capacity":"0","_ticket_start_date":"","_ticket_end_date":"","_tribe_ticket_show_description":"","_tribe_ticket_show_not_going":false,"_tribe_ticket_use_global_stock":"","_tribe_ticket_global_stock_level":"","_global_stock_mode":"","_global_stock_cap":"","_tribe_rsvp_for_event":"","_tribe_ticket_going_count":"","_tribe_ticket_not_going_count":"","_tribe_tickets_list":"[]","_tribe_ticket_has_attendee_info_fields":false,"cybocfi_hide_featured_image":"","footnotes":""},"class_list":["post-1418","page","type-page","status-publish","hentry","pmpro-has-access"],"_links":{"self":[{"href":"https:\/\/apacame.org.br\/site\/wp-json\/wp\/v2\/pages\/1418"}],"collection":[{"href":"https:\/\/apacame.org.br\/site\/wp-json\/wp\/v2\/pages"}],"about":[{"href":"https:\/\/apacame.org.br\/site\/wp-json\/wp\/v2\/types\/page"}],"author":[{"embeddable":true,"href":"https:\/\/apacame.org.br\/site\/wp-json\/wp\/v2\/users\/1"}],"replies":[{"embeddable":true,"href":"https:\/\/apacame.org.br\/site\/wp-json\/wp\/v2\/comments?post=1418"}],"version-history":[{"count":2,"href":"https:\/\/apacame.org.br\/site\/wp-json\/wp\/v2\/pages\/1418\/revisions"}],"predecessor-version":[{"id":1428,"href":"https:\/\/apacame.org.br\/site\/wp-json\/wp\/v2\/pages\/1418\/revisions\/1428"}],"up":[{"embeddable":true,"href":"https:\/\/apacame.org.br\/site\/wp-json\/wp\/v2\/pages\/1363"}],"wp:attachment":[{"href":"https:\/\/apacame.org.br\/site\/wp-json\/wp\/v2\/media?parent=1418"}],"curies":[{"name":"wp","href":"https:\/\/api.w.org\/{rel}","templated":true}]}}