{"id":1410,"date":"2016-08-19T21:54:27","date_gmt":"2016-08-19T21:54:27","guid":{"rendered":"http:\/\/apacame.org.br\/site\/?page_id=1410"},"modified":"2016-08-19T21:54:27","modified_gmt":"2016-08-19T21:54:27","slug":"atividade","status":"publish","type":"page","link":"https:\/\/apacame.org.br\/site\/revista\/mensagem-doce-n-137-julho-de-2016\/atividade\/","title":{"rendered":"Atividade"},"content":{"rendered":"<h1 style=\"text-align: center;\">ENCONTRO DOS APICULTORES E MELIPONICULTORES DA APACAME DO M\u00caS DE JUNHO 2016<\/h1>\n<figure id=\"attachment_1411\" aria-describedby=\"caption-attachment-1411\" style=\"width: 300px\" class=\"wp-caption alignleft\"><a href=\"https:\/\/apacame.org.br\/site\/wp-content\/uploads\/2016\/08\/Atividade_03.jpg\"><img fetchpriority=\"high\" decoding=\"async\" class=\"size-medium wp-image-1411\" src=\"https:\/\/apacame.org.br\/site\/wp-content\/uploads\/2016\/08\/Atividade_03-300x225.jpg\" alt=\"Da direita para a esquerda: Radam\u00e9s Zovaro, Diretor T\u00e9cnico da APACAME, o Prof. Dr. Paulo Nogueira Neto, a Profa. Dra. Marilda Cortopassi Laurino e Constantino Zara Filho, Presidente da APACAME. \u00c0 Profa Marilda foi entregue um Diploma de reconhecimento pela Palestra proferida e ao Prof. Dr. Paulo Nogueira Neto foi entregue um Diploma de reconhecimento pelos relevantes servi\u00e7os prestados \u00e0 Meliponicultura brasileira.\" width=\"300\" height=\"225\" srcset=\"https:\/\/apacame.org.br\/site\/wp-content\/uploads\/2016\/08\/Atividade_03-300x225.jpg 300w, https:\/\/apacame.org.br\/site\/wp-content\/uploads\/2016\/08\/Atividade_03-150x112.jpg 150w, https:\/\/apacame.org.br\/site\/wp-content\/uploads\/2016\/08\/Atividade_03-500x375.jpg 500w, https:\/\/apacame.org.br\/site\/wp-content\/uploads\/2016\/08\/Atividade_03.jpg 555w\" sizes=\"(max-width: 300px) 100vw, 300px\" \/><\/a><figcaption id=\"caption-attachment-1411\" class=\"wp-caption-text\">Da direita para a esquerda: Radam\u00e9s Zovaro, Diretor T\u00e9cnico da APACAME, o Prof. Dr. Paulo<br \/>Nogueira Neto, a Profa. Dra. Marilda Cortopassi Laurino e Constantino Zara Filho, Presidente da<br \/>APACAME. \u00c0 Profa Marilda foi entregue um Diploma de reconhecimento pela Palestra proferida<br \/>e ao Prof. Dr. Paulo Nogueira Neto foi entregue um Diploma de reconhecimento pelos relevantes<br \/>servi\u00e7os prestados \u00e0 Meliponicultura brasileira.<\/figcaption><\/figure>\n<p><span style=\"font-size: large;\">Na reuni\u00e3o do dia 01 de junho de 2016 tivemos a honra de receber a visita da Profa. Dra. Marilda Cortopassi \u2013 Laurino e do Prof. Dr. Paulo Nogueira Neto para o relan\u00e7amento do livro \u201cABELHAS SEM FERR\u00c3O DO BRASIL\u201d, o qual foi lan\u00e7ado oficialmente no dia 14 de maio de 2016.<\/span><\/p>\n<p><span style=\"font-size: large;\">Na ocasi\u00e3o a Profa. Dra. Marilda Cortopassi-Laurino proferiu uma Palestra detalhando os t\u00f3picos abordados no livro e narrando os motivos que a levaram a formatar o livro com a colabora\u00e7\u00e3o do Prof. Dr. Paulo Nogueira Neto e que resultou numa preciosidade que todos ligados \u00e0 apicultura e a meliponicultura devem ter entre os seus livros para consulta.<\/span><\/p>\n<p><span style=\"font-size: large;\">O evento despertou grande interesse dos participantes que n\u00e3o pouparam elogios ao livro lan\u00e7ado pelas suas informa\u00e7\u00f5es \u00fateis aos apicultores e meliponicultores para conhecerem melhor as centenas de abelhas sem ferr\u00e3o existentes no Brasil.<\/span><\/p>\n<p><span style=\"font-size: large;\">Ap\u00f3s as homenagens seguiram-se os aut\u00f3grafos que os autores opuseram nos mais de 60 livros adquiridos pelos participantes ao evento.<\/span><\/p>\n<p><span style=\"font-size: large;\">Foi uma reuni\u00e3o memor\u00e1vel.<\/span><\/p>\n<div id='gallery-1' class='gallery galleryid-1410 gallery-columns-2 gallery-size-medium'><figure class='gallery-item'>\n\t\t\t<div class='gallery-icon landscape'>\n\t\t\t\t<a href='https:\/\/apacame.org.br\/site\/wp-content\/uploads\/2016\/08\/Atividade_04.jpg'><img decoding=\"async\" width=\"300\" height=\"224\" src=\"https:\/\/apacame.org.br\/site\/wp-content\/uploads\/2016\/08\/Atividade_04-300x224.jpg\" class=\"attachment-medium size-medium\" alt=\"\" aria-describedby=\"gallery-1-1414\" srcset=\"https:\/\/apacame.org.br\/site\/wp-content\/uploads\/2016\/08\/Atividade_04-300x224.jpg 300w, https:\/\/apacame.org.br\/site\/wp-content\/uploads\/2016\/08\/Atividade_04-150x112.jpg 150w, https:\/\/apacame.org.br\/site\/wp-content\/uploads\/2016\/08\/Atividade_04-500x373.jpg 500w, https:\/\/apacame.org.br\/site\/wp-content\/uploads\/2016\/08\/Atividade_04.jpg 556w\" sizes=\"(max-width: 300px) 100vw, 300px\" \/><\/a>\n\t\t\t<\/div>\n\t\t\t\t<figcaption class='wp-caption-text gallery-caption' id='gallery-1-1414'>\n\t\t\t\tO nosso querido companheiro Jo\u00e3o Sobenko, Vice-Presidente da APACAME aproveitou a oportunidade para ser fotografado com os autores.\n\t\t\t\t<\/figcaption><\/figure><figure class='gallery-item'>\n\t\t\t<div class='gallery-icon landscape'>\n\t\t\t\t<a href='https:\/\/apacame.org.br\/site\/wp-content\/uploads\/2016\/08\/Atividade_05.jpg'><img decoding=\"async\" width=\"300\" height=\"225\" src=\"https:\/\/apacame.org.br\/site\/wp-content\/uploads\/2016\/08\/Atividade_05-300x225.jpg\" class=\"attachment-medium size-medium\" alt=\"\" aria-describedby=\"gallery-1-1415\" srcset=\"https:\/\/apacame.org.br\/site\/wp-content\/uploads\/2016\/08\/Atividade_05-300x225.jpg 300w, https:\/\/apacame.org.br\/site\/wp-content\/uploads\/2016\/08\/Atividade_05-150x113.jpg 150w, https:\/\/apacame.org.br\/site\/wp-content\/uploads\/2016\/08\/Atividade_05-500x376.jpg 500w, https:\/\/apacame.org.br\/site\/wp-content\/uploads\/2016\/08\/Atividade_05.jpg 555w\" sizes=\"(max-width: 300px) 100vw, 300px\" \/><\/a>\n\t\t\t<\/div>\n\t\t\t\t<figcaption class='wp-caption-text gallery-caption' id='gallery-1-1415'>\n\t\t\t\tAo final da reuni\u00e3o homenageamos o colaborador da APACAME, h\u00e1 mais de 25 anos, \u00c1lvaro Chaves de Oliveira, organizando os Cursos da APACAME, com a entrega de um Certificado.\n\t\t\t\t<\/figcaption><\/figure><figure class='gallery-item'>\n\t\t\t<div class='gallery-icon landscape'>\n\t\t\t\t<a href='https:\/\/apacame.org.br\/site\/wp-content\/uploads\/2016\/08\/Atividade_02.jpg'><img loading=\"lazy\" decoding=\"async\" width=\"300\" height=\"225\" src=\"https:\/\/apacame.org.br\/site\/wp-content\/uploads\/2016\/08\/Atividade_02-300x225.jpg\" class=\"attachment-medium size-medium\" alt=\"\" aria-describedby=\"gallery-1-1413\" srcset=\"https:\/\/apacame.org.br\/site\/wp-content\/uploads\/2016\/08\/Atividade_02-300x225.jpg 300w, https:\/\/apacame.org.br\/site\/wp-content\/uploads\/2016\/08\/Atividade_02-150x112.jpg 150w, https:\/\/apacame.org.br\/site\/wp-content\/uploads\/2016\/08\/Atividade_02-500x375.jpg 500w, https:\/\/apacame.org.br\/site\/wp-content\/uploads\/2016\/08\/Atividade_02.jpg 555w\" sizes=\"(max-width: 300px) 100vw, 300px\" \/><\/a>\n\t\t\t<\/div>\n\t\t\t\t<figcaption class='wp-caption-text gallery-caption' id='gallery-1-1413'>\n\t\t\t\tVista parcial dos participantes.\n\t\t\t\t<\/figcaption><\/figure><figure class='gallery-item'>\n\t\t\t<div class='gallery-icon landscape'>\n\t\t\t\t<a href='https:\/\/apacame.org.br\/site\/wp-content\/uploads\/2016\/08\/Atividade_01.jpg'><img loading=\"lazy\" decoding=\"async\" width=\"300\" height=\"225\" src=\"https:\/\/apacame.org.br\/site\/wp-content\/uploads\/2016\/08\/Atividade_01-300x225.jpg\" class=\"attachment-medium size-medium\" alt=\"\" aria-describedby=\"gallery-1-1412\" srcset=\"https:\/\/apacame.org.br\/site\/wp-content\/uploads\/2016\/08\/Atividade_01-300x225.jpg 300w, https:\/\/apacame.org.br\/site\/wp-content\/uploads\/2016\/08\/Atividade_01-150x113.jpg 150w, https:\/\/apacame.org.br\/site\/wp-content\/uploads\/2016\/08\/Atividade_01-500x376.jpg 500w, https:\/\/apacame.org.br\/site\/wp-content\/uploads\/2016\/08\/Atividade_01.jpg 555w\" sizes=\"(max-width: 300px) 100vw, 300px\" \/><\/a>\n\t\t\t<\/div>\n\t\t\t\t<figcaption class='wp-caption-text gallery-caption' id='gallery-1-1412'>\n\t\t\t\tVista parcial dos participantes.\n\t\t\t\t<\/figcaption><\/figure>\n\t\t<\/div>\n\n","protected":false},"excerpt":{"rendered":"<p>ENCONTRO DOS APICULTORES E MELIPONICULTORES DA APACAME DO M\u00caS DE JUNHO 2016 Na reuni\u00e3o do dia 01 de junho de 2016 tivemos a honra de receber a visita da Profa. [&hellip;]<\/p>\n","protected":false},"author":1,"featured_media":0,"parent":1363,"menu_order":0,"comment_status":"open","ping_status":"open","template":"","meta":{"pmpro_default_level":"","_price":"","_stock":"","_tribe_ticket_header":"","_tribe_default_ticket_provider":"","_tribe_ticket_capacity":"0","_ticket_start_date":"","_ticket_end_date":"","_tribe_ticket_show_description":"","_tribe_ticket_show_not_going":false,"_tribe_ticket_use_global_stock":"","_tribe_ticket_global_stock_level":"","_global_stock_mode":"","_global_stock_cap":"","_tribe_rsvp_for_event":"","_tribe_ticket_going_count":"","_tribe_ticket_not_going_count":"","_tribe_tickets_list":"[]","_tribe_ticket_has_attendee_info_fields":false,"cybocfi_hide_featured_image":"","footnotes":""},"class_list":["post-1410","page","type-page","status-publish","hentry","pmpro-has-access"],"_links":{"self":[{"href":"https:\/\/apacame.org.br\/site\/wp-json\/wp\/v2\/pages\/1410"}],"collection":[{"href":"https:\/\/apacame.org.br\/site\/wp-json\/wp\/v2\/pages"}],"about":[{"href":"https:\/\/apacame.org.br\/site\/wp-json\/wp\/v2\/types\/page"}],"author":[{"embeddable":true,"href":"https:\/\/apacame.org.br\/site\/wp-json\/wp\/v2\/users\/1"}],"replies":[{"embeddable":true,"href":"https:\/\/apacame.org.br\/site\/wp-json\/wp\/v2\/comments?post=1410"}],"version-history":[{"count":2,"href":"https:\/\/apacame.org.br\/site\/wp-json\/wp\/v2\/pages\/1410\/revisions"}],"predecessor-version":[{"id":1417,"href":"https:\/\/apacame.org.br\/site\/wp-json\/wp\/v2\/pages\/1410\/revisions\/1417"}],"up":[{"embeddable":true,"href":"https:\/\/apacame.org.br\/site\/wp-json\/wp\/v2\/pages\/1363"}],"wp:attachment":[{"href":"https:\/\/apacame.org.br\/site\/wp-json\/wp\/v2\/media?parent=1410"}],"curies":[{"name":"wp","href":"https:\/\/api.w.org\/{rel}","templated":true}]}}