{"id":1403,"date":"2016-08-19T21:30:29","date_gmt":"2016-08-19T21:30:29","guid":{"rendered":"http:\/\/apacame.org.br\/site\/?page_id=1403"},"modified":"2016-08-19T21:30:29","modified_gmt":"2016-08-19T21:30:29","slug":"congresso-3","status":"publish","type":"page","link":"https:\/\/apacame.org.br\/site\/revista\/mensagem-doce-n-137-julho-de-2016\/congresso-3\/","title":{"rendered":"Congresso"},"content":{"rendered":"<h1 style=\"text-align: center;\">21\u00ba Congresso Brasileiro de Apicultura e 7\u00ba Congresso Brasileiro de Meliponicultura<\/h1>\n<blockquote><p>Radam\u00e9s Zovaro &#8211; Empres\u00e1rio ap\u00edcola e Diretor T\u00e9cnico da Apacame<\/p><\/blockquote>\n<p><span style=\"font-size: large;\">Participamos do 21\u00ba Congresso Brasileiro de Apicultura e 7\u00ba Congresso Brasileiro de Meliponicultura, realizado nos dias 04 a 06 de maio pr\u00f3ximo passado na cidade de Fortaleza, capital do Estado do Cear\u00e1.<\/span><\/p>\n<p><span style=\"font-size: large;\">Foi mais um Congresso realizado no Brasil, com um modelo um pouco diferente dos outros. Na parte da manh\u00e3 eram realizadas as palestras, ap\u00f3s o almo\u00e7o a partir das 13:30 at\u00e9 as 15:30 eram realizados os Minicursos e em seguida das 15:50 as 17:50 horas eram realizados os Workshops.<\/span><\/p>\n<p><span style=\"font-size: large;\">Um dos problemas desse sistema \u00e9 que quem n\u00e3o participava dos Minicursos, teve que ficar esperando at\u00e9 as 15,50 para participar do Workshop. Os temas abordas tanto na areada Ap\u00eds mel\u00edfera como da Mel\u00edponas foram interessantes e a frequ\u00eancia foi boa.<\/span><\/p>\n<p><span style=\"font-size: large;\">Tivemos tamb\u00e9m a apresenta\u00e7\u00e3o dos Pain\u00e9is Cient\u00edficos, com uma quantidade e qualidade bastante expressiva.<\/span><\/p>\n<p><span style=\"font-size: large;\">A feira \u00e9 sempre o ponto alto dos Congressos e nesse n\u00e3o fugiu a regra, \u00e9 l\u00e1 onde o bate papo, o reencontro de amigos, e o conhecimento de novos, cada um contando a sua hist\u00f3ria, cria um ambiente salutar, agrad\u00e1vel e alegre.<\/span><\/p>\n<p><span style=\"font-size: large;\">A troca de informa\u00e7\u00f5es, a apresenta\u00e7\u00e3o dos estandes com exposi\u00e7\u00e3o de seus produtos, cat\u00e1logos, fornece aos participantes conhecimentos e cultura sobre a atividade que n\u00f3s temos que \u00e9 a apicultura.<\/span><\/p>\n<p><span style=\"font-size: large;\">Com rela\u00e7\u00e3o a Feira, a novidade foi a apresenta\u00e7\u00e3o de um cilindro alveolador de cera compacto em uma \u00fanica maquina, derretedor de cera, laminador, alveolador e cortador. N\u00e3o \u00e9 novidade pois j\u00e1 existe no pais empresa fabricando e comercializando esse mesmo tipo de equipamento com linhas de constru\u00e7\u00e3o diferentes.<\/span><\/p>\n<p><span style=\"font-size: large;\">O Estado de Santa Catarina que vai sediar na cidade de Joinville o pr\u00f3ximo Congresso em 2018, se fez representar com um belo estande, distribuindo informa\u00e7\u00f5es sobre o Estado e em especial a cidade de Joinville, al\u00e9m de distribuir adesivos e camisetas promovendo o futuro evento.<\/span><\/p>\n<p><span style=\"font-size: large;\">\u00c9 importante que se diga que dos 21 Congressos realizados o Estado de Santa Catarina j\u00e1 promoveu 3 Congressos, (1970, 1984 e 2000) sendo o pr\u00f3ximo o quarto, o que mostra primeiro a organiza\u00e7\u00e3o da Apicultura Catarinense aliada ao apoio do poder p\u00fablico ao setor.<\/span><\/p>\n<p><span style=\"font-size: large;\">Espero poder viver para participar do pr\u00f3ximo Congresso. At\u00e9 l\u00e1.<\/span><\/p>\n","protected":false},"excerpt":{"rendered":"<p>21\u00ba Congresso Brasileiro de Apicultura e 7\u00ba Congresso Brasileiro de Meliponicultura Radam\u00e9s Zovaro &#8211; Empres\u00e1rio ap\u00edcola e Diretor T\u00e9cnico da Apacame Participamos do 21\u00ba Congresso Brasileiro de Apicultura e 7\u00ba [&hellip;]<\/p>\n","protected":false},"author":1,"featured_media":0,"parent":1363,"menu_order":0,"comment_status":"open","ping_status":"open","template":"","meta":{"pmpro_default_level":"","_price":"","_stock":"","_tribe_ticket_header":"","_tribe_default_ticket_provider":"","_tribe_ticket_capacity":"0","_ticket_start_date":"","_ticket_end_date":"","_tribe_ticket_show_description":"","_tribe_ticket_show_not_going":false,"_tribe_ticket_use_global_stock":"","_tribe_ticket_global_stock_level":"","_global_stock_mode":"","_global_stock_cap":"","_tribe_rsvp_for_event":"","_tribe_ticket_going_count":"","_tribe_ticket_not_going_count":"","_tribe_tickets_list":"[]","_tribe_ticket_has_attendee_info_fields":false,"cybocfi_hide_featured_image":"","footnotes":""},"class_list":["post-1403","page","type-page","status-publish","hentry","pmpro-has-access"],"_links":{"self":[{"href":"https:\/\/apacame.org.br\/site\/wp-json\/wp\/v2\/pages\/1403"}],"collection":[{"href":"https:\/\/apacame.org.br\/site\/wp-json\/wp\/v2\/pages"}],"about":[{"href":"https:\/\/apacame.org.br\/site\/wp-json\/wp\/v2\/types\/page"}],"author":[{"embeddable":true,"href":"https:\/\/apacame.org.br\/site\/wp-json\/wp\/v2\/users\/1"}],"replies":[{"embeddable":true,"href":"https:\/\/apacame.org.br\/site\/wp-json\/wp\/v2\/comments?post=1403"}],"version-history":[{"count":2,"href":"https:\/\/apacame.org.br\/site\/wp-json\/wp\/v2\/pages\/1403\/revisions"}],"predecessor-version":[{"id":1405,"href":"https:\/\/apacame.org.br\/site\/wp-json\/wp\/v2\/pages\/1403\/revisions\/1405"}],"up":[{"embeddable":true,"href":"https:\/\/apacame.org.br\/site\/wp-json\/wp\/v2\/pages\/1363"}],"wp:attachment":[{"href":"https:\/\/apacame.org.br\/site\/wp-json\/wp\/v2\/media?parent=1403"}],"curies":[{"name":"wp","href":"https:\/\/api.w.org\/{rel}","templated":true}]}}