{"id":1384,"date":"2016-08-19T21:20:36","date_gmt":"2016-08-19T21:20:36","guid":{"rendered":"http:\/\/apacame.org.br\/site\/?page_id=1384"},"modified":"2016-08-19T21:22:40","modified_gmt":"2016-08-19T21:22:40","slug":"congresso-2","status":"publish","type":"page","link":"https:\/\/apacame.org.br\/site\/revista\/mensagem-doce-n-137-julho-de-2016\/congresso-2\/","title":{"rendered":"Congresso"},"content":{"rendered":"<h1 style=\"text-align: center;\">Delega\u00e7\u00e3o da APACAME<\/h1>\n<figure id=\"attachment_1385\" aria-describedby=\"caption-attachment-1385\" style=\"width: 700px\" class=\"wp-caption aligncenter\"><a href=\"https:\/\/apacame.org.br\/site\/wp-content\/uploads\/2016\/08\/Caravana-APACAME-e1471633819817.jpg\"><img fetchpriority=\"high\" decoding=\"async\" class=\"wp-image-1385 size-full\" src=\"https:\/\/apacame.org.br\/site\/wp-content\/uploads\/2016\/08\/Caravana-APACAME-e1471633819817.jpg\" alt=\"Caravana APACAME\" width=\"700\" height=\"525\" \/><\/a><figcaption id=\"caption-attachment-1385\" class=\"wp-caption-text\">Particiantes da Delega\u00e7\u00e3o da APACAME: Alba Regina S. Barbosa; Antoninho S. Barion; Antonio Augusto Barros; Carlos S. Honorato; Celio Ribeiro; Cleide Zara; Constantino Zara Filho; Dorival Ramos; Edilberto Silva Macedo; Edith Breyer; Edivaldo Pacheco Oliveira; Elcio Xavier; Eloi Viana da Silva; Emilia Kasu Ko Kati; Gessi R. Bonfim; Gislaine Maria dos Reis; Grasiela Honorato; H\u00e9lio Ferreira; Henrique Breyer; Heriberto Silva; Iocie Matinaga; Ivani Silva; Jarbas Alvim; Jean Louis Jullien; Jo\u00e3o Martins Ferreira; Jo\u00e3o Sobenko; Jos\u00e9 de Mendon\u00e7a; Lenes Guimar\u00e3es Duarte; Lucia Maria Mendon\u00e7a; Maira Mendon\u00e7a Andrade; Manuel de Mendon\u00e7a; Marcia Alessandri; Maria de Lourdes M. Ferreira; Maria G. Carvalho; Maria Jose F. C. Silva; Maria Jose M. Bonfim; Mario de Jesus Cobra; Mario Isao Otsuka; Massayo Yamasaki; Mitsuru Kati; Nelson Nasc. Barbosa; Pedro Sobenko; Radam\u00e9s Zovaro; Rafaela Lima Eugenio; Renan L. Nascimento; Renisa Alvares Vieira; Rita de Cassia Barion; Rosalia A. A. Macedo; Satoru Omae; Selma Oliveira; Uriel Borgomoni Ribeiro; Ursun\u00e9lia Sobenko; Vandira Pereira da Mata. A APACAME agradece a participa\u00e7\u00e3o de todos.<\/figcaption><\/figure>\n<blockquote><p>FLASHES DO XXI CONBRAPI E DO VII CONBRAMEL<\/p><\/blockquote>\n<div id='gallery-1' class='gallery galleryid-1384 gallery-columns-2 gallery-size-medium'><figure class='gallery-item'>\n\t\t\t<div class='gallery-icon landscape'>\n\t\t\t\t<a href='https:\/\/apacame.org.br\/site\/wp-content\/uploads\/2016\/08\/Flashes_12.jpg'><img decoding=\"async\" width=\"300\" height=\"225\" src=\"https:\/\/apacame.org.br\/site\/wp-content\/uploads\/2016\/08\/Flashes_12-300x225.jpg\" class=\"attachment-medium size-medium\" alt=\"\" aria-describedby=\"gallery-1-1397\" srcset=\"https:\/\/apacame.org.br\/site\/wp-content\/uploads\/2016\/08\/Flashes_12-300x225.jpg 300w, https:\/\/apacame.org.br\/site\/wp-content\/uploads\/2016\/08\/Flashes_12-150x113.jpg 150w, https:\/\/apacame.org.br\/site\/wp-content\/uploads\/2016\/08\/Flashes_12-500x375.jpg 500w, https:\/\/apacame.org.br\/site\/wp-content\/uploads\/2016\/08\/Flashes_12.jpg 561w\" sizes=\"(max-width: 300px) 100vw, 300px\" \/><\/a>\n\t\t\t<\/div>\n\t\t\t\t<figcaption class='wp-caption-text gallery-caption' id='gallery-1-1397'>\n\t\t\t\tO imponente pr\u00e9dio do Centro de Conven\u00e7\u00f5es de Fortaleza apresentou instala\u00e7\u00f5es excelentes e adequadas para a realiza\u00e7\u00e3o do 21\u00ba Congresso Brasileiro de Apicultura e 7\u00ba Congresso Brasileiro de Meliponicultura. Foi um sucesso, veja alumas fotos do evento.\n\t\t\t\t<\/figcaption><\/figure><figure class='gallery-item'>\n\t\t\t<div class='gallery-icon landscape'>\n\t\t\t\t<a href='https:\/\/apacame.org.br\/site\/wp-content\/uploads\/2016\/08\/Flashes_01.jpg'><img decoding=\"async\" width=\"300\" height=\"225\" src=\"https:\/\/apacame.org.br\/site\/wp-content\/uploads\/2016\/08\/Flashes_01-300x225.jpg\" class=\"attachment-medium size-medium\" alt=\"\" aria-describedby=\"gallery-1-1386\" srcset=\"https:\/\/apacame.org.br\/site\/wp-content\/uploads\/2016\/08\/Flashes_01-300x225.jpg 300w, https:\/\/apacame.org.br\/site\/wp-content\/uploads\/2016\/08\/Flashes_01-150x113.jpg 150w, https:\/\/apacame.org.br\/site\/wp-content\/uploads\/2016\/08\/Flashes_01-500x375.jpg 500w, https:\/\/apacame.org.br\/site\/wp-content\/uploads\/2016\/08\/Flashes_01.jpg 561w\" sizes=\"(max-width: 300px) 100vw, 300px\" \/><\/a>\n\t\t\t<\/div>\n\t\t\t\t<figcaption class='wp-caption-text gallery-caption' id='gallery-1-1386'>\n\t\t\t\tDelega\u00e7\u00e3o da APACAME na abertura do congresso\n\t\t\t\t<\/figcaption><\/figure><figure class='gallery-item'>\n\t\t\t<div class='gallery-icon landscape'>\n\t\t\t\t<a href='https:\/\/apacame.org.br\/site\/wp-content\/uploads\/2016\/08\/Flashes_02.jpg'><img loading=\"lazy\" decoding=\"async\" width=\"300\" height=\"225\" src=\"https:\/\/apacame.org.br\/site\/wp-content\/uploads\/2016\/08\/Flashes_02-300x225.jpg\" class=\"attachment-medium size-medium\" alt=\"\" aria-describedby=\"gallery-1-1387\" srcset=\"https:\/\/apacame.org.br\/site\/wp-content\/uploads\/2016\/08\/Flashes_02-300x225.jpg 300w, https:\/\/apacame.org.br\/site\/wp-content\/uploads\/2016\/08\/Flashes_02-150x113.jpg 150w, https:\/\/apacame.org.br\/site\/wp-content\/uploads\/2016\/08\/Flashes_02-500x375.jpg 500w, https:\/\/apacame.org.br\/site\/wp-content\/uploads\/2016\/08\/Flashes_02.jpg 561w\" sizes=\"(max-width: 300px) 100vw, 300px\" \/><\/a>\n\t\t\t<\/div>\n\t\t\t\t<figcaption class='wp-caption-text gallery-caption' id='gallery-1-1387'>\n\t\t\t\tDelega\u00e7\u00e3o da Cooapis \/ Faamesp na abertura do congresso\n\t\t\t\t<\/figcaption><\/figure><figure class='gallery-item'>\n\t\t\t<div class='gallery-icon landscape'>\n\t\t\t\t<a href='https:\/\/apacame.org.br\/site\/wp-content\/uploads\/2016\/08\/Flashes_06.jpg'><img loading=\"lazy\" decoding=\"async\" width=\"300\" height=\"225\" src=\"https:\/\/apacame.org.br\/site\/wp-content\/uploads\/2016\/08\/Flashes_06-300x225.jpg\" class=\"attachment-medium size-medium\" alt=\"\" aria-describedby=\"gallery-1-1391\" srcset=\"https:\/\/apacame.org.br\/site\/wp-content\/uploads\/2016\/08\/Flashes_06-300x225.jpg 300w, https:\/\/apacame.org.br\/site\/wp-content\/uploads\/2016\/08\/Flashes_06-150x113.jpg 150w, https:\/\/apacame.org.br\/site\/wp-content\/uploads\/2016\/08\/Flashes_06-500x375.jpg 500w, https:\/\/apacame.org.br\/site\/wp-content\/uploads\/2016\/08\/Flashes_06.jpg 561w\" sizes=\"(max-width: 300px) 100vw, 300px\" \/><\/a>\n\t\t\t<\/div>\n\t\t\t\t<figcaption class='wp-caption-text gallery-caption' id='gallery-1-1391'>\n\t\t\t\tA ExpoApis ocupou uma \u00e1rea enorme\n\t\t\t\t<\/figcaption><\/figure><figure class='gallery-item'>\n\t\t\t<div class='gallery-icon landscape'>\n\t\t\t\t<a href='https:\/\/apacame.org.br\/site\/wp-content\/uploads\/2016\/08\/Flashes_07.jpg'><img loading=\"lazy\" decoding=\"async\" width=\"300\" height=\"225\" src=\"https:\/\/apacame.org.br\/site\/wp-content\/uploads\/2016\/08\/Flashes_07-300x225.jpg\" class=\"attachment-medium size-medium\" alt=\"\" aria-describedby=\"gallery-1-1392\" srcset=\"https:\/\/apacame.org.br\/site\/wp-content\/uploads\/2016\/08\/Flashes_07-300x225.jpg 300w, https:\/\/apacame.org.br\/site\/wp-content\/uploads\/2016\/08\/Flashes_07-150x113.jpg 150w, https:\/\/apacame.org.br\/site\/wp-content\/uploads\/2016\/08\/Flashes_07-500x375.jpg 500w, https:\/\/apacame.org.br\/site\/wp-content\/uploads\/2016\/08\/Flashes_07.jpg 561w\" sizes=\"(max-width: 300px) 100vw, 300px\" \/><\/a>\n\t\t\t<\/div>\n\t\t\t\t<figcaption class='wp-caption-text gallery-caption' id='gallery-1-1392'>\n\t\t\t\te os congressistas puderam conhecer equipamentos novos para o desenvolvimento das atividades ap\u00edcolas.\n\t\t\t\t<\/figcaption><\/figure><figure class='gallery-item'>\n\t\t\t<div class='gallery-icon landscape'>\n\t\t\t\t<a href='https:\/\/apacame.org.br\/site\/wp-content\/uploads\/2016\/08\/Flashes_05.jpg'><img loading=\"lazy\" decoding=\"async\" width=\"300\" height=\"225\" src=\"https:\/\/apacame.org.br\/site\/wp-content\/uploads\/2016\/08\/Flashes_05-300x225.jpg\" class=\"attachment-medium size-medium\" alt=\"\" aria-describedby=\"gallery-1-1390\" srcset=\"https:\/\/apacame.org.br\/site\/wp-content\/uploads\/2016\/08\/Flashes_05-300x225.jpg 300w, https:\/\/apacame.org.br\/site\/wp-content\/uploads\/2016\/08\/Flashes_05-150x113.jpg 150w, https:\/\/apacame.org.br\/site\/wp-content\/uploads\/2016\/08\/Flashes_05-500x375.jpg 500w, https:\/\/apacame.org.br\/site\/wp-content\/uploads\/2016\/08\/Flashes_05.jpg 561w\" sizes=\"(max-width: 300px) 100vw, 300px\" \/><\/a>\n\t\t\t<\/div>\n\t\t\t\t<figcaption class='wp-caption-text gallery-caption' id='gallery-1-1390'>\n\t\t\t\tA sess\u00e3o de Posters foi muito concorrida\n\t\t\t\t<\/figcaption><\/figure><figure class='gallery-item'>\n\t\t\t<div class='gallery-icon landscape'>\n\t\t\t\t<a href='https:\/\/apacame.org.br\/site\/wp-content\/uploads\/2016\/08\/Flashes_04.jpg'><img loading=\"lazy\" decoding=\"async\" width=\"300\" height=\"225\" src=\"https:\/\/apacame.org.br\/site\/wp-content\/uploads\/2016\/08\/Flashes_04-300x225.jpg\" class=\"attachment-medium size-medium\" alt=\"\" aria-describedby=\"gallery-1-1389\" srcset=\"https:\/\/apacame.org.br\/site\/wp-content\/uploads\/2016\/08\/Flashes_04-300x225.jpg 300w, https:\/\/apacame.org.br\/site\/wp-content\/uploads\/2016\/08\/Flashes_04-150x113.jpg 150w, https:\/\/apacame.org.br\/site\/wp-content\/uploads\/2016\/08\/Flashes_04-500x375.jpg 500w, https:\/\/apacame.org.br\/site\/wp-content\/uploads\/2016\/08\/Flashes_04.jpg 561w\" sizes=\"(max-width: 300px) 100vw, 300px\" \/><\/a>\n\t\t\t<\/div>\n\t\t\t\t<figcaption class='wp-caption-text gallery-caption' id='gallery-1-1389'>\n\t\t\t\tcom os pesquisadores expondo e explicando os seus trabalhos cient\u00edficos.\n\t\t\t\t<\/figcaption><\/figure><figure class='gallery-item'>\n\t\t\t<div class='gallery-icon landscape'>\n\t\t\t\t<a href='https:\/\/apacame.org.br\/site\/wp-content\/uploads\/2016\/08\/Flashes_11.jpg'><img loading=\"lazy\" decoding=\"async\" width=\"300\" height=\"225\" src=\"https:\/\/apacame.org.br\/site\/wp-content\/uploads\/2016\/08\/Flashes_11-300x225.jpg\" class=\"attachment-medium size-medium\" alt=\"\" aria-describedby=\"gallery-1-1396\" srcset=\"https:\/\/apacame.org.br\/site\/wp-content\/uploads\/2016\/08\/Flashes_11-300x225.jpg 300w, https:\/\/apacame.org.br\/site\/wp-content\/uploads\/2016\/08\/Flashes_11-150x113.jpg 150w, https:\/\/apacame.org.br\/site\/wp-content\/uploads\/2016\/08\/Flashes_11-500x375.jpg 500w, https:\/\/apacame.org.br\/site\/wp-content\/uploads\/2016\/08\/Flashes_11.jpg 561w\" sizes=\"(max-width: 300px) 100vw, 300px\" \/><\/a>\n\t\t\t<\/div>\n\t\t\t\t<figcaption class='wp-caption-text gallery-caption' id='gallery-1-1396'>\n\t\t\t\tA Maz\u00e9 Apicultura Indument\u00e1ria Ap\u00edcola devidamente representada pela propriet\u00e1ria Maz\u00e9 Anast\u00e1cio e sua filha Iruska fizeram sucesso com o macac\u00e3o Rosa em homenagem as mulheres que atuam na apicultura em especial no Nordeste.\n\t\t\t\t<\/figcaption><\/figure><figure class='gallery-item'>\n\t\t\t<div class='gallery-icon landscape'>\n\t\t\t\t<a href='https:\/\/apacame.org.br\/site\/wp-content\/uploads\/2016\/08\/Flashes_08.jpg'><img loading=\"lazy\" decoding=\"async\" width=\"300\" height=\"225\" src=\"https:\/\/apacame.org.br\/site\/wp-content\/uploads\/2016\/08\/Flashes_08-300x225.jpg\" class=\"attachment-medium size-medium\" alt=\"\" aria-describedby=\"gallery-1-1393\" srcset=\"https:\/\/apacame.org.br\/site\/wp-content\/uploads\/2016\/08\/Flashes_08-300x225.jpg 300w, https:\/\/apacame.org.br\/site\/wp-content\/uploads\/2016\/08\/Flashes_08-150x113.jpg 150w, https:\/\/apacame.org.br\/site\/wp-content\/uploads\/2016\/08\/Flashes_08-500x375.jpg 500w, https:\/\/apacame.org.br\/site\/wp-content\/uploads\/2016\/08\/Flashes_08.jpg 561w\" sizes=\"(max-width: 300px) 100vw, 300px\" \/><\/a>\n\t\t\t<\/div>\n\t\t\t\t<figcaption class='wp-caption-text gallery-caption' id='gallery-1-1393'>\n\t\t\t\tOs apicultores Claudionor de camiseta branca e seu companheiro Jos\u00e9 que desenvolvem um importante trabalho na poliniza\u00e7\u00e3o de Mel\u00e3o no Rio Grande do Norteladeados pelo nosso Diretor T\u00e9cnico Radam\u00e9s Zovaro\n\t\t\t\t<\/figcaption><\/figure><figure class='gallery-item'>\n\t\t\t<div class='gallery-icon landscape'>\n\t\t\t\t<a href='https:\/\/apacame.org.br\/site\/wp-content\/uploads\/2016\/08\/Flashes_13.jpg'><img loading=\"lazy\" decoding=\"async\" width=\"300\" height=\"225\" src=\"https:\/\/apacame.org.br\/site\/wp-content\/uploads\/2016\/08\/Flashes_13-300x225.jpg\" class=\"attachment-medium size-medium\" alt=\"\" aria-describedby=\"gallery-1-1398\" srcset=\"https:\/\/apacame.org.br\/site\/wp-content\/uploads\/2016\/08\/Flashes_13-300x225.jpg 300w, https:\/\/apacame.org.br\/site\/wp-content\/uploads\/2016\/08\/Flashes_13-150x113.jpg 150w, https:\/\/apacame.org.br\/site\/wp-content\/uploads\/2016\/08\/Flashes_13-500x375.jpg 500w, https:\/\/apacame.org.br\/site\/wp-content\/uploads\/2016\/08\/Flashes_13.jpg 561w\" sizes=\"(max-width: 300px) 100vw, 300px\" \/><\/a>\n\t\t\t<\/div>\n\t\t\t\t<figcaption class='wp-caption-text gallery-caption' id='gallery-1-1398'>\n\t\t\t\tA ExpoApis teve estandes representando todas as regi\u00e7\u00f5es do Brasil.\n\t\t\t\t<\/figcaption><\/figure><figure class='gallery-item'>\n\t\t\t<div class='gallery-icon landscape'>\n\t\t\t\t<a href='https:\/\/apacame.org.br\/site\/wp-content\/uploads\/2016\/08\/Flashes_09.jpg'><img loading=\"lazy\" decoding=\"async\" width=\"300\" height=\"225\" src=\"https:\/\/apacame.org.br\/site\/wp-content\/uploads\/2016\/08\/Flashes_09-300x225.jpg\" class=\"attachment-medium size-medium\" alt=\"\" aria-describedby=\"gallery-1-1394\" srcset=\"https:\/\/apacame.org.br\/site\/wp-content\/uploads\/2016\/08\/Flashes_09-300x225.jpg 300w, https:\/\/apacame.org.br\/site\/wp-content\/uploads\/2016\/08\/Flashes_09-150x113.jpg 150w, https:\/\/apacame.org.br\/site\/wp-content\/uploads\/2016\/08\/Flashes_09-500x375.jpg 500w, https:\/\/apacame.org.br\/site\/wp-content\/uploads\/2016\/08\/Flashes_09.jpg 561w\" sizes=\"(max-width: 300px) 100vw, 300px\" \/><\/a>\n\t\t\t<\/div>\n\t\t\t\t<figcaption class='wp-caption-text gallery-caption' id='gallery-1-1394'>\n\t\t\t\tO Apicultor e Meliponicultor Fabi\u00e3o, do Api\u00e1rios Boa Vista presenteou a APACAME com o Selo dos Correios, Emiss\u00e3o Especial que traz as Abelhas Brasileiras Meliponas \u2013 Abelhas sem Ferr\u00e3o como tema. O Prof. Dr. Lionel Segui Gon\u00e7alves e o nosso Diretor T\u00e9cnico Radam\u00e9s Zovaro testemunharam o momento. A APACAME sentiu-se honrada em receber o presente.\n\t\t\t\t<\/figcaption><\/figure><figure class='gallery-item'>\n\t\t\t<div class='gallery-icon landscape'>\n\t\t\t\t<a href='https:\/\/apacame.org.br\/site\/wp-content\/uploads\/2016\/08\/Flashes_14.jpg'><img loading=\"lazy\" decoding=\"async\" width=\"300\" height=\"225\" src=\"https:\/\/apacame.org.br\/site\/wp-content\/uploads\/2016\/08\/Flashes_14-300x225.jpg\" class=\"attachment-medium size-medium\" alt=\"\" aria-describedby=\"gallery-1-1399\" srcset=\"https:\/\/apacame.org.br\/site\/wp-content\/uploads\/2016\/08\/Flashes_14-300x225.jpg 300w, https:\/\/apacame.org.br\/site\/wp-content\/uploads\/2016\/08\/Flashes_14-150x113.jpg 150w, https:\/\/apacame.org.br\/site\/wp-content\/uploads\/2016\/08\/Flashes_14-500x375.jpg 500w, https:\/\/apacame.org.br\/site\/wp-content\/uploads\/2016\/08\/Flashes_14.jpg 561w\" sizes=\"(max-width: 300px) 100vw, 300px\" \/><\/a>\n\t\t\t<\/div>\n\t\t\t\t<figcaption class='wp-caption-text gallery-caption' id='gallery-1-1399'>\n\t\t\t\tVis\u00e3o parcial da ExpoApis com seus estandes.\n\t\t\t\t<\/figcaption><\/figure><figure class='gallery-item'>\n\t\t\t<div class='gallery-icon landscape'>\n\t\t\t\t<a href='https:\/\/apacame.org.br\/site\/wp-content\/uploads\/2016\/08\/Flashes_10.jpg'><img loading=\"lazy\" decoding=\"async\" width=\"300\" height=\"225\" src=\"https:\/\/apacame.org.br\/site\/wp-content\/uploads\/2016\/08\/Flashes_10-300x225.jpg\" class=\"attachment-medium size-medium\" alt=\"\" aria-describedby=\"gallery-1-1395\" srcset=\"https:\/\/apacame.org.br\/site\/wp-content\/uploads\/2016\/08\/Flashes_10-300x225.jpg 300w, https:\/\/apacame.org.br\/site\/wp-content\/uploads\/2016\/08\/Flashes_10-150x113.jpg 150w, https:\/\/apacame.org.br\/site\/wp-content\/uploads\/2016\/08\/Flashes_10-500x375.jpg 500w, https:\/\/apacame.org.br\/site\/wp-content\/uploads\/2016\/08\/Flashes_10.jpg 561w\" sizes=\"(max-width: 300px) 100vw, 300px\" \/><\/a>\n\t\t\t<\/div>\n\t\t\t\t<figcaption class='wp-caption-text gallery-caption' id='gallery-1-1395'>\n\t\t\t\tUm momento de descontra\u00e7\u00e3o da esquerda para a direita: Jo\u00e3o Sobenko, Vice- Presidente da APACAME; Constantino Zara Filho, Presidente da APACAME; Jos\u00e9 Xavier Leal Neto, Presidente Executivo do Congresso e Eloi Viana da Silva, Vice-Tesoureiro da APACAME\n\t\t\t\t<\/figcaption><\/figure><figure class='gallery-item'>\n\t\t\t<div class='gallery-icon landscape'>\n\t\t\t\t<a href='https:\/\/apacame.org.br\/site\/wp-content\/uploads\/2016\/08\/Flashes_03.jpg'><img loading=\"lazy\" decoding=\"async\" width=\"300\" height=\"225\" src=\"https:\/\/apacame.org.br\/site\/wp-content\/uploads\/2016\/08\/Flashes_03-300x225.jpg\" class=\"attachment-medium size-medium\" alt=\"\" srcset=\"https:\/\/apacame.org.br\/site\/wp-content\/uploads\/2016\/08\/Flashes_03-300x225.jpg 300w, https:\/\/apacame.org.br\/site\/wp-content\/uploads\/2016\/08\/Flashes_03-150x113.jpg 150w, https:\/\/apacame.org.br\/site\/wp-content\/uploads\/2016\/08\/Flashes_03-500x375.jpg 500w, https:\/\/apacame.org.br\/site\/wp-content\/uploads\/2016\/08\/Flashes_03.jpg 561w\" sizes=\"(max-width: 300px) 100vw, 300px\" \/><\/a>\n\t\t\t<\/div><\/figure>\n\t\t<\/div>\n\n","protected":false},"excerpt":{"rendered":"<p>Delega\u00e7\u00e3o da APACAME FLASHES DO XXI CONBRAPI E DO VII CONBRAMEL<\/p>\n","protected":false},"author":1,"featured_media":0,"parent":1363,"menu_order":0,"comment_status":"open","ping_status":"open","template":"","meta":{"pmpro_default_level":"","_price":"","_stock":"","_tribe_ticket_header":"","_tribe_default_ticket_provider":"","_tribe_ticket_capacity":"0","_ticket_start_date":"","_ticket_end_date":"","_tribe_ticket_show_description":"","_tribe_ticket_show_not_going":false,"_tribe_ticket_use_global_stock":"","_tribe_ticket_global_stock_level":"","_global_stock_mode":"","_global_stock_cap":"","_tribe_rsvp_for_event":"","_tribe_ticket_going_count":"","_tribe_ticket_not_going_count":"","_tribe_tickets_list":"[]","_tribe_ticket_has_attendee_info_fields":false,"cybocfi_hide_featured_image":"","footnotes":""},"class_list":["post-1384","page","type-page","status-publish","hentry","pmpro-has-access"],"_links":{"self":[{"href":"https:\/\/apacame.org.br\/site\/wp-json\/wp\/v2\/pages\/1384"}],"collection":[{"href":"https:\/\/apacame.org.br\/site\/wp-json\/wp\/v2\/pages"}],"about":[{"href":"https:\/\/apacame.org.br\/site\/wp-json\/wp\/v2\/types\/page"}],"author":[{"embeddable":true,"href":"https:\/\/apacame.org.br\/site\/wp-json\/wp\/v2\/users\/1"}],"replies":[{"embeddable":true,"href":"https:\/\/apacame.org.br\/site\/wp-json\/wp\/v2\/comments?post=1384"}],"version-history":[{"count":3,"href":"https:\/\/apacame.org.br\/site\/wp-json\/wp\/v2\/pages\/1384\/revisions"}],"predecessor-version":[{"id":1401,"href":"https:\/\/apacame.org.br\/site\/wp-json\/wp\/v2\/pages\/1384\/revisions\/1401"}],"up":[{"embeddable":true,"href":"https:\/\/apacame.org.br\/site\/wp-json\/wp\/v2\/pages\/1363"}],"wp:attachment":[{"href":"https:\/\/apacame.org.br\/site\/wp-json\/wp\/v2\/media?parent=1384"}],"curies":[{"name":"wp","href":"https:\/\/api.w.org\/{rel}","templated":true}]}}