{"id":1371,"date":"2016-08-19T01:36:43","date_gmt":"2016-08-19T01:36:43","guid":{"rendered":"http:\/\/apacame.org.br\/site\/?page_id=1371"},"modified":"2016-08-19T01:38:23","modified_gmt":"2016-08-19T01:38:23","slug":"congresso","status":"publish","type":"page","link":"https:\/\/apacame.org.br\/site\/revista\/mensagem-doce-n-137-julho-de-2016\/congresso\/","title":{"rendered":"Congresso"},"content":{"rendered":"<h1 style=\"text-align: center;\">O 21\u00ba CONBRAPI E O 7\u00ba CONBRAMEL ACONTECERAM<br \/>\nEXEMPLO DE SUPERA\u00c7\u00c3O \u2013 RESULTADO DA FOR\u00c7A DA UNI\u00c3O<\/h1>\n<blockquote><p>Jos\u00e9 Xavier Leal Neto &#8211; Presidente do 21\u00ba CONBRAPI<\/p><\/blockquote>\n<p><a href=\"https:\/\/apacame.org.br\/site\/wp-content\/uploads\/2016\/08\/Logo-Congresso-21.jpg\"><img decoding=\"async\" class=\"alignleft wp-image-1373 size-thumbnail\" src=\"https:\/\/apacame.org.br\/site\/wp-content\/uploads\/2016\/08\/Logo-Congresso-21-150x150.jpg\" alt=\"Logo Congresso 21\" width=\"150\" height=\"150\" srcset=\"https:\/\/apacame.org.br\/site\/wp-content\/uploads\/2016\/08\/Logo-Congresso-21-150x150.jpg 150w, https:\/\/apacame.org.br\/site\/wp-content\/uploads\/2016\/08\/Logo-Congresso-21-100x100.jpg 100w\" sizes=\"(max-width: 150px) 100vw, 150px\" \/><\/a><span style=\"font-size: large;\">Prezados Apicultores e Meliponicultores do Brasil<\/span><\/p>\n<p><span style=\"font-size: large;\">Prezados Colaboradores da Apicultura e Meliponicultura Brasileira<\/span><\/p>\n<p><span style=\"font-size: large;\"> Incialmente quero dirigir-me, a cada um de voc\u00eas que estiveram presentes aqui e Fortaleza, em nome da Diretoria da CBA e da Equipe organizadora e colaboradores do 21\u00ba CONBRAPI, para fazer um agradecimento todo especial pela sua participa\u00e7\u00e3o e apoio a mais uma edi\u00e7\u00e3o do nosso magno Congresso.<\/span><\/p>\n<figure id=\"attachment_1374\" aria-describedby=\"caption-attachment-1374\" style=\"width: 300px\" class=\"wp-caption alignright\"><a href=\"https:\/\/apacame.org.br\/site\/wp-content\/uploads\/2016\/08\/Congresso_01.jpg\"><img fetchpriority=\"high\" decoding=\"async\" class=\"size-medium wp-image-1374\" src=\"https:\/\/apacame.org.br\/site\/wp-content\/uploads\/2016\/08\/Congresso_01-300x224.jpg\" alt=\"Abertura oficial do 21o COMBRAPI e 7o CONBRAMEL com o Presidente do Congresso Jos\u00e9 Xavier e o Presidente da CBA - Arag\u00e3o Brito\" width=\"300\" height=\"224\" srcset=\"https:\/\/apacame.org.br\/site\/wp-content\/uploads\/2016\/08\/Congresso_01-300x224.jpg 300w, https:\/\/apacame.org.br\/site\/wp-content\/uploads\/2016\/08\/Congresso_01-150x112.jpg 150w, https:\/\/apacame.org.br\/site\/wp-content\/uploads\/2016\/08\/Congresso_01-500x373.jpg 500w, https:\/\/apacame.org.br\/site\/wp-content\/uploads\/2016\/08\/Congresso_01.jpg 557w\" sizes=\"(max-width: 300px) 100vw, 300px\" \/><\/a><figcaption id=\"caption-attachment-1374\" class=\"wp-caption-text\">Abertura oficial do 21o COMBRAPI e 7o CONBRAMEL com o Presidente do Congresso Jos\u00e9<br \/>Xavier e o Presidente da CBA &#8211; Arag\u00e3o Brito<\/figcaption><\/figure>\n<p><span style=\"font-size: large;\"> Durante o per\u00edodo que antecede de organiza\u00e7\u00e3o e realiza\u00e7\u00e3o do Congresso a nossa aten\u00e7\u00e3o fica muito ocupada e n\u00e3o temos a oportunidade de dar a devida aten\u00e7\u00e3o que cada um que esteve presente merecia ter. Passadas essas duas primeiras fazes e, na fase de conclus\u00e3o burocr\u00e1tica do Evento, nos sobra alguns momentos de reflex\u00e3o. A\u00ed temos a oportunidade de fazermos uma leitura cr\u00edtica e sist\u00eamica de tudo o que aconteceu: falhas e acertos do que ocorreram, sentimos gratificados por termos podido colaborar com o segmento com acertos e lamentarmos pelas falhas, mas delas, tirar li\u00e7\u00e3o e disponibilizar para os colegas que abra\u00e7aram a responsabilidade de Presidir um Congresso dessa dimens\u00e3o, na perspectiva de colaborar para o engrandecimento do mesmo, sem tantas dificuldades. <\/span><\/p>\n<figure id=\"attachment_1376\" aria-describedby=\"caption-attachment-1376\" style=\"width: 300px\" class=\"wp-caption alignleft\"><a href=\"https:\/\/apacame.org.br\/site\/wp-content\/uploads\/2016\/08\/Congresso_03.jpg\"><img decoding=\"async\" class=\"size-medium wp-image-1376\" src=\"https:\/\/apacame.org.br\/site\/wp-content\/uploads\/2016\/08\/Congresso_03-300x202.jpg\" alt=\"Compondo a mesa o Secretario de Meio Ambiente do Estado do Cear\u00e1 - Prof. Artur Bruno; a Presidente da CTC\/CBA Profa. Lidia Barreto e o Sr. N\u00e9sio Fernandes \u2013 Presidente da CSMEL Nacional e 1o Vice Presidente da CBA.\" width=\"300\" height=\"202\" srcset=\"https:\/\/apacame.org.br\/site\/wp-content\/uploads\/2016\/08\/Congresso_03-300x202.jpg 300w, https:\/\/apacame.org.br\/site\/wp-content\/uploads\/2016\/08\/Congresso_03-150x101.jpg 150w, https:\/\/apacame.org.br\/site\/wp-content\/uploads\/2016\/08\/Congresso_03-500x337.jpg 500w, https:\/\/apacame.org.br\/site\/wp-content\/uploads\/2016\/08\/Congresso_03.jpg 561w\" sizes=\"(max-width: 300px) 100vw, 300px\" \/><\/a><figcaption id=\"caption-attachment-1376\" class=\"wp-caption-text\">Compondo a mesa o Secretario de Meio Ambiente do Estado do Cear\u00e1 &#8211; Prof. Artur Bruno; a<br \/>Presidente da CTC\/CBA Profa. Lidia Barreto e o Sr. N\u00e9sio Fernandes \u2013 Presidente da CSMEL<br \/>Nacional e 1o Vice Presidente da CBA.<\/figcaption><\/figure>\n<p><span style=\"font-size: large;\"> Pela obra do acaso, conduzimos o 21\u00ba CONBRAPI e o 7\u00ba CONBRAMEL (me permitam qualificar o termo CONBRAMEL como a sigla representativa do CONGRESSO BRASILEIRO DE MELIPONICULTURA), num dos piores momentos por que passa o Brasil. A crise por que passa o Pa\u00eds, nas dimens\u00f5es econ\u00f4mica e pol\u00edtica, nos levou a todos n\u00f3s, a ter total incerteza de como tudo isso ir\u00e1 resolver-se. A consequ\u00eancia disso foi profunda falta de apoio que tivemos, sobretudo dos parceiros fundamentais para a realiza\u00e7\u00e3o de evento desse porte, UM CONGRESSO DE DIMENS\u00c3O NACIONAL. Confesso aos Senhores, longe mim, dirimir-me de falhas eventualmente ocorridas, mas para atingirmos os resultados positivos, testemunhados pelos que estiveram presentes, os esfor\u00e7os foram triplicados. Ouvi de muitos amigos a pergunta: \u201cqual foi a m\u00e1gica, Xavier?\u201d. O que mais nos compensou, foi a certeza de que temos amigos. Amigos Institucionais que ser\u00e3o citados no relat\u00f3rio final. Ainda estamos tentando fechar a contabilidade, mas temos a certeza que vai dar tudo certo.<\/span><\/p>\n<figure id=\"attachment_1377\" aria-describedby=\"caption-attachment-1377\" style=\"width: 300px\" class=\"wp-caption alignright\"><a href=\"https:\/\/apacame.org.br\/site\/wp-content\/uploads\/2016\/08\/Congresso_04.jpg\"><img loading=\"lazy\" decoding=\"async\" class=\"size-medium wp-image-1377\" src=\"https:\/\/apacame.org.br\/site\/wp-content\/uploads\/2016\/08\/Congresso_04-300x151.jpg\" alt=\"Mesa Composta\" width=\"300\" height=\"151\" srcset=\"https:\/\/apacame.org.br\/site\/wp-content\/uploads\/2016\/08\/Congresso_04-300x151.jpg 300w, https:\/\/apacame.org.br\/site\/wp-content\/uploads\/2016\/08\/Congresso_04-150x76.jpg 150w, https:\/\/apacame.org.br\/site\/wp-content\/uploads\/2016\/08\/Congresso_04-500x252.jpg 500w, https:\/\/apacame.org.br\/site\/wp-content\/uploads\/2016\/08\/Congresso_04.jpg 558w\" sizes=\"(max-width: 300px) 100vw, 300px\" \/><\/a><figcaption id=\"caption-attachment-1377\" class=\"wp-caption-text\">Mesa Composta<\/figcaption><\/figure>\n<p><span style=\"font-size: large;\"> Queria abrir um espa\u00e7o aqui para manifestar um sentimento profundo que esteve presente em minha mente, no decorrer do Congresso: Esse \u00e9 um congresso realizado a partir do esfor\u00e7o conjunto dos amigos da apicultura e meliponicultura brasileira: Apicultores, Meliponicultores, Empres\u00e1rios, Empreendedores, Pesquisadores, Professores, T\u00e9cnicos, Lideres do Segmento, Estudantes, Simpatizantes das abelhas e da natureza e consumidores. Sem voc\u00eas n\u00e3o teria Congresso. Esse sim \u00e9 o grande Patrim\u00f4nio da Apicultura e Meliponicultura Brasileira. As Lideran\u00e7as representativas do segmento precisam criar essa ambi\u00eancia de acolhimento como se fosse um grande clube. J\u00e1 temos a CNCA (Carteira Nacional do Criador de Abelhas e Outras Categorias) como instrumento de identifica\u00e7\u00e3o e integra\u00e7\u00e3o das pessoas. Precisamos melhorar esse modelo e transformar o Sistema CBA, numa potencia realizadora. Do contrario seremos um sistema fragmentado, fragilizado e dependente.<\/span><\/p>\n<figure id=\"attachment_1378\" aria-describedby=\"caption-attachment-1378\" style=\"width: 300px\" class=\"wp-caption alignleft\"><a href=\"https:\/\/apacame.org.br\/site\/wp-content\/uploads\/2016\/08\/Congresso_05.jpg\"><img loading=\"lazy\" decoding=\"async\" class=\"size-medium wp-image-1378\" src=\"https:\/\/apacame.org.br\/site\/wp-content\/uploads\/2016\/08\/Congresso_05-300x207.jpg\" alt=\"Participa\u00e7\u00e3o Especial de Acolhida do Servi\u00e7o de Cerimonial \u2013 Show!\" width=\"300\" height=\"207\" srcset=\"https:\/\/apacame.org.br\/site\/wp-content\/uploads\/2016\/08\/Congresso_05-300x207.jpg 300w, https:\/\/apacame.org.br\/site\/wp-content\/uploads\/2016\/08\/Congresso_05-150x103.jpg 150w, https:\/\/apacame.org.br\/site\/wp-content\/uploads\/2016\/08\/Congresso_05-500x345.jpg 500w, https:\/\/apacame.org.br\/site\/wp-content\/uploads\/2016\/08\/Congresso_05.jpg 561w\" sizes=\"(max-width: 300px) 100vw, 300px\" \/><\/a><figcaption id=\"caption-attachment-1378\" class=\"wp-caption-text\">Participa\u00e7\u00e3o Especial de Acolhida do Servi\u00e7o de Cerimonial \u2013 Show!<\/figcaption><\/figure>\n<p><span style=\"font-size: large;\"> Informamos que a Coordena\u00e7\u00e3o do 21\u00ba CONBRAPI e 7\u00ba CONBRAMEL est\u00e1 finalizando com extremo rigor a documenta\u00e7\u00e3o dos Congressistas para em seguida iniciarmos a entrega dos Certificados de Participa\u00e7\u00e3o como congressistas e participa\u00e7\u00e3o nos minicursos que ainda n\u00e3o receberam. Estamos vendo o sistema mais pratico para a remessa dos documentos, aguardem, ser\u00e1 breve.<\/span><\/p>\n<p><span style=\"font-size: large;\"> Quanto as Carteiras, foi decido em Assembleia Geral realizada no pr\u00f3prio congresso que somente as que estiverem 100% corretas seriam encaminhadas \u00e0 CBA, para emiss\u00e3o e posterior entrega aos donos, atrav\u00e9s das Federa\u00e7\u00f5es de cada Estado. As que tiverem alguma pendencia como falta da foto ou de alguma assinatura ou outra pendencia qualquer. Feita o procedimento conforme a pendencia, ser\u00e1 encaminhada a CBA para emiss\u00e3o e entrega ao dono, certamente via Federa\u00e7\u00e3o do Estado do solicitante da referida carteira. <\/span><\/p>\n<figure id=\"attachment_1375\" aria-describedby=\"caption-attachment-1375\" style=\"width: 300px\" class=\"wp-caption alignright\"><a href=\"https:\/\/apacame.org.br\/site\/wp-content\/uploads\/2016\/08\/Congresso_02.jpg\"><img loading=\"lazy\" decoding=\"async\" class=\"size-medium wp-image-1375\" src=\"https:\/\/apacame.org.br\/site\/wp-content\/uploads\/2016\/08\/Congresso_02-300x197.jpg\" alt=\"Vista parcial do plen\u00e1rio na abertura dos Congressos\" width=\"300\" height=\"197\" srcset=\"https:\/\/apacame.org.br\/site\/wp-content\/uploads\/2016\/08\/Congresso_02-300x197.jpg 300w, https:\/\/apacame.org.br\/site\/wp-content\/uploads\/2016\/08\/Congresso_02-150x99.jpg 150w, https:\/\/apacame.org.br\/site\/wp-content\/uploads\/2016\/08\/Congresso_02-500x329.jpg 500w, https:\/\/apacame.org.br\/site\/wp-content\/uploads\/2016\/08\/Congresso_02.jpg 561w\" sizes=\"(max-width: 300px) 100vw, 300px\" \/><\/a><figcaption id=\"caption-attachment-1375\" class=\"wp-caption-text\">Vista parcial do plen\u00e1rio na abertura dos Congressos<\/figcaption><\/figure>\n<p><span style=\"font-size: large;\"> Quantos aos n\u00fameros do congresso a Coordena\u00e7\u00e3o est\u00e1 realizando uma finaliza\u00e7\u00e3o detalhada, mas temos indicativos que ultrapassou mil inscritos. Algo em torno de 1.200 participantes. A Comiss\u00e3o T\u00e9cnico Cientifica da CBA informa que foram apresentados algo em torno de 250 trabalhos cient\u00edficos contribuindo para a evolu\u00e7\u00e3o de conhecimentos do segmento. <\/span><\/p>\n<p><span style=\"font-size: large;\"> Quanto ao perfil de repasse de informa\u00e7\u00f5es, o Congresso apresentou 06 Palestras Magnas; 16 Minicursos; 16 Workshops. Entre Palestrantes e Presidentes de Mesa e Mediadores dos Workshops foram mais de 60 Colaboradores, todos de uma forma ou de outra recebendo log\u00edstica e apoio da Coordena\u00e7\u00e3o. Foram 20 empresas expondo no CONBRAPI e 08 parceiros expositores. <\/span><\/p>\n<figure id=\"attachment_1379\" aria-describedby=\"caption-attachment-1379\" style=\"width: 300px\" class=\"wp-caption alignleft\"><a href=\"https:\/\/apacame.org.br\/site\/wp-content\/uploads\/2016\/08\/Congresso_06.jpg\"><img loading=\"lazy\" decoding=\"async\" class=\"size-medium wp-image-1379\" src=\"https:\/\/apacame.org.br\/site\/wp-content\/uploads\/2016\/08\/Congresso_06-300x197.jpg\" alt=\"Discurso de Encerramento e Agradecimento do Presidente do Congresso\" width=\"300\" height=\"197\" srcset=\"https:\/\/apacame.org.br\/site\/wp-content\/uploads\/2016\/08\/Congresso_06-300x197.jpg 300w, https:\/\/apacame.org.br\/site\/wp-content\/uploads\/2016\/08\/Congresso_06-150x99.jpg 150w, https:\/\/apacame.org.br\/site\/wp-content\/uploads\/2016\/08\/Congresso_06-500x329.jpg 500w, https:\/\/apacame.org.br\/site\/wp-content\/uploads\/2016\/08\/Congresso_06.jpg 561w\" sizes=\"(max-width: 300px) 100vw, 300px\" \/><\/a><figcaption id=\"caption-attachment-1379\" class=\"wp-caption-text\">Discurso de Encerramento e Agradecimento do Presidente do Congresso<\/figcaption><\/figure>\n<p><span style=\"font-size: large;\"> No decorrer do Congresso ocorreram tr\u00eas acontecimentos especiais, conforme segue:<\/span><\/p>\n<p><span style=\"font-size: large;\">1. Lan\u00e7amento do Livro: Produtos Ap\u00edcolas do Cear\u00e1 e Suas Origens Florais &#8211; Caracter\u00edsticas F\u00edsicas, Qu\u00edmicas e Funcionais, de autoria da Dra. Maria da Concei\u00e7\u00e3o Tavares Cavalcanti, Professora Associada da Universidade Estadual do Cear\u00e1. Lecionando no Curso de Qu\u00edmica da UECE e da Dra. Selene Maia De Morais, Professora Titular da Universidade Estadual do Cear\u00e1. Leciona no Programa de P\u00f3s-Gradua\u00e7\u00e3o em Medicina Veterin\u00e1ria e no Curso de Qu\u00edmica da UECE <\/span><\/p>\n<p><span style=\"font-size: large;\">2. Homenagem a Zelma Bastos de Ara\u00fajo \u2013 Profa. Adjunta da Centen\u00e1ria Escola de Agronomia do Cear\u00e1, Departamento de Zootecnia \u2013 Centro de Ci\u00eancias \u2013 Universidade Federal do Cear\u00e1. Pioneira no ensino acad\u00eamico na UFC.<\/span><figure id=\"attachment_1380\" aria-describedby=\"caption-attachment-1380\" style=\"width: 300px\" class=\"wp-caption alignright\"><a href=\"https:\/\/apacame.org.br\/site\/wp-content\/uploads\/2016\/08\/Congresso_07.jpg\"><img loading=\"lazy\" decoding=\"async\" src=\"https:\/\/apacame.org.br\/site\/wp-content\/uploads\/2016\/08\/Congresso_07-300x199.jpg\" alt=\"Discurso de Encerramento do Congresso \u2013 Arag\u00e3o Brito\" width=\"300\" height=\"199\" class=\"size-medium wp-image-1380\" srcset=\"https:\/\/apacame.org.br\/site\/wp-content\/uploads\/2016\/08\/Congresso_07-300x199.jpg 300w, https:\/\/apacame.org.br\/site\/wp-content\/uploads\/2016\/08\/Congresso_07-150x100.jpg 150w, https:\/\/apacame.org.br\/site\/wp-content\/uploads\/2016\/08\/Congresso_07-500x332.jpg 500w, https:\/\/apacame.org.br\/site\/wp-content\/uploads\/2016\/08\/Congresso_07.jpg 561w\" sizes=\"(max-width: 300px) 100vw, 300px\" \/><\/a><figcaption id=\"caption-attachment-1380\" class=\"wp-caption-text\">Discurso de Encerramento do Congresso \u2013 Arag\u00e3o Brito<\/figcaption><\/figure><\/p>\n<p><span style=\"font-size: large;\">3. Homenagem Ant\u00f4nio Fernando Landim, funcion\u00e1rio da Secretaria de Agricultura e Abastecimento do Estado Cear\u00e1, atualmente aposentado. Apicultor pioneiro e difusor vocaciona da atividade no Estado at\u00e9 na Regi\u00e3o.<\/span><\/p>\n<p><span style=\"font-size: large;\"> Concluindo, queremos agradecer a todos que direta ou indiretamente contribu\u00edram para a realiza\u00e7\u00e3o do 21\u00ba CONBRAPI e do 7\u00ba CONBRAMEL, e colocar a CBA, UNAMEL e FECAP \u00e0 disposi\u00e7\u00e3o de todos para os esclarecimentos necess\u00e1rios conforme a demanda e dizer que aprendemos muito com cada um e com o conjunto da obra. Estamos \u00e0 inteira disposi\u00e7\u00e3o para contribuir com os pr\u00f3ximos eventos que vierem. Temos nosso banco de dados e disponibilizaremos a quem solicitar. <\/span><\/p>\n<p><span style=\"font-size: large;\">Fortaleza CE, 22 de maio de 2016.<\/span><\/p>\n","protected":false},"excerpt":{"rendered":"<p>O 21\u00ba CONBRAPI E O 7\u00ba CONBRAMEL ACONTECERAM EXEMPLO DE SUPERA\u00c7\u00c3O \u2013 RESULTADO DA FOR\u00c7A DA UNI\u00c3O Jos\u00e9 Xavier Leal Neto &#8211; Presidente do 21\u00ba CONBRAPI Prezados Apicultores e Meliponicultores [&hellip;]<\/p>\n","protected":false},"author":1,"featured_media":0,"parent":1363,"menu_order":0,"comment_status":"open","ping_status":"open","template":"","meta":{"pmpro_default_level":"","_price":"","_stock":"","_tribe_ticket_header":"","_tribe_default_ticket_provider":"","_tribe_ticket_capacity":"0","_ticket_start_date":"","_ticket_end_date":"","_tribe_ticket_show_description":"","_tribe_ticket_show_not_going":false,"_tribe_ticket_use_global_stock":"","_tribe_ticket_global_stock_level":"","_global_stock_mode":"","_global_stock_cap":"","_tribe_rsvp_for_event":"","_tribe_ticket_going_count":"","_tribe_ticket_not_going_count":"","_tribe_tickets_list":"[]","_tribe_ticket_has_attendee_info_fields":false,"cybocfi_hide_featured_image":"","footnotes":""},"class_list":["post-1371","page","type-page","status-publish","hentry","pmpro-has-access"],"_links":{"self":[{"href":"https:\/\/apacame.org.br\/site\/wp-json\/wp\/v2\/pages\/1371"}],"collection":[{"href":"https:\/\/apacame.org.br\/site\/wp-json\/wp\/v2\/pages"}],"about":[{"href":"https:\/\/apacame.org.br\/site\/wp-json\/wp\/v2\/types\/page"}],"author":[{"embeddable":true,"href":"https:\/\/apacame.org.br\/site\/wp-json\/wp\/v2\/users\/1"}],"replies":[{"embeddable":true,"href":"https:\/\/apacame.org.br\/site\/wp-json\/wp\/v2\/comments?post=1371"}],"version-history":[{"count":4,"href":"https:\/\/apacame.org.br\/site\/wp-json\/wp\/v2\/pages\/1371\/revisions"}],"predecessor-version":[{"id":1382,"href":"https:\/\/apacame.org.br\/site\/wp-json\/wp\/v2\/pages\/1371\/revisions\/1382"}],"up":[{"embeddable":true,"href":"https:\/\/apacame.org.br\/site\/wp-json\/wp\/v2\/pages\/1363"}],"wp:attachment":[{"href":"https:\/\/apacame.org.br\/site\/wp-json\/wp\/v2\/media?parent=1371"}],"curies":[{"name":"wp","href":"https:\/\/api.w.org\/{rel}","templated":true}]}}