{"id":1367,"date":"2016-08-16T02:39:12","date_gmt":"2016-08-16T02:39:12","guid":{"rendered":"http:\/\/apacame.org.br\/site\/?page_id=1367"},"modified":"2016-08-16T02:41:19","modified_gmt":"2016-08-16T02:41:19","slug":"editorial","status":"publish","type":"page","link":"https:\/\/apacame.org.br\/site\/revista\/mensagem-doce-n-137-julho-de-2016\/editorial\/","title":{"rendered":"Editorial"},"content":{"rendered":"<h1 style=\"text-align: center;\">CONBRAPI \/ 2016. UM MILAGRE?<\/h1>\n<p><span style=\"font-size: large;\">Estamos dedicando parte desta edi\u00e7\u00e3o ao 21\u00ba Congresso Brasileiro de Apicultura e 7\u00ba Congresso Brasileiro de Meliponicultura realizados no per\u00edodo de 04 a 07 de maio de 2016, na cidade de Fortaleza \u2013 CE.<\/span><\/p>\n<p><span style=\"font-size: large;\">Se existem milagres a realiza\u00e7\u00e3o destes eventos foi um deles.<\/span><\/p>\n<p><span style=\"font-size: large;\">Inegavelmente que neste caso, o cr\u00e9dito \u00e9 do Presidente da Comiss\u00e3o Executiva, Jos\u00e9 Xavier Leal Neto; do Presidente da Confedera\u00e7\u00e3o Brasileira de Apicultura \u2013 CBA, Jos\u00e9 Soares de Arag\u00e3o Brito e da Presidente da Comiss\u00e3o Cient\u00edfica da CBA, Profa. Dra. L\u00eddia Maria Ruv Carelli Barreto e dos palestrantes que se dispuseram em comparecer voluntariamente aos eventos, viabilizando a sua realiza\u00e7\u00e3o.<\/span><\/p>\n<p><span style=\"font-size: large;\">Se de um lado a elei\u00e7\u00e3o de um novo local para a realiza\u00e7\u00e3o dos pr\u00f3ximos congressos brasileiros de apicultura e meliponicultura com a anteced\u00eancia de quatro anos \u00e9 boa, pois dar\u00e1 templo de sobra para organizar os eventos, corre-se o risco das mudan\u00e7as pol\u00edticas que, no Brasil, ocorrem semanalmente.<\/span><\/p>\n<p><span style=\"font-size: large;\">Antigamente t\u00ednhamos a realiza\u00e7\u00e3o do congresso brasileiro de apicultura a cada dois anos e nada mais.<\/span><\/p>\n<p><span style=\"font-size: large;\">Hoje temos os congressos brasileiros a cada dois anos; os Congressos Estaduais de Apicultura e Meliponicultura que ocorrem anualmente, pois todos os estados querem fazer o seu o que acarreta a sobreposi\u00e7\u00e3o de datas ou a realiza\u00e7\u00e3o de dois eventos no mesmo m\u00eas.<\/span><\/p>\n<p><span style=\"font-size: large;\">Bem, n\u00e3o \u00e9 preciso dizer que o dinheiro p\u00fablico acabou no ralo da corrup\u00e7\u00e3o e os recursos governamentais que abasteceram alguns congressos anteriores est\u00e3o escassos. O apicultor ou meliponicultor tem que ser muito seletivo para participar de um evento ap\u00edcola, uma vez que n\u00e3o tem f\u00f4lego econ\u00f4mico para participar de todos os eventos que s\u00e3o realizados no Brasil.<\/span><\/p>\n<p><span style=\"font-size: large;\">De outro lado n\u00e3o h\u00e1 produ\u00e7\u00e3o acad\u00eamica para atender tantos eventos ocasionando a repeti\u00e7\u00e3o na apresenta\u00e7\u00e3o dos trabalhos cient\u00edficos de um evento para outro.<\/span><\/p>\n<p><span style=\"font-size: large;\">Desta forma o que se v\u00ea \u00e9 o esvaziamentos dos congressos brasileiros Tanto no que se refere aos congressistas, como na apresenta\u00e7\u00e3o dos trabalhos cient\u00edficos in\u00e9ditos.<\/span><\/p>\n<p><span style=\"font-size: large;\">Da\u00ed chega-se a conclus\u00e3o de que a realiza\u00e7\u00e3o do CONBRAPI \/ 2016 foi um milagre dos santos Xavier, Arag\u00e3o, L\u00eddia e de todos os anjos da guarda que, voluntariamente, tornaram poss\u00edvel a realiza\u00e7\u00e3o dos Eventos que foram um sucesso! Am\u00e9m!<\/span><\/p>\n<p><span style=\"font-size: large;\"><strong><em>Constantino Zara Filho \u2013 Presidente Executivo<\/em><\/strong><\/span><\/p>\n","protected":false},"excerpt":{"rendered":"<p>CONBRAPI \/ 2016. UM MILAGRE? Estamos dedicando parte desta edi\u00e7\u00e3o ao 21\u00ba Congresso Brasileiro de Apicultura e 7\u00ba Congresso Brasileiro de Meliponicultura realizados no per\u00edodo de 04 a 07 de [&hellip;]<\/p>\n","protected":false},"author":1,"featured_media":0,"parent":1363,"menu_order":0,"comment_status":"open","ping_status":"open","template":"","meta":{"pmpro_default_level":"","_price":"","_stock":"","_tribe_ticket_header":"","_tribe_default_ticket_provider":"","_tribe_ticket_capacity":"0","_ticket_start_date":"","_ticket_end_date":"","_tribe_ticket_show_description":"","_tribe_ticket_show_not_going":false,"_tribe_ticket_use_global_stock":"","_tribe_ticket_global_stock_level":"","_global_stock_mode":"","_global_stock_cap":"","_tribe_rsvp_for_event":"","_tribe_ticket_going_count":"","_tribe_ticket_not_going_count":"","_tribe_tickets_list":"[]","_tribe_ticket_has_attendee_info_fields":false,"cybocfi_hide_featured_image":"","footnotes":""},"class_list":["post-1367","page","type-page","status-publish","hentry","pmpro-has-access"],"_links":{"self":[{"href":"https:\/\/apacame.org.br\/site\/wp-json\/wp\/v2\/pages\/1367"}],"collection":[{"href":"https:\/\/apacame.org.br\/site\/wp-json\/wp\/v2\/pages"}],"about":[{"href":"https:\/\/apacame.org.br\/site\/wp-json\/wp\/v2\/types\/page"}],"author":[{"embeddable":true,"href":"https:\/\/apacame.org.br\/site\/wp-json\/wp\/v2\/users\/1"}],"replies":[{"embeddable":true,"href":"https:\/\/apacame.org.br\/site\/wp-json\/wp\/v2\/comments?post=1367"}],"version-history":[{"count":3,"href":"https:\/\/apacame.org.br\/site\/wp-json\/wp\/v2\/pages\/1367\/revisions"}],"predecessor-version":[{"id":1369,"href":"https:\/\/apacame.org.br\/site\/wp-json\/wp\/v2\/pages\/1367\/revisions\/1369"}],"up":[{"embeddable":true,"href":"https:\/\/apacame.org.br\/site\/wp-json\/wp\/v2\/pages\/1363"}],"wp:attachment":[{"href":"https:\/\/apacame.org.br\/site\/wp-json\/wp\/v2\/media?parent=1367"}],"curies":[{"name":"wp","href":"https:\/\/api.w.org\/{rel}","templated":true}]}}