{"id":1297,"date":"2016-05-31T21:50:14","date_gmt":"2016-05-31T21:50:14","guid":{"rendered":"http:\/\/apacame.org.br\/site\/?page_id=1297"},"modified":"2016-05-31T21:52:48","modified_gmt":"2016-05-31T21:52:48","slug":"atividade-abril-de-2016","status":"publish","type":"page","link":"https:\/\/apacame.org.br\/site\/revista\/mensagem-doce-n-136-maio-de-2016\/atividade-abril-de-2016\/","title":{"rendered":"ATIVIDADE &#8211; Abril de 2016"},"content":{"rendered":"<h1 style=\"text-align: center;\">REUNI\u00c3O DOS APICULTORES E MELIPONICULTORES DIA 06 DE ABRIL DE 2016<\/h1>\n<p><span style=\"font-size: large;\">Na reuni\u00e3o realizada no dia 06 de abril de 2016, no Audit\u00f3rio do Instituto de Pesca, localizado dentro do Parque dr. Fernando Costa, Parque da \u00c1gua Branca, tivemos a honra de receber a visita do Prof. JOS\u00c9 HILTON CLAUDINO DE LIMA, fitoterapeuta (terapias com plantas medicinais) e Trofoterapeuta (terapias com alimentos), escritor, jornalista, o qual ministra cursos sobre os temas citados, bem como apresenta\u00e7\u00f5es em emissoras de r\u00e1dio e televis\u00e3o, o qual proferiu uma Palestra sobre o tema:<\/span><\/p>\n<p><span style=\"font-size: large;\"><b><i>PALESTRA E DEMONSTRA\u00c7\u00c3O SOBRE OS BENEF\u00cdCIOS DS PRODUTOS DAS ABELHAS NA SA\u00daDE E NA BELEZA.<\/i><\/b><\/span><\/p>\n<div id='gallery-1' class='gallery galleryid-1297 gallery-columns-2 gallery-size-medium'><figure class='gallery-item'>\n\t\t\t<div class='gallery-icon landscape'>\n\t\t\t\t<a href='https:\/\/apacame.org.br\/site\/wp-content\/uploads\/2016\/05\/Figura_1_Reuniao_Abril.jpg'><img fetchpriority=\"high\" decoding=\"async\" width=\"300\" height=\"226\" src=\"https:\/\/apacame.org.br\/site\/wp-content\/uploads\/2016\/05\/Figura_1_Reuniao_Abril-300x226.jpg\" class=\"attachment-medium size-medium\" alt=\"\" aria-describedby=\"gallery-1-1299\" srcset=\"https:\/\/apacame.org.br\/site\/wp-content\/uploads\/2016\/05\/Figura_1_Reuniao_Abril-300x226.jpg 300w, https:\/\/apacame.org.br\/site\/wp-content\/uploads\/2016\/05\/Figura_1_Reuniao_Abril-150x113.jpg 150w, https:\/\/apacame.org.br\/site\/wp-content\/uploads\/2016\/05\/Figura_1_Reuniao_Abril-500x376.jpg 500w, https:\/\/apacame.org.br\/site\/wp-content\/uploads\/2016\/05\/Figura_1_Reuniao_Abril.jpg 886w\" sizes=\"(max-width: 300px) 100vw, 300px\" \/><\/a>\n\t\t\t<\/div>\n\t\t\t\t<figcaption class='wp-caption-text gallery-caption' id='gallery-1-1299'>\n\t\t\t\tO Palestrante Jos\u00e9 Hilton Claudino de Lima durante a sua apresenta\u00e7\u00e3o\n\t\t\t\t<\/figcaption><\/figure><figure class='gallery-item'>\n\t\t\t<div class='gallery-icon landscape'>\n\t\t\t\t<a href='https:\/\/apacame.org.br\/site\/wp-content\/uploads\/2016\/05\/Figura_2_Reuniao_Abril.jpg'><img decoding=\"async\" width=\"300\" height=\"224\" src=\"https:\/\/apacame.org.br\/site\/wp-content\/uploads\/2016\/05\/Figura_2_Reuniao_Abril-300x224.jpg\" class=\"attachment-medium size-medium\" alt=\"\" aria-describedby=\"gallery-1-1300\" srcset=\"https:\/\/apacame.org.br\/site\/wp-content\/uploads\/2016\/05\/Figura_2_Reuniao_Abril-300x224.jpg 300w, https:\/\/apacame.org.br\/site\/wp-content\/uploads\/2016\/05\/Figura_2_Reuniao_Abril-150x112.jpg 150w, https:\/\/apacame.org.br\/site\/wp-content\/uploads\/2016\/05\/Figura_2_Reuniao_Abril-500x373.jpg 500w, https:\/\/apacame.org.br\/site\/wp-content\/uploads\/2016\/05\/Figura_2_Reuniao_Abril.jpg 886w\" sizes=\"(max-width: 300px) 100vw, 300px\" \/><\/a>\n\t\t\t<\/div>\n\t\t\t\t<figcaption class='wp-caption-text gallery-caption' id='gallery-1-1300'>\n\t\t\t\tVista parcial do p\u00fablico presente \u00e0 reuni\u00e3o.\n\t\t\t\t<\/figcaption><\/figure>\n\t\t<\/div>\n\n","protected":false},"excerpt":{"rendered":"<p>REUNI\u00c3O DOS APICULTORES E MELIPONICULTORES DIA 06 DE ABRIL DE 2016 Na reuni\u00e3o realizada no dia 06 de abril de 2016, no Audit\u00f3rio do Instituto de Pesca, localizado dentro do [&hellip;]<\/p>\n","protected":false},"author":1,"featured_media":0,"parent":1256,"menu_order":0,"comment_status":"open","ping_status":"open","template":"","meta":{"pmpro_default_level":"","_price":"","_stock":"","_tribe_ticket_header":"","_tribe_default_ticket_provider":"","_tribe_ticket_capacity":"0","_ticket_start_date":"","_ticket_end_date":"","_tribe_ticket_show_description":"","_tribe_ticket_show_not_going":false,"_tribe_ticket_use_global_stock":"","_tribe_ticket_global_stock_level":"","_global_stock_mode":"","_global_stock_cap":"","_tribe_rsvp_for_event":"","_tribe_ticket_going_count":"","_tribe_ticket_not_going_count":"","_tribe_tickets_list":"[]","_tribe_ticket_has_attendee_info_fields":false,"cybocfi_hide_featured_image":"","footnotes":""},"class_list":["post-1297","page","type-page","status-publish","hentry","pmpro-has-access"],"_links":{"self":[{"href":"https:\/\/apacame.org.br\/site\/wp-json\/wp\/v2\/pages\/1297"}],"collection":[{"href":"https:\/\/apacame.org.br\/site\/wp-json\/wp\/v2\/pages"}],"about":[{"href":"https:\/\/apacame.org.br\/site\/wp-json\/wp\/v2\/types\/page"}],"author":[{"embeddable":true,"href":"https:\/\/apacame.org.br\/site\/wp-json\/wp\/v2\/users\/1"}],"replies":[{"embeddable":true,"href":"https:\/\/apacame.org.br\/site\/wp-json\/wp\/v2\/comments?post=1297"}],"version-history":[{"count":3,"href":"https:\/\/apacame.org.br\/site\/wp-json\/wp\/v2\/pages\/1297\/revisions"}],"predecessor-version":[{"id":1301,"href":"https:\/\/apacame.org.br\/site\/wp-json\/wp\/v2\/pages\/1297\/revisions\/1301"}],"up":[{"embeddable":true,"href":"https:\/\/apacame.org.br\/site\/wp-json\/wp\/v2\/pages\/1256"}],"wp:attachment":[{"href":"https:\/\/apacame.org.br\/site\/wp-json\/wp\/v2\/media?parent=1297"}],"curies":[{"name":"wp","href":"https:\/\/api.w.org\/{rel}","templated":true}]}}