{"id":1291,"date":"2016-05-31T21:46:09","date_gmt":"2016-05-31T21:46:09","guid":{"rendered":"http:\/\/apacame.org.br\/site\/?page_id=1291"},"modified":"2016-05-31T21:46:09","modified_gmt":"2016-05-31T21:46:09","slug":"atividade-marco-de-2016","status":"publish","type":"page","link":"https:\/\/apacame.org.br\/site\/revista\/mensagem-doce-n-136-maio-de-2016\/atividade-marco-de-2016\/","title":{"rendered":"ATIVIDADE &#8211; Mar\u00e7o de 2016"},"content":{"rendered":"<h1 style=\"text-align: center;\">REUNI\u00c3O DOS APICULTORES E MELIPONICULTORES DIA 02 DE MAR\u00c7O DE 2016<\/h1>\n<p><span style=\"font-size: large;\">Na reuni\u00e3o realizada no dia 02 de mar\u00e7o de 2016, no Audit\u00f3rio do Instituto de Pesca, localizado dentro do Parque dr. Fernando Costa, Parque da \u00c1gua Branca, ap\u00f3s a Assembl\u00e9ia que elegeu a Diretoria Executiva da APACAME para o per\u00edodo 2016 \/ 2018, tivemos a honra de receber a visita do Prof. FERNANDO AMARAL, Diretor Cient\u00edfico da WNF, Osm\u00f3logo formado na Su\u00ed\u00e7a pelo CGH, Professor de P\u00f3s-Gradua\u00e7\u00e3o em Cosmetologia, pioneiro no cultivo org\u00e2nico de Lavanda, no Brasil, autor do livro: \u201cT\u00e9cnicas de Aplica\u00e7\u00e3o de \u00d3leos Essenciais\u201d e fundador da Fazenda das Lavandas WNF, em Monte Verde, Minas Gerais que proferiu uma brilhante palestra sobre o tema:<\/span><\/p>\n<p><span style=\"font-size: large;\"><b><i>PLANTAS AROM\u00c1TICAS E \u00d3LEOS ESSENCIAIS, BENEF\u00cdCIOS NA SA\u00daDE E NA BELEZA, DA CABE\u00c7A AOS P\u00c9S. PLANTAS AROM\u00c1TICAS COMO PASTO AP\u00cdCOLA<\/i><\/b><\/span><\/p>\n<div id='gallery-1' class='gallery galleryid-1291 gallery-columns-3 gallery-size-medium'><figure class='gallery-item'>\n\t\t\t<div class='gallery-icon landscape'>\n\t\t\t\t<a href='https:\/\/apacame.org.br\/site\/wp-content\/uploads\/2016\/05\/Figura_1_Mar\u00e7o.jpg'><img fetchpriority=\"high\" decoding=\"async\" width=\"300\" height=\"223\" src=\"https:\/\/apacame.org.br\/site\/wp-content\/uploads\/2016\/05\/Figura_1_Mar\u00e7o-300x223.jpg\" class=\"attachment-medium size-medium\" alt=\"\" aria-describedby=\"gallery-1-1292\" srcset=\"https:\/\/apacame.org.br\/site\/wp-content\/uploads\/2016\/05\/Figura_1_Mar\u00e7o-300x223.jpg 300w, https:\/\/apacame.org.br\/site\/wp-content\/uploads\/2016\/05\/Figura_1_Mar\u00e7o-150x112.jpg 150w, https:\/\/apacame.org.br\/site\/wp-content\/uploads\/2016\/05\/Figura_1_Mar\u00e7o-500x372.jpg 500w, https:\/\/apacame.org.br\/site\/wp-content\/uploads\/2016\/05\/Figura_1_Mar\u00e7o.jpg 886w\" sizes=\"(max-width: 300px) 100vw, 300px\" \/><\/a>\n\t\t\t<\/div>\n\t\t\t\t<figcaption class='wp-caption-text gallery-caption' id='gallery-1-1292'>\n\t\t\t\tA Palestra do Prof Fernando Amaral foi uma verdadeira aula sobre plantas arom\u00e1ticas e \u00f3leos essenciais e despertou grande interesse de todos.\n\t\t\t\t<\/figcaption><\/figure><figure class='gallery-item'>\n\t\t\t<div class='gallery-icon landscape'>\n\t\t\t\t<a href='https:\/\/apacame.org.br\/site\/wp-content\/uploads\/2016\/05\/Figura_2_Mar\u00e7o.jpg'><img decoding=\"async\" width=\"300\" height=\"225\" src=\"https:\/\/apacame.org.br\/site\/wp-content\/uploads\/2016\/05\/Figura_2_Mar\u00e7o-300x225.jpg\" class=\"attachment-medium size-medium\" alt=\"\" aria-describedby=\"gallery-1-1293\" srcset=\"https:\/\/apacame.org.br\/site\/wp-content\/uploads\/2016\/05\/Figura_2_Mar\u00e7o-300x225.jpg 300w, https:\/\/apacame.org.br\/site\/wp-content\/uploads\/2016\/05\/Figura_2_Mar\u00e7o-150x112.jpg 150w, https:\/\/apacame.org.br\/site\/wp-content\/uploads\/2016\/05\/Figura_2_Mar\u00e7o-500x375.jpg 500w, https:\/\/apacame.org.br\/site\/wp-content\/uploads\/2016\/05\/Figura_2_Mar\u00e7o.jpg 886w\" sizes=\"(max-width: 300px) 100vw, 300px\" \/><\/a>\n\t\t\t<\/div>\n\t\t\t\t<figcaption class='wp-caption-text gallery-caption' id='gallery-1-1293'>\n\t\t\t\tAo final o Prof. Fernando Amaral foi agraciado com um Diploma de Reconhecimento que registra a sua presen\u00e7a na APACAME, entregue pelo nosso Diretor T\u00e9cnico Radam\u00e9s Zovaro.\n\t\t\t\t<\/figcaption><\/figure><figure class='gallery-item'>\n\t\t\t<div class='gallery-icon landscape'>\n\t\t\t\t<a href='https:\/\/apacame.org.br\/site\/wp-content\/uploads\/2016\/05\/Figura_3_Mar\u00e7o.jpg'><img decoding=\"async\" width=\"300\" height=\"224\" src=\"https:\/\/apacame.org.br\/site\/wp-content\/uploads\/2016\/05\/Figura_3_Mar\u00e7o-300x224.jpg\" class=\"attachment-medium size-medium\" alt=\"\" aria-describedby=\"gallery-1-1294\" srcset=\"https:\/\/apacame.org.br\/site\/wp-content\/uploads\/2016\/05\/Figura_3_Mar\u00e7o-300x224.jpg 300w, https:\/\/apacame.org.br\/site\/wp-content\/uploads\/2016\/05\/Figura_3_Mar\u00e7o-150x112.jpg 150w, https:\/\/apacame.org.br\/site\/wp-content\/uploads\/2016\/05\/Figura_3_Mar\u00e7o-500x373.jpg 500w, https:\/\/apacame.org.br\/site\/wp-content\/uploads\/2016\/05\/Figura_3_Mar\u00e7o.jpg 886w\" sizes=\"(max-width: 300px) 100vw, 300px\" \/><\/a>\n\t\t\t<\/div>\n\t\t\t\t<figcaption class='wp-caption-text gallery-caption' id='gallery-1-1294'>\n\t\t\t\tAo final da reuni\u00e3o o Prof. Fernando Amaral\nsorteou brindes aos presentes e a nossa\ncompanheira Luzia Milano foi uma das\nsorteadas, al\u00ed\u00e1s merecidamente.\n\t\t\t\t<\/figcaption><\/figure>\n\t\t<\/div>\n\n","protected":false},"excerpt":{"rendered":"<p>REUNI\u00c3O DOS APICULTORES E MELIPONICULTORES DIA 02 DE MAR\u00c7O DE 2016 Na reuni\u00e3o realizada no dia 02 de mar\u00e7o de 2016, no Audit\u00f3rio do Instituto de Pesca, localizado dentro do [&hellip;]<\/p>\n","protected":false},"author":1,"featured_media":0,"parent":1256,"menu_order":0,"comment_status":"open","ping_status":"open","template":"","meta":{"pmpro_default_level":"","_price":"","_stock":"","_tribe_ticket_header":"","_tribe_default_ticket_provider":"","_tribe_ticket_capacity":"0","_ticket_start_date":"","_ticket_end_date":"","_tribe_ticket_show_description":"","_tribe_ticket_show_not_going":false,"_tribe_ticket_use_global_stock":"","_tribe_ticket_global_stock_level":"","_global_stock_mode":"","_global_stock_cap":"","_tribe_rsvp_for_event":"","_tribe_ticket_going_count":"","_tribe_ticket_not_going_count":"","_tribe_tickets_list":"[]","_tribe_ticket_has_attendee_info_fields":false,"cybocfi_hide_featured_image":"","footnotes":""},"class_list":["post-1291","page","type-page","status-publish","hentry","pmpro-has-access"],"_links":{"self":[{"href":"https:\/\/apacame.org.br\/site\/wp-json\/wp\/v2\/pages\/1291"}],"collection":[{"href":"https:\/\/apacame.org.br\/site\/wp-json\/wp\/v2\/pages"}],"about":[{"href":"https:\/\/apacame.org.br\/site\/wp-json\/wp\/v2\/types\/page"}],"author":[{"embeddable":true,"href":"https:\/\/apacame.org.br\/site\/wp-json\/wp\/v2\/users\/1"}],"replies":[{"embeddable":true,"href":"https:\/\/apacame.org.br\/site\/wp-json\/wp\/v2\/comments?post=1291"}],"version-history":[{"count":2,"href":"https:\/\/apacame.org.br\/site\/wp-json\/wp\/v2\/pages\/1291\/revisions"}],"predecessor-version":[{"id":1296,"href":"https:\/\/apacame.org.br\/site\/wp-json\/wp\/v2\/pages\/1291\/revisions\/1296"}],"up":[{"embeddable":true,"href":"https:\/\/apacame.org.br\/site\/wp-json\/wp\/v2\/pages\/1256"}],"wp:attachment":[{"href":"https:\/\/apacame.org.br\/site\/wp-json\/wp\/v2\/media?parent=1291"}],"curies":[{"name":"wp","href":"https:\/\/api.w.org\/{rel}","templated":true}]}}