{"id":1261,"date":"2016-05-30T19:45:37","date_gmt":"2016-05-30T19:45:37","guid":{"rendered":"http:\/\/apacame.org.br\/site\/?page_id=1261"},"modified":"2016-05-30T19:45:37","modified_gmt":"2016-05-30T19:45:37","slug":"editorial","status":"publish","type":"page","link":"https:\/\/apacame.org.br\/site\/revista\/mensagem-doce-n-136-maio-de-2016\/editorial\/","title":{"rendered":"Editorial"},"content":{"rendered":"<h1 style=\"text-align: center;\">UMA NOVA PRAGA??<\/h1>\n<p>\u00a0<br \/>\n<span style=\"font-size: large;\">N\u00e3o bastasse a praga econ\u00f4mica que se abate sobre o Brasil, provocando o fechamento de ind\u00fastrias e do com\u00e9rcio o que resulta num desemprego nunca antes visto neste pa\u00eds.<\/span><\/p>\n<p><span style=\"font-size: large;\">N\u00e3o bastasse a praga pol\u00edtica que desmoraliza o Brasil n\u00e3o s\u00f3 internamente, como se v\u00ea nos movimentos populares como internacionalmente em que os pa\u00edses do mundo todo n\u00e3o entendem o que est\u00e1 ocorrendo na pol\u00edtica brasileira, o que provoca a paralisa\u00e7\u00e3o de todos os setores, resultando numa recess\u00e3o nunca antes vista neste pa\u00eds.<\/span><\/p>\n<p><span style=\"font-size: large;\">N\u00e3o bastasse a praga da corrup\u00e7\u00e3o sist\u00eamica instalada em todas as esferas federais, estaduais e municipais, cujo desvio de verbas p\u00fablicas refletem diretamente na sa\u00fade e na seguran\u00e7a do cidad\u00e3o brasileiro, o qual se encontra totalmente desamparado nas suas necessidades b\u00e1sicas.<\/span><\/p>\n<p><span style=\"font-size: large;\">N\u00e3o bastasse a praga dos agrot\u00f3xicos utilizados abusivamente em todo o territ\u00f3rio brasileiro, exterminando as abelhas, p\u00e1ssaros, peixes, enfim, toda a Fauna, buscando um resultado imediatista e n\u00e3o se preocupando com o futuro.<\/span><\/p>\n<p><span style=\"font-size: large;\">Agora, temos a not\u00edcia de uma nova Praga que come\u00e7a a se instalar no Brasil que \u00e9 o besouro AETHINA TUMIDA MURRAY causadora de grande preju\u00edzo na apicultura mundial.<\/span><\/p>\n<p><span style=\"font-size: large;\">Nesta edi\u00e7\u00e3o estamos publicando a NOTA T\u00c9CNICA elaborada pelos Doutores \u00c9rica Weinstein Teixeira, David de Jong, Aroni Sattler e Dejair Message, cuja finalidade \u00e9 alertar os apicultores apresentando todas as caracter\u00edsticas do referido besouro em todas as fases do seu desenvolvimento, no intuito de que cada apicultor pesquise no seu api\u00e1rio a exist\u00eancia da referida praga.<\/span><\/p>\n<p><span style=\"font-size: large;\">Uma vez detectada a presen\u00e7a do besouro ou a simples suspeita, deve ser imediata e obrigatoriamente comunicado \u00e0 Defesa Agropecu\u00e1ria local para, confirmada a presen\u00e7a do Aethina tumida, sejam tomadas medidas emergenciais visando impedir a prolifera\u00e7\u00e3o para outros api\u00e1rios.<\/span><\/p>\n<p><span style=\"font-size: large;\">Fiquem alerta, n\u00e3o bastassem as mudan\u00e7as clim\u00e1ticas e a falta de Pasto Ap\u00edcola, decorrente do desmatamento indiscriminado temos que ficar atentos \u00e0 esta nova praga.<\/span><\/p>\n<p style=\"text-align: right;\"><strong><em>Constantino Zara Filho \u2013 Presidente Executivo<\/em><\/strong><\/p>\n","protected":false},"excerpt":{"rendered":"<p>UMA NOVA PRAGA?? \u00a0 N\u00e3o bastasse a praga econ\u00f4mica que se abate sobre o Brasil, provocando o fechamento de ind\u00fastrias e do com\u00e9rcio o que resulta num desemprego nunca antes [&hellip;]<\/p>\n","protected":false},"author":1,"featured_media":0,"parent":1256,"menu_order":0,"comment_status":"open","ping_status":"open","template":"","meta":{"pmpro_default_level":"","_price":"","_stock":"","_tribe_ticket_header":"","_tribe_default_ticket_provider":"","_tribe_ticket_capacity":"0","_ticket_start_date":"","_ticket_end_date":"","_tribe_ticket_show_description":"","_tribe_ticket_show_not_going":false,"_tribe_ticket_use_global_stock":"","_tribe_ticket_global_stock_level":"","_global_stock_mode":"","_global_stock_cap":"","_tribe_rsvp_for_event":"","_tribe_ticket_going_count":"","_tribe_ticket_not_going_count":"","_tribe_tickets_list":"[]","_tribe_ticket_has_attendee_info_fields":false,"cybocfi_hide_featured_image":"","footnotes":""},"class_list":["post-1261","page","type-page","status-publish","hentry","pmpro-has-access"],"_links":{"self":[{"href":"https:\/\/apacame.org.br\/site\/wp-json\/wp\/v2\/pages\/1261"}],"collection":[{"href":"https:\/\/apacame.org.br\/site\/wp-json\/wp\/v2\/pages"}],"about":[{"href":"https:\/\/apacame.org.br\/site\/wp-json\/wp\/v2\/types\/page"}],"author":[{"embeddable":true,"href":"https:\/\/apacame.org.br\/site\/wp-json\/wp\/v2\/users\/1"}],"replies":[{"embeddable":true,"href":"https:\/\/apacame.org.br\/site\/wp-json\/wp\/v2\/comments?post=1261"}],"version-history":[{"count":2,"href":"https:\/\/apacame.org.br\/site\/wp-json\/wp\/v2\/pages\/1261\/revisions"}],"predecessor-version":[{"id":1263,"href":"https:\/\/apacame.org.br\/site\/wp-json\/wp\/v2\/pages\/1261\/revisions\/1263"}],"up":[{"embeddable":true,"href":"https:\/\/apacame.org.br\/site\/wp-json\/wp\/v2\/pages\/1256"}],"wp:attachment":[{"href":"https:\/\/apacame.org.br\/site\/wp-json\/wp\/v2\/media?parent=1261"}],"curies":[{"name":"wp","href":"https:\/\/api.w.org\/{rel}","templated":true}]}}