{"id":1220,"date":"2016-04-08T23:08:45","date_gmt":"2016-04-08T23:08:45","guid":{"rendered":"http:\/\/apacame.org.br\/site\/?page_id=1220"},"modified":"2016-04-08T23:21:10","modified_gmt":"2016-04-08T23:21:10","slug":"artigo-4","status":"publish","type":"page","link":"https:\/\/apacame.org.br\/site\/revista\/mensagem-doce-n-135-marco-de-2016\/artigo-4\/","title":{"rendered":"ARTIGO"},"content":{"rendered":"<h1 style=\"text-align: center;\">GUARAIPO,<br \/>\nUM REINO DE V\u00c1RIAS RAINHAS<\/h1>\n<blockquote><p>Professor Harold Brand, Biologo e Meliponicultor &#8211; <a href=\"mailto:denisebrandsano@hotmail.com\">denisebrandsano@hotmail.com<\/a><\/p><\/blockquote>\n<figure id=\"attachment_1223\" aria-describedby=\"caption-attachment-1223\" style=\"width: 300px\" class=\"wp-caption alignleft\"><a href=\"https:\/\/apacame.org.br\/site\/wp-content\/uploads\/2016\/04\/Imagem_1_Guaraipo.jpg\"><img fetchpriority=\"high\" decoding=\"async\" src=\"https:\/\/apacame.org.br\/site\/wp-content\/uploads\/2016\/04\/Imagem_1_Guaraipo-300x168.jpg\" alt=\"Os discos de cria em forma\u00e7\u00e3o, onde ocorre a postura da rainha ou rainhas, ocupam a parte superior do ninho ao passo que os discos com as abelhas nascentes sempre ocupam a regi\u00e3o inferior. Essa etologia particular da Guaraipo se explica pelo fato de que a medida que as abelhas nascem a estrutura remanescente \u00e9 desfeita e os discos de cima \u201cafundam\u201d, no espa\u00e7o formado.\" width=\"300\" height=\"168\" class=\"size-medium wp-image-1223\" srcset=\"https:\/\/apacame.org.br\/site\/wp-content\/uploads\/2016\/04\/Imagem_1_Guaraipo-300x168.jpg 300w, https:\/\/apacame.org.br\/site\/wp-content\/uploads\/2016\/04\/Imagem_1_Guaraipo-150x84.jpg 150w, https:\/\/apacame.org.br\/site\/wp-content\/uploads\/2016\/04\/Imagem_1_Guaraipo-500x280.jpg 500w, https:\/\/apacame.org.br\/site\/wp-content\/uploads\/2016\/04\/Imagem_1_Guaraipo.jpg 563w\" sizes=\"(max-width: 300px) 100vw, 300px\" \/><\/a><figcaption id=\"caption-attachment-1223\" class=\"wp-caption-text\">Os discos de cria em forma\u00e7\u00e3o, onde ocorre a postura da rainha ou rainhas, ocupam a parte superior do ninho ao passo que os discos com as abelhas nascentes sempre ocupam a regi\u00e3o inferior. Essa etologia particular da Guaraipo se explica pelo fato de que a medida que as abelhas nascem a estrutura remanescente \u00e9 desfeita e os discos de cima \u201cafundam\u201d, no espa\u00e7o formado.<\/figcaption><\/figure>\n<p><span style=\"font-size: large;\">\u00c9 uma peculiar fam\u00edlia de abelhas da tribo meliponini, informa\u00e7\u00e3o essa que nos faz lembrar que nos seus discos de cria, os alv\u00e9olos ou c\u00e9lulas de cria, s\u00e3o todos do mesmo tamanho, n\u00e3o existem indicativos dos quais eclodir\u00e3o as rainhas, oper\u00e1rias ou zang\u00f5es. <\/p>\n<p>Linda abelha cuja tonalidade varia do amarelo at\u00e9 a grafite ou mesmo negra, o que contrasta com seus grandes \u00abolhos\u00bb verdes e como marca \u00abregistrada\u201d o seu abd\u00f4men aveludado com altern\u00e2ncia de dois tons de cores.O que nos leva a seu nome oficial. Melipona bicolor.<\/p>\n<p>Guaraipo, abelha muito din\u00e2mica, mansa, n\u00e3o briga quando manipulada.<\/p>\n<p>Sua popula\u00e7\u00e3o pouco numerosa compensa esse fator pela alta capacidade de trabalho, como prova disso s\u00e3o seus enormes potes de um delicioso e lnigualavel mel, que ressaltam as ess\u00eancias florais da regi\u00e3o.Madrugam na busca do p\u00f3len e nectar, mesmo nos dias frios do rigoroso inverno sulino. S\u00e3o muitos eficientes, enquanto outras abelhas, inclusive a ap\u00eds est\u00e3o a merc\u00ea da fome. Elas mantem os seus \u00abarmaz\u00e9ns abarrotados\u00bb.<\/p>\n<figure id=\"attachment_1225\" aria-describedby=\"caption-attachment-1225\" style=\"width: 300px\" class=\"wp-caption alignright\"><a href=\"https:\/\/apacame.org.br\/site\/wp-content\/uploads\/2016\/04\/Imagem_2_Guaraipo.jpg\"><img decoding=\"async\" src=\"https:\/\/apacame.org.br\/site\/wp-content\/uploads\/2016\/04\/Imagem_2_Guaraipo-300x169.jpg\" alt=\"Na fotografia, uma das rainhas fisiog\u00e1stricas no centro de um C\u00edrculo, formado pelas oper\u00e1rias jovens, \u00e9 a &quot;corte&quot;.\" width=\"300\" height=\"169\" class=\"size-medium wp-image-1225\" srcset=\"https:\/\/apacame.org.br\/site\/wp-content\/uploads\/2016\/04\/Imagem_2_Guaraipo-300x169.jpg 300w, https:\/\/apacame.org.br\/site\/wp-content\/uploads\/2016\/04\/Imagem_2_Guaraipo-150x84.jpg 150w, https:\/\/apacame.org.br\/site\/wp-content\/uploads\/2016\/04\/Imagem_2_Guaraipo-500x282.jpg 500w, https:\/\/apacame.org.br\/site\/wp-content\/uploads\/2016\/04\/Imagem_2_Guaraipo.jpg 563w\" sizes=\"(max-width: 300px) 100vw, 300px\" \/><\/a><figcaption id=\"caption-attachment-1225\" class=\"wp-caption-text\">Na fotografia, uma das rainhas fisiog\u00e1stricas no centro de um C\u00edrculo, formado pelas oper\u00e1rias jovens, \u00e9 a &#8220;corte&#8221;.<\/figcaption><\/figure>\n<p>Essas abelhas despertam muito a curiosidade  pela sua peculiar estrutura social, que geralmente conta com a presen\u00e7a simult\u00e2nea de v\u00e1rias rainhas fisiog\u00e1stricas facilmente vis\u00edveis sobre o disco de cria em forma\u00e7\u00e3o. Mais ainda curiosamente, de tempo, em tempo, cada uma delas pode ocupar a posi\u00e7\u00e3o central de um c\u00edrculo, formado por abelhas novas, essa a sua \u201ccorte\u00bb<\/p>\n<p>Daria para imaginar essa maravilhosa estrutura social de v\u00e1rias rainhas vivendo harmoniosamente, com uma outra corte de muitas \u00abpresidentas\u00bb em nossa Bras\u00edlia?<\/p>\n<p>Elas ainda se destacam das demais abelhas nativas da sua tribo pela disposi\u00e7\u00e3o dos seus discos de cria.Os com abelhas eclodindo ocupam a posi\u00e7\u00e3o inferior e os disco de cria em forma\u00e7\u00e3o, onde ocorre a postura ocupam a parte superior do ninho.Nas outras esp\u00e9cies \u00a0da tribo ocorre altern\u00e2ncia de posicionamento. <\/p>\n<p>Apesar de todos esses predicados dessa abelha,no\u00a0entanto, o seu horizonte temporal paira a nuvem negra da amea\u00e7a da extin\u00e7\u00e3o.<\/p>\n<figure id=\"attachment_1227\" aria-describedby=\"caption-attachment-1227\" style=\"width: 300px\" class=\"wp-caption alignleft\"><a href=\"https:\/\/apacame.org.br\/site\/wp-content\/uploads\/2016\/04\/Imagem_3_Guaraipo.jpg\"><img decoding=\"async\" src=\"https:\/\/apacame.org.br\/site\/wp-content\/uploads\/2016\/04\/Imagem_3_Guaraipo-300x151.jpg\" alt=\"No reino das Guaraipos \u00e9 comum a presen\u00e7a de v\u00e1rias rainhas fisiog\u00e1stricas simultaneamente. Na foto 4 rainhas fisiog\u00e1stricas.\" width=\"300\" height=\"151\" class=\"size-medium wp-image-1227\" srcset=\"https:\/\/apacame.org.br\/site\/wp-content\/uploads\/2016\/04\/Imagem_3_Guaraipo-300x151.jpg 300w, https:\/\/apacame.org.br\/site\/wp-content\/uploads\/2016\/04\/Imagem_3_Guaraipo-150x75.jpg 150w, https:\/\/apacame.org.br\/site\/wp-content\/uploads\/2016\/04\/Imagem_3_Guaraipo-500x251.jpg 500w, https:\/\/apacame.org.br\/site\/wp-content\/uploads\/2016\/04\/Imagem_3_Guaraipo.jpg 564w\" sizes=\"(max-width: 300px) 100vw, 300px\" \/><\/a><figcaption id=\"caption-attachment-1227\" class=\"wp-caption-text\">No reino das Guaraipos \u00e9 comum a presen\u00e7a de v\u00e1rias rainhas fisiog\u00e1stricas simultaneamente. Na foto 4 rainhas fisiog\u00e1stricas.<\/figcaption><\/figure>\n<p>Em um futuro muito pr\u00f3ximo poderemos levar nossos filhos ou netos a visitar um museu ou um laborat\u00f3rio de entomologia e aprecia-las apenas transpassadas por alfinetes, ladeadas por conservadoras bolas de naftalina, ornando o interior de mostru\u00e1rio das esp\u00e9cies que j\u00e1 habitaram o nosso planeta.<\/p>\n<p><strong>Os ind\u00edcios do seu desaparecimento <\/strong><\/p>\n<p>Saudosos os relatos de pesquisadores do in\u00edcio do s\u00e9culo \u00a0passado que mencionam a sua abund\u00e2ncia na regi\u00e3o da Grande Curitiba.Na atualidade s\u00f3 temos relatos muito espor\u00e1dicos de algumas fam\u00edlias no seu estado nativo no munic\u00edpio de Andrian\u00f3polis,uma fam\u00edlia em Campo Comprido, indica\u00e7\u00e3o da sua presen\u00e7a nas flores do municipio, Borda do Campo.Nos \u00faltimos vinte anos apenas uma fam\u00edlia foi obtida em uma caixa de espera na regi\u00e3o de Piraquara junto a Mata Atl\u00e2ntica. Fatos que justificam a sua inclus\u00e3o na listas das esp\u00e9cies em extin\u00e7\u00e3o pelos \u00f3rg\u00e3os oficiais.<\/p>\n<p>S\u00f3 n\u00e3o poderemos responder as gera\u00e7\u00f5es futuras porque o homem o \u00fanico culpado, labutou tanto para exterminar essa abelha.<\/p>\n<p><strong>Seria porque ela:<\/strong><\/p>\n<p>\u00c9 muito d\u00f3cil e n\u0103o agride ningu\u00e9m ?<\/p>\n<p>Produz um saboroso mel cheio de predicados medicinais?<\/p>\n<p>Elabora um pr\u00f3polis com muitas subst\u00e2ncias biologicamente ativas, que poderiam entrar na formula\u00e7\u00e3o de medicamentos ou produtos de beleza?<\/p>\n<p>Constroem potes de p\u00f3len onde convivem bact\u00e9rias e fungos que geram antibi\u00f3ticos e enzimas digestivas?<\/p>\n<p>Por ser excelente polinizadora, elo importante na perpetua\u00e7\u00e3o das nossas plantas nativas?<\/p>\n<p>Algu\u00e9m poderia explicar porque estamos quebrando mais esse elo da natureza do nosso j\u00e1 castigado planeta terra? <\/p>\n<p>N\u00e3o \u00e9 s\u00f3 o peso em si da extin\u00e7\u00e3o dessa polinizadora mas, o agravante da morte do elo amoroso entre as plantas, sem esse agente transportador gratuito do p\u00f3len , o recipiente das informa\u00e7\u00f5es gen\u00e9ticas que mant\u00e9m vivo o esplendor e a vitalidade de nossas matas.<\/p>\n<p>Algumas mem\u00f3rias e tradi\u00e7\u00f5es coletadas nas comunidades das regi\u00f5es endemicas, dessas abelhas.<\/p>\n<p>No seu habitat natural, a sua nidifica\u00e7\u00e3o se da na base dos troncos (p\u00e9 de pau) pr\u00f3ximos aos rios, muitas vezes sujeitos a eventuais inunda\u00e7\u00f5es. Na regi\u00e3o de Andrianopolis, PR, onde ainda existe algumas nativas, os ribeirinhos contam que elas \u201cprevem\u201d a eleva\u00e7\u00e3o do n\u00edvel das \u00e1guas, vedando com anteced\u00eancia a abertura de entrada permanecendo at\u00e9 a volta ao n\u00edvel das \u00e1guas.<\/p>\n<p>Um fato curioso ocorreu no nosso melipon\u00e1rio do xaxim, observamos o fechamento da entrada horas antes de ocorrer intensa chuva assim permanecendo vedada por v\u00e1rios dias.<\/span><\/p>\n<p><a href=\"https:\/\/apacame.org.br\/site\/wp-content\/uploads\/2016\/04\/Box.jpg\"><img loading=\"lazy\" decoding=\"async\" src=\"https:\/\/apacame.org.br\/site\/wp-content\/uploads\/2016\/04\/Box-1024x807.jpg\" alt=\"Box\" width=\"1024\" height=\"807\" class=\"aligncenter size-large wp-image-1229\" srcset=\"https:\/\/apacame.org.br\/site\/wp-content\/uploads\/2016\/04\/Box-1024x807.jpg 1024w, https:\/\/apacame.org.br\/site\/wp-content\/uploads\/2016\/04\/Box-300x237.jpg 300w, https:\/\/apacame.org.br\/site\/wp-content\/uploads\/2016\/04\/Box-150x118.jpg 150w, https:\/\/apacame.org.br\/site\/wp-content\/uploads\/2016\/04\/Box-500x394.jpg 500w, https:\/\/apacame.org.br\/site\/wp-content\/uploads\/2016\/04\/Box.jpg 1225w\" sizes=\"(max-width: 1024px) 100vw, 1024px\" \/><\/a><\/p>\n","protected":false},"excerpt":{"rendered":"<p>GUARAIPO, UM REINO DE V\u00c1RIAS RAINHAS Professor Harold Brand, Biologo e Meliponicultor &#8211; denisebrandsano@hotmail.com \u00c9 uma peculiar fam\u00edlia de abelhas da tribo meliponini, informa\u00e7\u00e3o essa que nos faz lembrar que [&hellip;]<\/p>\n","protected":false},"author":1,"featured_media":0,"parent":1112,"menu_order":0,"comment_status":"open","ping_status":"open","template":"","meta":{"pmpro_default_level":"","_price":"","_stock":"","_tribe_ticket_header":"","_tribe_default_ticket_provider":"","_tribe_ticket_capacity":"0","_ticket_start_date":"","_ticket_end_date":"","_tribe_ticket_show_description":"","_tribe_ticket_show_not_going":false,"_tribe_ticket_use_global_stock":"","_tribe_ticket_global_stock_level":"","_global_stock_mode":"","_global_stock_cap":"","_tribe_rsvp_for_event":"","_tribe_ticket_going_count":"","_tribe_ticket_not_going_count":"","_tribe_tickets_list":"[]","_tribe_ticket_has_attendee_info_fields":false,"cybocfi_hide_featured_image":"","footnotes":""},"class_list":["post-1220","page","type-page","status-publish","hentry","pmpro-has-access"],"_links":{"self":[{"href":"https:\/\/apacame.org.br\/site\/wp-json\/wp\/v2\/pages\/1220"}],"collection":[{"href":"https:\/\/apacame.org.br\/site\/wp-json\/wp\/v2\/pages"}],"about":[{"href":"https:\/\/apacame.org.br\/site\/wp-json\/wp\/v2\/types\/page"}],"author":[{"embeddable":true,"href":"https:\/\/apacame.org.br\/site\/wp-json\/wp\/v2\/users\/1"}],"replies":[{"embeddable":true,"href":"https:\/\/apacame.org.br\/site\/wp-json\/wp\/v2\/comments?post=1220"}],"version-history":[{"count":6,"href":"https:\/\/apacame.org.br\/site\/wp-json\/wp\/v2\/pages\/1220\/revisions"}],"predecessor-version":[{"id":1230,"href":"https:\/\/apacame.org.br\/site\/wp-json\/wp\/v2\/pages\/1220\/revisions\/1230"}],"up":[{"embeddable":true,"href":"https:\/\/apacame.org.br\/site\/wp-json\/wp\/v2\/pages\/1112"}],"wp:attachment":[{"href":"https:\/\/apacame.org.br\/site\/wp-json\/wp\/v2\/media?parent=1220"}],"curies":[{"name":"wp","href":"https:\/\/api.w.org\/{rel}","templated":true}]}}