{"id":1212,"date":"2016-04-08T22:47:57","date_gmt":"2016-04-08T22:47:57","guid":{"rendered":"http:\/\/apacame.org.br\/site\/?page_id=1212"},"modified":"2016-04-08T22:58:55","modified_gmt":"2016-04-08T22:58:55","slug":"comunicado","status":"publish","type":"page","link":"https:\/\/apacame.org.br\/site\/revista\/mensagem-doce-n-135-marco-de-2016\/comunicado\/","title":{"rendered":"COMUNICADO"},"content":{"rendered":"<h1 style=\"text-align: center;\">Circular Informativa Sobre os Agroqu\u00edmicos 16\/2015.<\/h1>\n<blockquote><p>Jos\u00e9 Soares de Arag\u00e3o Brito &#8211; Presidente da C B A &#8211; Aracaju SE, 17 de julho de 2015<\/p><\/blockquote>\n<h2 style=\"text-align: center;\">Para conhecimento das Federa\u00e7\u00f5es filiadas \u00e0<br \/>\nConfedera\u00e7\u00e3o Brasileira de Apicultura \u2013 C B A<\/h2>\n<p><span style=\"font-size: large;\"><a href=\"https:\/\/apacame.org.br\/site\/wp-content\/uploads\/2016\/04\/IV_CBA_VERSOES_MARCA_CURVAS.jpg\"><img decoding=\"async\" src=\"https:\/\/apacame.org.br\/site\/wp-content\/uploads\/2016\/04\/IV_CBA_VERSOES_MARCA_CURVAS-300x150.jpg\" alt=\"\" width=\"300\" height=\"150\" class=\"alignleft size-medium wp-image-1213\" srcset=\"https:\/\/apacame.org.br\/site\/wp-content\/uploads\/2016\/04\/IV_CBA_VERSOES_MARCA_CURVAS-300x150.jpg 300w, https:\/\/apacame.org.br\/site\/wp-content\/uploads\/2016\/04\/IV_CBA_VERSOES_MARCA_CURVAS-150x75.jpg 150w, https:\/\/apacame.org.br\/site\/wp-content\/uploads\/2016\/04\/IV_CBA_VERSOES_MARCA_CURVAS-500x250.jpg 500w, https:\/\/apacame.org.br\/site\/wp-content\/uploads\/2016\/04\/IV_CBA_VERSOES_MARCA_CURVAS.jpg 827w\" sizes=\"(max-width: 300px) 100vw, 300px\" \/><\/a>Prezados Presidentes,<\/p>\n<p>A Diretoria da C. B. A., comunica aos Senhores Presidentes das Federa\u00e7\u00f5es Ap\u00edcolas e Melipon\u00edcolas filiadas, o resumo das discuss\u00f5es levantadas e encaminhadas conjuntamente com a sua Comiss\u00e3o T\u00e9cnico Cientifica, na Pessoa da sua Presidente L\u00eddia Barreto  e alguns Membros da referida Comiss\u00e3o presentes, al\u00e9m da Participa\u00e7\u00e3o da UNAMEL, FAPISE, FEBAMEL, FAMESP, FARN e FECAP, por ocasi\u00e3o do III Semin\u00e1rio Brasileiro de P\u00f3len e Pr\u00f3polis e VI Congresso Baiano de Apicultura e Meliponicultura, realizado na Cidade de Ilh\u00e9us Bahia de 7 a 10 de julho do ano em curso. A seguir o conte\u00fado da referida reuni\u00e3o, ou seja, a manifesta\u00e7\u00e3o de p\u00fablico desta Confedera\u00e7\u00e3o sobre os agroqu\u00edmicos:<\/p>\n<p>H\u00e1 mais de 40 anos as ind\u00fastrias de agroqu\u00edmicos existem no Brasil, portanto, trata-se de um problema antigo e cr\u00f4nico e de efeitos danosos ao ambiente e aos seres vivos, evidenciando e gerando um grande passivo ambiental e que deve sem d\u00favida, retornar a sociedade para anular ou mitigar seus efeitos adversos \u00e0 qualidade de vida em toda sua amplitude. <\/p>\n<p>Os acontecimentos que envolvem as empresas de Inseticidas e demais representa\u00e7\u00f5es que de maneira ou outra estejam ligadas com o uso e a aplica\u00e7\u00e3o de agroqu\u00edmicos, acabam eliminando os agentes polinizadores ou contaminando seus respectivos produtos, al\u00e9m de contribuir para a redu\u00e7\u00e3o da produtividade do segmento agr\u00edcola e dos biomas nativos do Pa\u00eds. <\/p>\n<p>\u00c9 mais que sabido que o Brasil, um pa\u00eds com dimens\u00f5es continentais, tenham extensivas \u00e1reas plantadas que demandam entre os protocolos de tratos culturais, pela utiliza\u00e7\u00e3o de agroqu\u00edmicos, considerados protetores de plantas, mas que acabam por atuar como exterminadores de insetos, dentre eles nossas abelhas.  Pior s\u00e3o \u00e0queles produtos, com efeitos n\u00e3o letais, que n\u00e3o matando nossas abelhas permitem que as mesmas, as campeiras, transportem para as colmeias, n\u00e9ctar e p\u00f3len contaminados, envenenando suas crias, ou at\u00e9 mesmo contaminando os produtos das colmeias que chegam em forma de alimento na mesa da popula\u00e7\u00e3o consumidora.<\/p>\n<p>Ciente dos acontecimentos a C. B. A. juntamente com seu Comit\u00ea T\u00e9cnico Cientifico vem discutindo estrat\u00e9gia que de fato sejam eficientes e propor aos <\/p>\n<p>Minist\u00e9rios de Agricultura e do Meio Ambiente que possam reduzir, mitigar e eliminar produtos que reconhecidamente trazem mais malef\u00edcios do que benef\u00edcios \u00e0s nossas abelhas e ao meio ambiente em que elas vivem, em nosso Pa\u00eds.<\/p>\n<p>Respeitamos a pesquisa e os pesquisadores que desenvolvem projetos com a ind\u00fastria e representa\u00e7\u00f5es com as \u00e1reas dos agroqu\u00edmicos, pois acreditamos que muitas das solu\u00e7\u00f5es para os grandes impactos gerados encontrar\u00e3o respostas, a partir destes estudos. <\/p>\n<p>Todas as iniciativas que registram ocorr\u00eancias: morte, sumi\u00e7o ou diminui\u00e7\u00e3o populacional, s\u00e3o desej\u00e1veis pela C. B. A., desde que se tenham comprova\u00e7\u00f5es criteriosas, como laudos laboratoriais, laudos T\u00e9cnicos Cient\u00edficos, sobre a origem dos referidos processos que s\u00e3o considerados de extrema   import\u00e2ncia e fundamentais para a forma\u00e7\u00e3o de banco de dados;<\/p>\n<p>S\u00e3o reduzidas as a\u00e7\u00f5es de compensa\u00e7\u00e3o ou mitiga\u00e7\u00e3o das ind\u00fastrias, de suas organiza\u00e7\u00f5es, frente aos produtos t\u00e3o letais como os usados atualmente no Brasil, bem como, a ado\u00e7\u00e3o inexpressiva do Receitu\u00e1rio Agron\u00f4mico e o desconhecimento ou conhecimento insuficiente dos pr\u00f3prios agricultores sobre efeitos delet\u00e9rios pelo mau uso dos referidos produtos, a esses, seria fundamental a a\u00e7\u00f5es fiscalizadoras, infelizmente ainda deficiente, n\u00e3o conseguindo bloquear o uso de produtos e aplicadores clandestinos no pa\u00eds, certamente, grandes causadores de tanta mortalidade de insetos benignos ao equil\u00edbrio ambiental, como os polinizadores e dentre esses, as abelhas, que al\u00e9m de eficientes polinizadores, tamb\u00e9m produzem mel, cera, p\u00f3len, pr\u00f3polis e geleia real. <\/p>\n<p>Para superar as defici\u00eancias levantadas no item anterior, a C. B. A., solicita junto aos Minist\u00e9rios da Agricultura e Minist\u00e9rio do Meio Ambiente a Implanta\u00e7\u00e3o\/cria\u00e7\u00e3o do SERVI\u00c7OS DE NOTIFICA\u00c7\u00c3O, para registro de ocorr\u00eancia de mortalidade de abelhas e por extens\u00e3o, dos insetos polinizadores, que tamb\u00e9m contribuem para recomposi\u00e7\u00e3o da flora dos diversos biomas que contribuem para o enriquecimento do pasto das pr\u00f3prias abelhas. O referido servi\u00e7o, certamente ter\u00e1 na sua constitui\u00e7\u00e3o todo um protocolo de identifica\u00e7\u00e3o da ocorr\u00eancia, visita ao local, coleta de material, encaminhamento para laborat\u00f3rio oficial ou credenciado do Estado, emiss\u00e3o de laudo e procedimentos legais, p\u00f3s laudo.<\/span><\/p>\n<blockquote>\n<h3 style=\"text-align: center;\">Diante do Exposto Defendemos ao Tempo Que Solicitamos:<\/h3>\n<p><span style=\"font-size: large;\"><strong>1-<\/strong> Apoio Federal para discuss\u00e3o e implanta\u00e7\u00e3o de pol\u00edticas p\u00fablicas que contemplem, a prote\u00e7\u00e3o dos agentes polinizadores, mitigando e valorando a classe ap\u00edcola e melipon\u00edcola, como produtores ambientais.<br \/>\n<br \/>\n<strong>2-<\/strong> Abertura de di\u00e1logo com o Servi\u00e7o Oficial de Assist\u00eancia T\u00e9cnica e Extens\u00e3o Rural para fortalecer os procedimentos apresentados abaixo, para reduzir ao m\u00e1ximo o uso de agroqu\u00edmicos em suas atividades agr\u00edcolas, dando com isso, nosso exemplo e contribui\u00e7\u00e3o para a sociedade:<br \/>\n<br \/>\nReinserir, atualizar e utilizar pr\u00e1ticas de manejo integrado de pragas (MIP), combatendo-as de forma alternativa e\/ou conviv\u00eancia com as mesmas, dentro dos limites tecnicamente e economicamente definidos (pesquisa amostras e identifica\u00e7\u00e3o de dano igual ou inferior a 10% de infesta\u00e7\u00e3o); onde os danos econ\u00f4micos causados pelas pragas incidentes s\u00e3o inferiores aos custos com o uso e aplica\u00e7\u00e3o dos agroqu\u00edmicos.<br \/>\n<br \/>\nRedu\u00e7\u00e3o e elimina\u00e7\u00e3o do uso de produtos de maior impacto ao ambiente e abelhas;<br \/>\n<br \/>\n\u2022 Implanta\u00e7\u00e3o de sistemas de comunica\u00e7\u00e3o local das \u00e1reas alvos de aplica\u00e7\u00f5es;<br \/>\n\u2022 Aumento da fiscaliza\u00e7\u00e3o nas aplica\u00e7\u00f5es terrestres e a\u00e9reas;<br \/>\n\u2022 Implanta\u00e7\u00e3o de Programas Nacionais de Mitiga\u00e7\u00e3o e compensa\u00e7\u00e3o ambiental;<br \/>\n<br \/>\n<strong>3 &#8211;<\/strong> Forma\u00e7\u00e3o de Peritos em Patologia de Abelhas, intoxica\u00e7\u00f5es e morte bem como levantamento populacional, para emiss\u00e3o de laudos t\u00e9cnicos;<br \/>\n<br \/>\n<strong>4 &#8211;<\/strong> Sensibiliza\u00e7\u00e3o de nossos representantes estaduais e federais para aten\u00e7\u00e3o e prioridade sobre a tem\u00e1tica;<br \/>\n<br \/>\n<strong>5 &#8211;<\/strong> Solicitamos que o presente documento seja amplamente divulgado entre seus pares, entregue a todas as Associa\u00e7\u00f5es ligadas as \u00e1reas ap\u00edcola, melipon\u00edcola e demais \u00e1reas e representa\u00e7\u00f5es com interface \u00e1s nossas tem\u00e1ticas.<br \/>\n<br \/>\nFinalizando, informamos a todas as Federadas que a C. B. A., n\u00e3o tem nenhuma articula\u00e7\u00e3o junto a empresas de agroqu\u00edmicos e sim, com \u00f3rg\u00e3os oficiais do Estado Brasileiro, com vistas a redu\u00e7\u00e3o ou impedimento das a\u00e7\u00f5es que venham a comprometer a sa\u00fade das nossas abelhas, conforme est\u00e1 exposto nesta nota; at\u00e9 porque essa \u00e9 a orienta\u00e7\u00e3o da FILAPI e da APIMONDIA a quem somos filiados.<\/span>\n<\/p><\/blockquote>\n","protected":false},"excerpt":{"rendered":"<p>Circular Informativa Sobre os Agroqu\u00edmicos 16\/2015. Jos\u00e9 Soares de Arag\u00e3o Brito &#8211; Presidente da C B A &#8211; Aracaju SE, 17 de julho de 2015 Para conhecimento das Federa\u00e7\u00f5es filiadas [&hellip;]<\/p>\n","protected":false},"author":1,"featured_media":0,"parent":1112,"menu_order":0,"comment_status":"open","ping_status":"open","template":"","meta":{"pmpro_default_level":"","_price":"","_stock":"","_tribe_ticket_header":"","_tribe_default_ticket_provider":"","_tribe_ticket_capacity":"0","_ticket_start_date":"","_ticket_end_date":"","_tribe_ticket_show_description":"","_tribe_ticket_show_not_going":false,"_tribe_ticket_use_global_stock":"","_tribe_ticket_global_stock_level":"","_global_stock_mode":"","_global_stock_cap":"","_tribe_rsvp_for_event":"","_tribe_ticket_going_count":"","_tribe_ticket_not_going_count":"","_tribe_tickets_list":"[]","_tribe_ticket_has_attendee_info_fields":false,"cybocfi_hide_featured_image":"","footnotes":""},"class_list":["post-1212","page","type-page","status-publish","hentry","pmpro-has-access"],"_links":{"self":[{"href":"https:\/\/apacame.org.br\/site\/wp-json\/wp\/v2\/pages\/1212"}],"collection":[{"href":"https:\/\/apacame.org.br\/site\/wp-json\/wp\/v2\/pages"}],"about":[{"href":"https:\/\/apacame.org.br\/site\/wp-json\/wp\/v2\/types\/page"}],"author":[{"embeddable":true,"href":"https:\/\/apacame.org.br\/site\/wp-json\/wp\/v2\/users\/1"}],"replies":[{"embeddable":true,"href":"https:\/\/apacame.org.br\/site\/wp-json\/wp\/v2\/comments?post=1212"}],"version-history":[{"count":6,"href":"https:\/\/apacame.org.br\/site\/wp-json\/wp\/v2\/pages\/1212\/revisions"}],"predecessor-version":[{"id":1219,"href":"https:\/\/apacame.org.br\/site\/wp-json\/wp\/v2\/pages\/1212\/revisions\/1219"}],"up":[{"embeddable":true,"href":"https:\/\/apacame.org.br\/site\/wp-json\/wp\/v2\/pages\/1112"}],"wp:attachment":[{"href":"https:\/\/apacame.org.br\/site\/wp-json\/wp\/v2\/media?parent=1212"}],"curies":[{"name":"wp","href":"https:\/\/api.w.org\/{rel}","templated":true}]}}