{"id":1182,"date":"2016-04-08T21:55:13","date_gmt":"2016-04-08T21:55:13","guid":{"rendered":"http:\/\/apacame.org.br\/site\/?page_id=1182"},"modified":"2016-04-08T21:57:40","modified_gmt":"2016-04-08T21:57:40","slug":"homenagem","status":"publish","type":"page","link":"https:\/\/apacame.org.br\/site\/revista\/mensagem-doce-n-135-marco-de-2016\/homenagem\/","title":{"rendered":"HOMENAGEM"},"content":{"rendered":"<h1 style=\"text-align: center;\">BODAS DE DIAMANTE DO CASAL PRIEDOLS<\/h1>\n<p><span style=\"font-size: large;\"><figure id=\"attachment_1183\" aria-describedby=\"caption-attachment-1183\" style=\"width: 300px\" class=\"wp-caption alignleft\"><a href=\"https:\/\/apacame.org.br\/site\/wp-content\/uploads\/2016\/04\/Casal-Priedols.jpg\"><img fetchpriority=\"high\" decoding=\"async\" src=\"https:\/\/apacame.org.br\/site\/wp-content\/uploads\/2016\/04\/Casal-Priedols-300x200.jpg\" alt=\"Casal Priedols\" width=\"300\" height=\"200\" class=\"size-medium wp-image-1183\" srcset=\"https:\/\/apacame.org.br\/site\/wp-content\/uploads\/2016\/04\/Casal-Priedols-300x200.jpg 300w, https:\/\/apacame.org.br\/site\/wp-content\/uploads\/2016\/04\/Casal-Priedols-150x100.jpg 150w, https:\/\/apacame.org.br\/site\/wp-content\/uploads\/2016\/04\/Casal-Priedols-500x333.jpg 500w, https:\/\/apacame.org.br\/site\/wp-content\/uploads\/2016\/04\/Casal-Priedols.jpg 1020w\" sizes=\"(max-width: 300px) 100vw, 300px\" \/><\/a><figcaption id=\"caption-attachment-1183\" class=\"wp-caption-text\">Casal Priedols<\/figcaption><\/figure> <\/span><\/p>\n<p><span style=\"font-size: large;\">No dia 23 de janeiro de 2016, tivemos a grata satisfa\u00e7\u00e3o de participar de um almo\u00e7o que contou com a presen\u00e7a de mais de 100 pessoas em comemora\u00e7\u00e3o aos 60 anos de casamento do casal Helena e Carlos Augusto Priedols.<\/p>\n<p>Carlos Augusto Priedols, s\u00f3cio 302 da APACAME vem colaborando h\u00e1 mais de 30 anos com a Diretoria da Entidade, participando ativamente do Departamento T\u00e9cnico e, no almo\u00e7o, se prontificou em continuar ajudando.<br \/>\n S\u00e3o dele as seguintes palavras: \u201cPresidente, se precisar, \u00e9 s\u00f3 convocar\u201d<\/p>\n<p>\u00c9 este exemplo que dignifica o associativismo que reina na Fam\u00edlia APACAME.<\/p>\n<p>Sentimo-nos prestigiados ao receber o Convite para a comemora\u00e7\u00e3o das Bodas de Diamante do casal Priedols.<\/p>\n<p>Desejamos que permane\u00e7am unidos por muitos e muitos anos.<br \/>\n<\/span><\/p>\n","protected":false},"excerpt":{"rendered":"<p>BODAS DE DIAMANTE DO CASAL PRIEDOLS No dia 23 de janeiro de 2016, tivemos a grata satisfa\u00e7\u00e3o de participar de um almo\u00e7o que contou com a presen\u00e7a de mais de [&hellip;]<\/p>\n","protected":false},"author":1,"featured_media":0,"parent":1112,"menu_order":0,"comment_status":"open","ping_status":"open","template":"","meta":{"pmpro_default_level":"","_price":"","_stock":"","_tribe_ticket_header":"","_tribe_default_ticket_provider":"","_tribe_ticket_capacity":"0","_ticket_start_date":"","_ticket_end_date":"","_tribe_ticket_show_description":"","_tribe_ticket_show_not_going":false,"_tribe_ticket_use_global_stock":"","_tribe_ticket_global_stock_level":"","_global_stock_mode":"","_global_stock_cap":"","_tribe_rsvp_for_event":"","_tribe_ticket_going_count":"","_tribe_ticket_not_going_count":"","_tribe_tickets_list":"[]","_tribe_ticket_has_attendee_info_fields":false,"cybocfi_hide_featured_image":"","footnotes":""},"class_list":["post-1182","page","type-page","status-publish","hentry","pmpro-has-access"],"_links":{"self":[{"href":"https:\/\/apacame.org.br\/site\/wp-json\/wp\/v2\/pages\/1182"}],"collection":[{"href":"https:\/\/apacame.org.br\/site\/wp-json\/wp\/v2\/pages"}],"about":[{"href":"https:\/\/apacame.org.br\/site\/wp-json\/wp\/v2\/types\/page"}],"author":[{"embeddable":true,"href":"https:\/\/apacame.org.br\/site\/wp-json\/wp\/v2\/users\/1"}],"replies":[{"embeddable":true,"href":"https:\/\/apacame.org.br\/site\/wp-json\/wp\/v2\/comments?post=1182"}],"version-history":[{"count":3,"href":"https:\/\/apacame.org.br\/site\/wp-json\/wp\/v2\/pages\/1182\/revisions"}],"predecessor-version":[{"id":1186,"href":"https:\/\/apacame.org.br\/site\/wp-json\/wp\/v2\/pages\/1182\/revisions\/1186"}],"up":[{"embeddable":true,"href":"https:\/\/apacame.org.br\/site\/wp-json\/wp\/v2\/pages\/1112"}],"wp:attachment":[{"href":"https:\/\/apacame.org.br\/site\/wp-json\/wp\/v2\/media?parent=1182"}],"curies":[{"name":"wp","href":"https:\/\/api.w.org\/{rel}","templated":true}]}}