{"id":1145,"date":"2016-04-07T21:47:54","date_gmt":"2016-04-07T21:47:54","guid":{"rendered":"http:\/\/apacame.org.br\/site\/?page_id=1145"},"modified":"2016-04-07T21:53:14","modified_gmt":"2016-04-07T21:53:14","slug":"reuniao","status":"publish","type":"page","link":"https:\/\/apacame.org.br\/site\/revista\/mensagem-doce-n-135-marco-de-2016\/reuniao\/","title":{"rendered":"REUNI\u00c3O"},"content":{"rendered":"<h1 style=\"text-align: center;\">REUNI\u00c3O DOS APICULTORES E MELIPONICULTORES<\/h1>\n<p><b><i>DIA 02 DE DEZEMBRO DE 2015, \u00c0S 18h00 HORAS,<br \/>\nNO AUDIT\u00d3RIO DO INSTITUTO DE PESCA<br \/>\nDENTRO DO PARQUE DA \u00c1GUA BRANCA.<\/i><\/b><\/p>\n<p><span style=\"font-size: large;\">Na reuni\u00e3o do dia 02 de dezembro de 2015 tivemos a honra de receber a visita do Bi\u00f3logo e Apiterapeuta<br \/>\nFabiano Guedes Rodrigues da Silva, P\u00f3s Graduando em Apicultura na UNITAU\/Taubat\u00e9; Licenciatura em Ci\u00eancias Biol\u00f3gicas na UNIESP\/SP; T\u00e9cnico Agr\u00edcola &#8211; Col\u00e9gio Don Otorino Zanon, Itatiaia\/RJ; Coordenador Educacional h\u00e1 11 anos na Reserva do Parque Ecol\u00f3gico e Cultural Cidade das Abelhas, Embu\/SP; Apiterapeuta, Instituto Alpha de Sa\u00fade Integral e Cl\u00ednica Dr. Gustavo Vilela que proferiu uma Palestra sobre o tema: Resgate De Enxames De Abelhas Nas Regi\u00f5es Da Grande S\u00e3o Paulo, que \u00e9 a Monografia do Curso de Espacializa\u00e7\u00e3o em Apicultura na UNITAU, tendo como Profa. a Dra. Lidia Barreto e Corpo Docente.<\/span><\/p>\n<div id='gallery-1' class='gallery galleryid-1145 gallery-columns-3 gallery-size-medium'><figure class='gallery-item'>\n\t\t\t<div class='gallery-icon landscape'>\n\t\t\t\t<a href='https:\/\/apacame.org.br\/site\/wp-content\/uploads\/2016\/04\/Reuni\u00e3o_4.jpg'><img fetchpriority=\"high\" decoding=\"async\" width=\"300\" height=\"225\" src=\"https:\/\/apacame.org.br\/site\/wp-content\/uploads\/2016\/04\/Reuni\u00e3o_4-300x225.jpg\" class=\"attachment-medium size-medium\" alt=\"\" aria-describedby=\"gallery-1-1150\" srcset=\"https:\/\/apacame.org.br\/site\/wp-content\/uploads\/2016\/04\/Reuni\u00e3o_4-300x225.jpg 300w, https:\/\/apacame.org.br\/site\/wp-content\/uploads\/2016\/04\/Reuni\u00e3o_4-150x112.jpg 150w, https:\/\/apacame.org.br\/site\/wp-content\/uploads\/2016\/04\/Reuni\u00e3o_4-500x375.jpg 500w, https:\/\/apacame.org.br\/site\/wp-content\/uploads\/2016\/04\/Reuni\u00e3o_4.jpg 562w\" sizes=\"(max-width: 300px) 100vw, 300px\" \/><\/a>\n\t\t\t<\/div>\n\t\t\t\t<figcaption class='wp-caption-text gallery-caption' id='gallery-1-1150'>\n\t\t\t\tAp\u00f3s a palestra o nosso associado Jos\u00e9 Maria Rodrigues, comentou a florada de Capixingui que estava ocorrendo e trouxe um favo de melgueira pesando 3,80 kg de mel de Capixingui para mostrar aos participantes da reuni\u00e3o.\n\t\t\t\t<\/figcaption><\/figure><figure class='gallery-item'>\n\t\t\t<div class='gallery-icon landscape'>\n\t\t\t\t<a href='https:\/\/apacame.org.br\/site\/wp-content\/uploads\/2016\/04\/Reuni\u00e3o_1.jpg'><img decoding=\"async\" width=\"300\" height=\"224\" src=\"https:\/\/apacame.org.br\/site\/wp-content\/uploads\/2016\/04\/Reuni\u00e3o_1-300x224.jpg\" class=\"attachment-medium size-medium\" alt=\"\" aria-describedby=\"gallery-1-1147\" srcset=\"https:\/\/apacame.org.br\/site\/wp-content\/uploads\/2016\/04\/Reuni\u00e3o_1-300x224.jpg 300w, https:\/\/apacame.org.br\/site\/wp-content\/uploads\/2016\/04\/Reuni\u00e3o_1-150x112.jpg 150w, https:\/\/apacame.org.br\/site\/wp-content\/uploads\/2016\/04\/Reuni\u00e3o_1-500x374.jpg 500w, https:\/\/apacame.org.br\/site\/wp-content\/uploads\/2016\/04\/Reuni\u00e3o_1.jpg 562w\" sizes=\"(max-width: 300px) 100vw, 300px\" \/><\/a>\n\t\t\t<\/div>\n\t\t\t\t<figcaption class='wp-caption-text gallery-caption' id='gallery-1-1147'>\n\t\t\t\tO palestrante Fabiano Guedes Rodrigues da Silva projetou uma s\u00e9rie de slides mostrando o crescimento do n\u00famero de enxames que se alojam nas resid\u00eancias nos \u00faltimos tr\u00eas anos.\n\t\t\t\t<\/figcaption><\/figure><figure class='gallery-item'>\n\t\t\t<div class='gallery-icon landscape'>\n\t\t\t\t<a href='https:\/\/apacame.org.br\/site\/wp-content\/uploads\/2016\/04\/Reuni\u00e3o_5.jpg'><img decoding=\"async\" width=\"300\" height=\"225\" src=\"https:\/\/apacame.org.br\/site\/wp-content\/uploads\/2016\/04\/Reuni\u00e3o_5-300x225.jpg\" class=\"attachment-medium size-medium\" alt=\"\" aria-describedby=\"gallery-1-1151\" srcset=\"https:\/\/apacame.org.br\/site\/wp-content\/uploads\/2016\/04\/Reuni\u00e3o_5-300x225.jpg 300w, https:\/\/apacame.org.br\/site\/wp-content\/uploads\/2016\/04\/Reuni\u00e3o_5-150x113.jpg 150w, https:\/\/apacame.org.br\/site\/wp-content\/uploads\/2016\/04\/Reuni\u00e3o_5-500x375.jpg 500w, https:\/\/apacame.org.br\/site\/wp-content\/uploads\/2016\/04\/Reuni\u00e3o_5.jpg 561w\" sizes=\"(max-width: 300px) 100vw, 300px\" \/><\/a>\n\t\t\t<\/div>\n\t\t\t\t<figcaption class='wp-caption-text gallery-caption' id='gallery-1-1151'>\n\t\t\t\tO s\u00f3cio Jos\u00e9 Maria Rodrigues, teve o cuidado de fazer um suporte e envolver o favo em pl\u00e1stico para protege-lo. Agradecemos ao s\u00f3cio pela iniciativa e pelo capricho na apresenta\u00e7\u00e3o do favo.\n\t\t\t\t<\/figcaption><\/figure><figure class='gallery-item'>\n\t\t\t<div class='gallery-icon landscape'>\n\t\t\t\t<a href='https:\/\/apacame.org.br\/site\/wp-content\/uploads\/2016\/04\/Reuni\u00e3o_2.jpg'><img loading=\"lazy\" decoding=\"async\" width=\"300\" height=\"225\" src=\"https:\/\/apacame.org.br\/site\/wp-content\/uploads\/2016\/04\/Reuni\u00e3o_2-300x225.jpg\" class=\"attachment-medium size-medium\" alt=\"\" aria-describedby=\"gallery-1-1148\" srcset=\"https:\/\/apacame.org.br\/site\/wp-content\/uploads\/2016\/04\/Reuni\u00e3o_2-300x225.jpg 300w, https:\/\/apacame.org.br\/site\/wp-content\/uploads\/2016\/04\/Reuni\u00e3o_2-150x112.jpg 150w, https:\/\/apacame.org.br\/site\/wp-content\/uploads\/2016\/04\/Reuni\u00e3o_2-500x374.jpg 500w, https:\/\/apacame.org.br\/site\/wp-content\/uploads\/2016\/04\/Reuni\u00e3o_2.jpg 561w\" sizes=\"(max-width: 300px) 100vw, 300px\" \/><\/a>\n\t\t\t<\/div>\n\t\t\t\t<figcaption class='wp-caption-text gallery-caption' id='gallery-1-1148'>\n\t\t\t\tO tema despertou a aten\u00e7\u00e3o dos participantes que ao final da palestra puderam tirar as suas d\u00favidas sobre este servi\u00e7o que os apicultores podem prestar \u00e1 comunidade e transformar-se numa atividade profissional, uma vez que o n\u00famero de enxames nas \u00e1reas urbanas vem crescendo ano a ano.\n\t\t\t\t<\/figcaption><\/figure><figure class='gallery-item'>\n\t\t\t<div class='gallery-icon landscape'>\n\t\t\t\t<a href='https:\/\/apacame.org.br\/site\/wp-content\/uploads\/2016\/04\/Reuni\u00e3o_3.jpg'><img loading=\"lazy\" decoding=\"async\" width=\"300\" height=\"225\" src=\"https:\/\/apacame.org.br\/site\/wp-content\/uploads\/2016\/04\/Reuni\u00e3o_3-300x225.jpg\" class=\"attachment-medium size-medium\" alt=\"\" aria-describedby=\"gallery-1-1149\" srcset=\"https:\/\/apacame.org.br\/site\/wp-content\/uploads\/2016\/04\/Reuni\u00e3o_3-300x225.jpg 300w, https:\/\/apacame.org.br\/site\/wp-content\/uploads\/2016\/04\/Reuni\u00e3o_3-150x112.jpg 150w, https:\/\/apacame.org.br\/site\/wp-content\/uploads\/2016\/04\/Reuni\u00e3o_3-500x374.jpg 500w, https:\/\/apacame.org.br\/site\/wp-content\/uploads\/2016\/04\/Reuni\u00e3o_3.jpg 561w\" sizes=\"(max-width: 300px) 100vw, 300px\" \/><\/a>\n\t\t\t<\/div>\n\t\t\t\t<figcaption class='wp-caption-text gallery-caption' id='gallery-1-1149'>\n\t\t\t\tFinda a palestra o palestrante Fabiano Guedes foi agraciado, pelo Sr. Radam\u00e9s Zovaro, Diretor T\u00e9cnico da APACAME, com um Diploma de Reconhecimento pela sua inestim\u00e1vel colabora\u00e7\u00e3o \u00e0 Apicultura.  O Presidente Dr. Constantino Zara Filho agradeceu ao palestrante pela brilhante palestra proferida\n\t\t\t\t<\/figcaption><\/figure>\n\t\t<\/div>\n\n","protected":false},"excerpt":{"rendered":"<p>REUNI\u00c3O DOS APICULTORES E MELIPONICULTORES DIA 02 DE DEZEMBRO DE 2015, \u00c0S 18h00 HORAS, NO AUDIT\u00d3RIO DO INSTITUTO DE PESCA DENTRO DO PARQUE DA \u00c1GUA BRANCA. Na reuni\u00e3o do dia [&hellip;]<\/p>\n","protected":false},"author":1,"featured_media":0,"parent":1112,"menu_order":0,"comment_status":"open","ping_status":"open","template":"","meta":{"pmpro_default_level":"","_price":"","_stock":"","_tribe_ticket_header":"","_tribe_default_ticket_provider":"","_tribe_ticket_capacity":"0","_ticket_start_date":"","_ticket_end_date":"","_tribe_ticket_show_description":"","_tribe_ticket_show_not_going":false,"_tribe_ticket_use_global_stock":"","_tribe_ticket_global_stock_level":"","_global_stock_mode":"","_global_stock_cap":"","_tribe_rsvp_for_event":"","_tribe_ticket_going_count":"","_tribe_ticket_not_going_count":"","_tribe_tickets_list":"[]","_tribe_ticket_has_attendee_info_fields":false,"cybocfi_hide_featured_image":"","footnotes":""},"class_list":["post-1145","page","type-page","status-publish","hentry","pmpro-has-access"],"_links":{"self":[{"href":"https:\/\/apacame.org.br\/site\/wp-json\/wp\/v2\/pages\/1145"}],"collection":[{"href":"https:\/\/apacame.org.br\/site\/wp-json\/wp\/v2\/pages"}],"about":[{"href":"https:\/\/apacame.org.br\/site\/wp-json\/wp\/v2\/types\/page"}],"author":[{"embeddable":true,"href":"https:\/\/apacame.org.br\/site\/wp-json\/wp\/v2\/users\/1"}],"replies":[{"embeddable":true,"href":"https:\/\/apacame.org.br\/site\/wp-json\/wp\/v2\/comments?post=1145"}],"version-history":[{"count":3,"href":"https:\/\/apacame.org.br\/site\/wp-json\/wp\/v2\/pages\/1145\/revisions"}],"predecessor-version":[{"id":1153,"href":"https:\/\/apacame.org.br\/site\/wp-json\/wp\/v2\/pages\/1145\/revisions\/1153"}],"up":[{"embeddable":true,"href":"https:\/\/apacame.org.br\/site\/wp-json\/wp\/v2\/pages\/1112"}],"wp:attachment":[{"href":"https:\/\/apacame.org.br\/site\/wp-json\/wp\/v2\/media?parent=1145"}],"curies":[{"name":"wp","href":"https:\/\/api.w.org\/{rel}","templated":true}]}}