{"id":1124,"date":"2016-04-07T21:20:35","date_gmt":"2016-04-07T21:20:35","guid":{"rendered":"http:\/\/apacame.org.br\/site\/?page_id=1124"},"modified":"2016-04-07T21:33:50","modified_gmt":"2016-04-07T21:33:50","slug":"congresso","status":"publish","type":"page","link":"https:\/\/apacame.org.br\/site\/revista\/mensagem-doce-n-135-marco-de-2016\/congresso\/","title":{"rendered":"Congresso"},"content":{"rendered":"<h1 style=\"text-align: center;\">21\u00ba Congresso Brasileiro de Apicultura e<br \/>\n7\u00ba Congresso Brasileiro de Meliponicultura \u2013<br \/>\nde 04 a 07 de Maio de 2016. Fortaleza CE<\/h1>\n<blockquote><p>Jos\u00e9 Xavier Leal Neto \u2013 Presidente da FECAP\/UNAMEL\/CSMEL- CE<br \/>\nSecretario Executivo da CBA e Coordenador do 21\u00baCONBRAPI<\/p><\/blockquote>\n<p><span style=\"font-size: large;\"><strong><a href=\"https:\/\/apacame.org.br\/site\/wp-content\/uploads\/2016\/04\/Logo-Congresso-21-e1460063427446.jpg\"><img fetchpriority=\"high\" decoding=\"async\" class=\"alignleft size-full wp-image-1125\" src=\"https:\/\/apacame.org.br\/site\/wp-content\/uploads\/2016\/04\/Logo-Congresso-21-e1460063427446.jpg\" alt=\"21 Congresso de Apicultura\" width=\"250\" height=\"281\" \/><\/a>Prezados Apicultores e Meliponicultores do Brasil<\/strong><\/span><\/p>\n<p><span style=\"font-size: large;\">Estamos nos aproximando do grande momento da realiza\u00e7\u00e3o de mais uma edi\u00e7\u00e3o do maior evento da Apicultura e Meliponicultura Brasileira \u2013 21\u00ba CONBRAPI e o 7\u00ba Congresso Brasileiro de Meliponicultura, ou seja, ser\u00e1 mais um cap\u00edtulo de uma exitosa hist\u00f3ria que iniciou a mais de 42 anos atr\u00e1s.<\/span><\/p>\n<p><span style=\"font-size: large;\">A realiza\u00e7\u00e3o do 21\u00ba CONBRAPI e o 7\u00ba Congresso Brasileiro de Meliponicultura mesmo diante das dificuldades, entretanto conclamamos a todos os atores envolvidos no segmento a doar-se o m\u00e1ximo que puder, na realiza\u00e7\u00e3o desse grande evento. Qualquer esfor\u00e7o a mais exercido por cada um, com certeza ter\u00e1 a recompensa de mostramos para a Sociedade, capacidade de supera\u00e7\u00e3o e do poder de organiza\u00e7\u00e3o do nosso segmento.<\/span><\/p>\n<p><span style=\"font-size: large;\">Feito essa convoca\u00e7\u00e3o, segue as informa\u00e7\u00f5es sobre o Congresso, que ser\u00e3o de grande utilidade para os Companheiros Congressistas:<\/span><\/p>\n<p><span style=\"font-size: large;\">Iniciemos pelo nosso Site, digitando: <a href=\"http:\/\/conbrapi2016.com.br\" target=\"_blank\" rel=\"noopener\">http:\/\/conbrapi2016.com.br<\/a> nele voc\u00ea ter\u00e1 acesso a todas as informa\u00e7\u00f5es como: Apresenta\u00e7\u00e3o do Congresso; Inscri\u00e7\u00e3o; Mini Cursos; Programa\u00e7\u00e3o; Trabalhos\/Comiss\u00e3o Cient\u00edfica; Venda De Stands e Fale Conosco. Acesse a janela que lhe interessa e fa\u00e7a uso do que lhe for necess\u00e1rio. Consta tamb\u00e9m no Site a Ag\u00eancia Oficial de Turismo do Congresso, a FIX Turismo, fale com a agente respons\u00e1vel, pelos telefones: 85 3271 0307 ou 85 9 9755 5154, j\u00e1 existem pacotes a disposi\u00e7\u00e3o no site ou atrav\u00e9s de contatos.<\/span><\/p>\n<p><span style=\"font-size: large;\">Outra informa\u00e7\u00e3o que queremos dar destaque nesse Congresso \u00e9 a valoriza\u00e7\u00e3o da Carteira Nacional do Criador de Abelhas. Para quem pagar a taxa da carteira no valor de R$40,00 junto com a inscri\u00e7\u00e3o, o Apicultor e\/ou Meliponicultor ser\u00e1 beneficiado com os descontos semelhantes a quem j\u00e1 porta a referida carteira.<\/span><\/p>\n<p><span style=\"font-size: large;\"><strong>Os valores de inscri\u00e7\u00e3o no Congresso s\u00e3o de:<\/strong><\/span><\/p>\n<p><span style=\"font-size: large;\">At\u00e9 25\/03\/2016 \u2013 Para quem tem ou solicitou carteira do Criador de Abelhas Apicultor): R$120,00. Vindo em caravana ter\u00e1 desconto de 10%, ou seja, R$108,00. Para quem n\u00e3o tem Carteira: R$250,00. Vindo em Caravana, com o referido desconto de 10% &#8211; R$225,00<\/span><\/p>\n<p><span style=\"font-size: large;\">26\/03 a 30\/04 &#8211; Os valores para quem tem, ou solicitou carteira do Criador de Abelhas (antiga careira do Apicultor): R$150,00. Vindo de Caravana ter\u00e1 desconto de 10%, ou seja, R$ 125,00. Para quem n\u00e3o tem Carteira: R$300,00. Vindo em Caravana, com o referido desconto de 10% &#8211; R$270,00.<\/span><\/p>\n<p><span style=\"font-size: large;\">Inscri\u00e7\u00f5es no Evento &#8211; Os valores para quem tem ou solicitou carteira do Criador de Abelhas (antiga carteira do Apicultor): R$160,00. Para quem n\u00e3o tem Carteira: R$350,00. <\/span><\/p>\n<p><span style=\"font-size: large;\"><strong>OBS.<\/strong> Informamos ainda que o Apicultor e\/ou Meliponicultor dever\u00e1 entrar em contato com a sua Associa\u00e7\u00e3o e esta, com a Federa\u00e7\u00e3o Ap\u00edcola e Melipon\u00edcola do seu Estado para maior esclarecimento e entendimento. A CBA n\u00e3o tem interesse em cobrar pre\u00e7os altos, mas sim, trazer o Criador de abelhas para dentro do sistema. <\/span><\/p>\n<p><span style=\"font-size: large;\">No atual congresso, algumas mudan\u00e7as foram pensadas e que acreditamos serem de grande import\u00e2ncia para o Segmento como:<\/span><\/p>\n<p><span style=\"font-size: large;\">Cria\u00e7\u00e3o da Categoria: Pesquisador Junior para os principiantes em Pesquisa, um reconhecimento e incentivo a quem tem trabalho na inicia\u00e7\u00e3o a Pesquisa;<\/span><\/p>\n<p><span style=\"font-size: large;\">Mudan\u00e7as na Grade da Programa\u00e7\u00e3o, bem como no seu conte\u00fado. Foram selecionados grandes temas de interesse comum \u00e0 grande maioria dos Congressistas, denominadas Palestras Magnas, dando oportunidade a que todos possam participar, por n\u00e3o haver eventos concomitantes;<\/span><\/p>\n<p><span style=\"font-size: large;\">Minicursos focados no aprofundamento dos conhecimentos t\u00e9cnicos inerentes \u00e0 rotina do Criador de Abelhas, atendendo ao Lema do Congresso: Profissionalizar \u00e9 Preciso;<\/span><\/p>\n<p><span style=\"font-size: large;\">Workshop \u2013 do tipo Mesa Redonda, como aprofundamento e ordenamento de informa\u00e7\u00f5es que ter\u00e3o como resultados, documentos propositivos de a\u00e7\u00f5es a serem efetivamente implantadas no per\u00edodo subsequente ao CONBRAPI.<\/span><\/p>\n<blockquote><p>Uma pequena Amostra do nosso Centro de Eventos do Cear\u00e1. S\u00f3 a visita j\u00e1 vale apena, imagine um Congresso de Apicultura e Meliponicultura Acontecendo nesse local? A FECAP, em nome dos Apicultores e Meliponicultores do Cear\u00e1 e a CBA, em nome dos Apicultores e Meliponicultores do Brasil, agradecem o Governador do Estado do Cear\u00e1, Eng.\u00ba. Agr\u00f4nomo Camilo Santana e o Secretaria de Agricultura, Ded\u00e9 Teixeira, o apoio que tem dispensado ao Segmento n\u00e3o s\u00f3 pelas Politicas P\u00fablicas estruturantes do Setor, (atrav\u00e9s do Projeto S\u00e3o Jos\u00e9), mas tamb\u00e9m, pela disponibiliza\u00e7\u00e3o do Centro, para a realiza\u00e7\u00e3o do nosso Congresso.<\/p>\n<div id='gallery-1' class='gallery galleryid-1124 gallery-columns-3 gallery-size-medium'><figure class='gallery-item'>\n\t\t\t<div class='gallery-icon landscape'>\n\t\t\t\t<a href=\"https:\/\/apacame.org.br\/site\/wp-content\/uploads\/2016\/04\/centro-de-conven\u00e7\u00f5es-ce-3.jpg\"><img decoding=\"async\" width=\"300\" height=\"183\" src=\"https:\/\/apacame.org.br\/site\/wp-content\/uploads\/2016\/04\/centro-de-conven\u00e7\u00f5es-ce-3-300x183.jpg\" class=\"attachment-medium size-medium\" alt=\"\" srcset=\"https:\/\/apacame.org.br\/site\/wp-content\/uploads\/2016\/04\/centro-de-conven\u00e7\u00f5es-ce-3-300x183.jpg 300w, https:\/\/apacame.org.br\/site\/wp-content\/uploads\/2016\/04\/centro-de-conven\u00e7\u00f5es-ce-3-150x91.jpg 150w, https:\/\/apacame.org.br\/site\/wp-content\/uploads\/2016\/04\/centro-de-conven\u00e7\u00f5es-ce-3-500x305.jpg 500w, https:\/\/apacame.org.br\/site\/wp-content\/uploads\/2016\/04\/centro-de-conven\u00e7\u00f5es-ce-3.jpg 512w\" sizes=\"(max-width: 300px) 100vw, 300px\" \/><\/a>\n\t\t\t<\/div><\/figure><figure class='gallery-item'>\n\t\t\t<div class='gallery-icon landscape'>\n\t\t\t\t<a href=\"https:\/\/apacame.org.br\/site\/wp-content\/uploads\/2016\/04\/Centro-de-conven\u00e7\u00f5es-ce-4.jpg\"><img decoding=\"async\" width=\"300\" height=\"225\" src=\"https:\/\/apacame.org.br\/site\/wp-content\/uploads\/2016\/04\/Centro-de-conven\u00e7\u00f5es-ce-4-300x225.jpg\" class=\"attachment-medium size-medium\" alt=\"\" srcset=\"https:\/\/apacame.org.br\/site\/wp-content\/uploads\/2016\/04\/Centro-de-conven\u00e7\u00f5es-ce-4-300x225.jpg 300w, https:\/\/apacame.org.br\/site\/wp-content\/uploads\/2016\/04\/Centro-de-conven\u00e7\u00f5es-ce-4.jpg 1024w, https:\/\/apacame.org.br\/site\/wp-content\/uploads\/2016\/04\/Centro-de-conven\u00e7\u00f5es-ce-4-150x113.jpg 150w, https:\/\/apacame.org.br\/site\/wp-content\/uploads\/2016\/04\/Centro-de-conven\u00e7\u00f5es-ce-4-500x375.jpg 500w\" sizes=\"(max-width: 300px) 100vw, 300px\" \/><\/a>\n\t\t\t<\/div><\/figure><figure class='gallery-item'>\n\t\t\t<div class='gallery-icon landscape'>\n\t\t\t\t<a href=\"https:\/\/apacame.org.br\/site\/wp-content\/uploads\/2016\/04\/centro-de-conven\u00e7\u00f5es-ce-5.jpg\"><img loading=\"lazy\" decoding=\"async\" width=\"300\" height=\"154\" src=\"https:\/\/apacame.org.br\/site\/wp-content\/uploads\/2016\/04\/centro-de-conven\u00e7\u00f5es-ce-5-300x154.jpg\" class=\"attachment-medium size-medium\" alt=\"\" srcset=\"https:\/\/apacame.org.br\/site\/wp-content\/uploads\/2016\/04\/centro-de-conven\u00e7\u00f5es-ce-5-300x154.jpg 300w, https:\/\/apacame.org.br\/site\/wp-content\/uploads\/2016\/04\/centro-de-conven\u00e7\u00f5es-ce-5.jpg 1024w, https:\/\/apacame.org.br\/site\/wp-content\/uploads\/2016\/04\/centro-de-conven\u00e7\u00f5es-ce-5-150x77.jpg 150w, https:\/\/apacame.org.br\/site\/wp-content\/uploads\/2016\/04\/centro-de-conven\u00e7\u00f5es-ce-5-500x257.jpg 500w\" sizes=\"(max-width: 300px) 100vw, 300px\" \/><\/a>\n\t\t\t<\/div><\/figure><figure class='gallery-item'>\n\t\t\t<div class='gallery-icon landscape'>\n\t\t\t\t<a href=\"https:\/\/apacame.org.br\/site\/wp-content\/uploads\/2016\/04\/centro-de-conven\u00e7\u00f5es-ce-2.jpg\"><img loading=\"lazy\" decoding=\"async\" width=\"300\" height=\"225\" src=\"https:\/\/apacame.org.br\/site\/wp-content\/uploads\/2016\/04\/centro-de-conven\u00e7\u00f5es-ce-2-300x225.jpg\" class=\"attachment-medium size-medium\" alt=\"\" srcset=\"https:\/\/apacame.org.br\/site\/wp-content\/uploads\/2016\/04\/centro-de-conven\u00e7\u00f5es-ce-2-300x225.jpg 300w, https:\/\/apacame.org.br\/site\/wp-content\/uploads\/2016\/04\/centro-de-conven\u00e7\u00f5es-ce-2-150x113.jpg 150w, https:\/\/apacame.org.br\/site\/wp-content\/uploads\/2016\/04\/centro-de-conven\u00e7\u00f5es-ce-2-500x375.jpg 500w, https:\/\/apacame.org.br\/site\/wp-content\/uploads\/2016\/04\/centro-de-conven\u00e7\u00f5es-ce-2.jpg 512w\" sizes=\"(max-width: 300px) 100vw, 300px\" \/><\/a>\n\t\t\t<\/div><\/figure><figure class='gallery-item'>\n\t\t\t<div class='gallery-icon landscape'>\n\t\t\t\t<a href=\"https:\/\/apacame.org.br\/site\/wp-content\/uploads\/2016\/04\/centro-de-conven\u00e7\u00f5es-ce.jpg\"><img loading=\"lazy\" decoding=\"async\" width=\"300\" height=\"225\" src=\"https:\/\/apacame.org.br\/site\/wp-content\/uploads\/2016\/04\/centro-de-conven\u00e7\u00f5es-ce-300x225.jpg\" class=\"attachment-medium size-medium\" alt=\"\" srcset=\"https:\/\/apacame.org.br\/site\/wp-content\/uploads\/2016\/04\/centro-de-conven\u00e7\u00f5es-ce-300x225.jpg 300w, https:\/\/apacame.org.br\/site\/wp-content\/uploads\/2016\/04\/centro-de-conven\u00e7\u00f5es-ce.jpg 1024w, https:\/\/apacame.org.br\/site\/wp-content\/uploads\/2016\/04\/centro-de-conven\u00e7\u00f5es-ce-150x113.jpg 150w, https:\/\/apacame.org.br\/site\/wp-content\/uploads\/2016\/04\/centro-de-conven\u00e7\u00f5es-ce-500x375.jpg 500w\" sizes=\"(max-width: 300px) 100vw, 300px\" \/><\/a>\n\t\t\t<\/div><\/figure><figure class='gallery-item'>\n\t\t\t<div class='gallery-icon landscape'>\n\t\t\t\t<a href=\"https:\/\/apacame.org.br\/site\/wp-content\/uploads\/2016\/04\/centro-de-conven\u00e7\u00f5es-ce-6.jpg\"><img loading=\"lazy\" decoding=\"async\" width=\"300\" height=\"225\" src=\"https:\/\/apacame.org.br\/site\/wp-content\/uploads\/2016\/04\/centro-de-conven\u00e7\u00f5es-ce-6-300x225.jpg\" class=\"attachment-medium size-medium\" alt=\"\" srcset=\"https:\/\/apacame.org.br\/site\/wp-content\/uploads\/2016\/04\/centro-de-conven\u00e7\u00f5es-ce-6-300x225.jpg 300w, https:\/\/apacame.org.br\/site\/wp-content\/uploads\/2016\/04\/centro-de-conven\u00e7\u00f5es-ce-6.jpg 1024w, https:\/\/apacame.org.br\/site\/wp-content\/uploads\/2016\/04\/centro-de-conven\u00e7\u00f5es-ce-6-150x113.jpg 150w, https:\/\/apacame.org.br\/site\/wp-content\/uploads\/2016\/04\/centro-de-conven\u00e7\u00f5es-ce-6-500x375.jpg 500w\" sizes=\"(max-width: 300px) 100vw, 300px\" \/><\/a>\n\t\t\t<\/div><\/figure>\n\t\t<\/div>\n\n<p>Certamente que o reconhecimento seja em fun\u00e7\u00e3o dos resultados econ\u00f4micos, sociais e ecol\u00f3gicos alcan\u00e7ados, fruto do trabalho dos Criadores de Abelhas, na sua rotina quase interativa com esses s\u00e1bios animaizinhos.<\/p>\n<p>Estejam todos convidados. O Estado do Cear\u00e1 e a nossa bela cidade de Fortaleza de Nossa Senhora de Assun\u00e7\u00e3o est\u00e3o de bra\u00e7os abertos para acolher a todos os nossos Irm\u00e3os Apicultores e Meliponicultores do Brasil, bem como Pesquisadores, Professores, T\u00e9cnicos Estudantes, Simpatizantes do Setor e Consumidores dos Produtos das Abelhas.<\/p><\/blockquote>\n","protected":false},"excerpt":{"rendered":"<p>21\u00ba Congresso Brasileiro de Apicultura e 7\u00ba Congresso Brasileiro de Meliponicultura \u2013 de 04 a 07 de Maio de 2016. Fortaleza CE Jos\u00e9 Xavier Leal Neto \u2013 Presidente da FECAP\/UNAMEL\/CSMEL- [&hellip;]<\/p>\n","protected":false},"author":1,"featured_media":0,"parent":1112,"menu_order":0,"comment_status":"open","ping_status":"open","template":"","meta":{"pmpro_default_level":"","_price":"","_stock":"","_tribe_ticket_header":"","_tribe_default_ticket_provider":"","_tribe_ticket_capacity":"0","_ticket_start_date":"","_ticket_end_date":"","_tribe_ticket_show_description":"","_tribe_ticket_show_not_going":false,"_tribe_ticket_use_global_stock":"","_tribe_ticket_global_stock_level":"","_global_stock_mode":"","_global_stock_cap":"","_tribe_rsvp_for_event":"","_tribe_ticket_going_count":"","_tribe_ticket_not_going_count":"","_tribe_tickets_list":"[]","_tribe_ticket_has_attendee_info_fields":false,"cybocfi_hide_featured_image":"","footnotes":""},"class_list":["post-1124","page","type-page","status-publish","hentry","pmpro-has-access"],"_links":{"self":[{"href":"https:\/\/apacame.org.br\/site\/wp-json\/wp\/v2\/pages\/1124"}],"collection":[{"href":"https:\/\/apacame.org.br\/site\/wp-json\/wp\/v2\/pages"}],"about":[{"href":"https:\/\/apacame.org.br\/site\/wp-json\/wp\/v2\/types\/page"}],"author":[{"embeddable":true,"href":"https:\/\/apacame.org.br\/site\/wp-json\/wp\/v2\/users\/1"}],"replies":[{"embeddable":true,"href":"https:\/\/apacame.org.br\/site\/wp-json\/wp\/v2\/comments?post=1124"}],"version-history":[{"count":7,"href":"https:\/\/apacame.org.br\/site\/wp-json\/wp\/v2\/pages\/1124\/revisions"}],"predecessor-version":[{"id":1138,"href":"https:\/\/apacame.org.br\/site\/wp-json\/wp\/v2\/pages\/1124\/revisions\/1138"}],"up":[{"embeddable":true,"href":"https:\/\/apacame.org.br\/site\/wp-json\/wp\/v2\/pages\/1112"}],"wp:attachment":[{"href":"https:\/\/apacame.org.br\/site\/wp-json\/wp\/v2\/media?parent=1124"}],"curies":[{"name":"wp","href":"https:\/\/api.w.org\/{rel}","templated":true}]}}