{"id":1118,"date":"2016-04-07T18:57:57","date_gmt":"2016-04-07T18:57:57","guid":{"rendered":"http:\/\/apacame.org.br\/site\/?page_id=1118"},"modified":"2016-04-07T20:50:40","modified_gmt":"2016-04-07T20:50:40","slug":"editorial","status":"publish","type":"page","link":"https:\/\/apacame.org.br\/site\/revista\/mensagem-doce-n-135-marco-de-2016\/editorial\/","title":{"rendered":"Editorial"},"content":{"rendered":"<h1 align=\"center\">FA\u00c7A A SUA PARTE<\/h1>\n<p><span style=\"font-size: large;\">Em \u201cTempo de Crise\u201d a impress\u00e3o que se tem \u00e9 de que o melhor \u00e9 parar tudo e esperar por dias melhores.<\/span><\/p>\n<p><span style=\"font-size: large;\">Parece que n\u00e3o fazendo nada aumentamos a possibilidade de errar menos.<\/span><\/p>\n<p><span style=\"font-size: large;\">Ledo, engano!!<\/span><\/p>\n<p><span style=\"font-size: large;\">Diz o velho ditado:<\/span><\/p>\n<p><span style=\"font-size: large;\">Se voc\u00ea fizer alguma coisa corre o risco de errar, mas se voc\u00ea n\u00e3o fizer nada, j\u00e1 errou.<\/span><\/p>\n<p><span style=\"font-size: large;\">Portanto, o momento \u00e9 de administrar a crise e se preparar para sair na frente quando as coisas melhorarem.<\/span><\/p>\n<p><span style=\"font-size: large;\">Neste sentido queremos parabenizar a Confedera\u00e7\u00e3o Brasileira de Apicultura \u2013 CBA, na pessoa do seu Presidente Jos\u00e9 Soares de Arag\u00e3o Brito pela perseveran\u00e7a na realiza\u00e7\u00e3o do 21\u00ba Congresso Brasileiro de Apicultura e 7\u00ba Congresso Brasileiro de Meliponicultura no per\u00edodo de 4 a 7 de maio pr\u00f3ximo.<\/span><\/p>\n<p><span style=\"font-size: large;\">Parabenizar o Secret\u00e1rio da CBA Jos\u00e9 Xavier Leal Neto que aceitou empreender os Eventos praticamente sem recursos financeiros.<\/span><\/p>\n<p><span style=\"font-size: large;\">A voc\u00eas apicultores e meliponicultores brasileiros cabem hipotecar total apoio aos eventos inscrevendo-se e participando ativamente das Palestras, Minicursos e Workshops programados, preparando-se para sair na frente quando as coisas melhorarem.<\/span><\/p>\n<p><span style=\"font-size: large;\">A APACAME estar\u00e1 presente com a sua Delega\u00e7\u00e3o para prestigiar a participar ativamente dos Eventos.<\/span><\/p>\n<p><span style=\"font-size: large;\">Agora, resta \u00e0 voc\u00ea fazer a sua parte!!!<br \/>\n<\/span><\/p>\n<p style=\"text-align: right;\"><strong><em>Constantino Zara Filho \u2013 Presidente Executivo<\/em><\/strong><\/p>\n","protected":false},"excerpt":{"rendered":"<p>FA\u00c7A A SUA PARTE Em \u201cTempo de Crise\u201d a impress\u00e3o que se tem \u00e9 de que o melhor \u00e9 parar tudo e esperar por dias melhores. Parece que n\u00e3o fazendo [&hellip;]<\/p>\n","protected":false},"author":1,"featured_media":0,"parent":1112,"menu_order":0,"comment_status":"open","ping_status":"open","template":"","meta":{"pmpro_default_level":"","_price":"","_stock":"","_tribe_ticket_header":"","_tribe_default_ticket_provider":"","_tribe_ticket_capacity":"0","_ticket_start_date":"","_ticket_end_date":"","_tribe_ticket_show_description":"","_tribe_ticket_show_not_going":false,"_tribe_ticket_use_global_stock":"","_tribe_ticket_global_stock_level":"","_global_stock_mode":"","_global_stock_cap":"","_tribe_rsvp_for_event":"","_tribe_ticket_going_count":"","_tribe_ticket_not_going_count":"","_tribe_tickets_list":"[]","_tribe_ticket_has_attendee_info_fields":false,"cybocfi_hide_featured_image":"","footnotes":""},"class_list":["post-1118","page","type-page","status-publish","hentry","pmpro-has-access"],"_links":{"self":[{"href":"https:\/\/apacame.org.br\/site\/wp-json\/wp\/v2\/pages\/1118"}],"collection":[{"href":"https:\/\/apacame.org.br\/site\/wp-json\/wp\/v2\/pages"}],"about":[{"href":"https:\/\/apacame.org.br\/site\/wp-json\/wp\/v2\/types\/page"}],"author":[{"embeddable":true,"href":"https:\/\/apacame.org.br\/site\/wp-json\/wp\/v2\/users\/1"}],"replies":[{"embeddable":true,"href":"https:\/\/apacame.org.br\/site\/wp-json\/wp\/v2\/comments?post=1118"}],"version-history":[{"count":5,"href":"https:\/\/apacame.org.br\/site\/wp-json\/wp\/v2\/pages\/1118\/revisions"}],"predecessor-version":[{"id":1123,"href":"https:\/\/apacame.org.br\/site\/wp-json\/wp\/v2\/pages\/1118\/revisions\/1123"}],"up":[{"embeddable":true,"href":"https:\/\/apacame.org.br\/site\/wp-json\/wp\/v2\/pages\/1112"}],"wp:attachment":[{"href":"https:\/\/apacame.org.br\/site\/wp-json\/wp\/v2\/media?parent=1118"}],"curies":[{"name":"wp","href":"https:\/\/api.w.org\/{rel}","templated":true}]}}