{"id":1049,"date":"2015-12-16T20:18:07","date_gmt":"2015-12-16T20:18:07","guid":{"rendered":"http:\/\/apacame.org.br\/site\/?page_id=1049"},"modified":"2015-12-16T23:10:18","modified_gmt":"2015-12-16T23:10:18","slug":"agradecimento","status":"publish","type":"page","link":"https:\/\/apacame.org.br\/site\/revista\/mensagem-doce-n-134-novembro-de-2015\/agradecimento\/","title":{"rendered":"AGRADECIMENTO"},"content":{"rendered":"<figure id=\"attachment_1050\" aria-describedby=\"caption-attachment-1050\" style=\"width: 150px\" class=\"wp-caption alignleft\"><a href=\"https:\/\/apacame.org.br\/site\/wp-content\/uploads\/2015\/12\/Foto-01_arcenio.jpg\"><img decoding=\"async\" class=\"wp-image-1050 size-thumbnail\" src=\"https:\/\/apacame.org.br\/site\/wp-content\/uploads\/2015\/12\/Foto-01_arcenio-150x150.jpg\" alt=\"Arcenio Balduino das Chagas\" width=\"150\" height=\"150\" srcset=\"https:\/\/apacame.org.br\/site\/wp-content\/uploads\/2015\/12\/Foto-01_arcenio-150x150.jpg 150w, https:\/\/apacame.org.br\/site\/wp-content\/uploads\/2015\/12\/Foto-01_arcenio-100x100.jpg 100w\" sizes=\"(max-width: 150px) 100vw, 150px\" \/><\/a><figcaption id=\"caption-attachment-1050\" class=\"wp-caption-text\">Arcenio Balduino das Chagas<\/figcaption><\/figure>\n<p><span style=\"font-size: large;\">Arcenio Balduino das Chagas, incans\u00e1vel colaborador da APACAME, tendo criado a formata\u00e7\u00e3o da diagrama\u00e7\u00e3o da Revista Mensagem Doce e at\u00e9 hoje supervisiona cada edi\u00e7\u00e3o opinando quando est\u00e1 tudo correto e, quando existe algum erro, solicita o \u00a0que deve ser corrigido na pr\u00f3xima edi\u00e7\u00e3o, mantendo desta forma o padr\u00e3o criado h\u00e1 mais de 20 anos.<\/span><\/p>\n<p><span style=\"font-size: large;\">A APACAME \u00e9 resultado da colabora\u00e7\u00e3o de in\u00fameros colaboradores an\u00f4nimos que por muitos anos prestam a sua colabora\u00e7\u00e3o sem nenhum interesse pessoal.<\/span><\/p>\n<p><span style=\"font-size: large;\">Obrigado, Arcenios Balduino das Chagas.<\/span><\/p>\n<p><strong><em><span style=\"font-size: small;\">Constantino Zara Filho &#8211; Presidente.<\/span><\/em><\/strong><\/p>\n","protected":false},"excerpt":{"rendered":"<p>Arcenio Balduino das Chagas, incans\u00e1vel colaborador da APACAME, tendo criado a formata\u00e7\u00e3o da diagrama\u00e7\u00e3o da Revista Mensagem Doce e at\u00e9 hoje supervisiona cada edi\u00e7\u00e3o opinando quando est\u00e1 tudo correto e, [&hellip;]<\/p>\n","protected":false},"author":1,"featured_media":0,"parent":867,"menu_order":0,"comment_status":"open","ping_status":"open","template":"","meta":{"pmpro_default_level":"","_price":"","_stock":"","_tribe_ticket_header":"","_tribe_default_ticket_provider":"","_tribe_ticket_capacity":"0","_ticket_start_date":"","_ticket_end_date":"","_tribe_ticket_show_description":"","_tribe_ticket_show_not_going":false,"_tribe_ticket_use_global_stock":"","_tribe_ticket_global_stock_level":"","_global_stock_mode":"","_global_stock_cap":"","_tribe_rsvp_for_event":"","_tribe_ticket_going_count":"","_tribe_ticket_not_going_count":"","_tribe_tickets_list":"[]","_tribe_ticket_has_attendee_info_fields":false,"cybocfi_hide_featured_image":"","footnotes":""},"class_list":["post-1049","page","type-page","status-publish","hentry","pmpro-has-access"],"_links":{"self":[{"href":"https:\/\/apacame.org.br\/site\/wp-json\/wp\/v2\/pages\/1049"}],"collection":[{"href":"https:\/\/apacame.org.br\/site\/wp-json\/wp\/v2\/pages"}],"about":[{"href":"https:\/\/apacame.org.br\/site\/wp-json\/wp\/v2\/types\/page"}],"author":[{"embeddable":true,"href":"https:\/\/apacame.org.br\/site\/wp-json\/wp\/v2\/users\/1"}],"replies":[{"embeddable":true,"href":"https:\/\/apacame.org.br\/site\/wp-json\/wp\/v2\/comments?post=1049"}],"version-history":[{"count":3,"href":"https:\/\/apacame.org.br\/site\/wp-json\/wp\/v2\/pages\/1049\/revisions"}],"predecessor-version":[{"id":1054,"href":"https:\/\/apacame.org.br\/site\/wp-json\/wp\/v2\/pages\/1049\/revisions\/1054"}],"up":[{"embeddable":true,"href":"https:\/\/apacame.org.br\/site\/wp-json\/wp\/v2\/pages\/867"}],"wp:attachment":[{"href":"https:\/\/apacame.org.br\/site\/wp-json\/wp\/v2\/media?parent=1049"}],"curies":[{"name":"wp","href":"https:\/\/api.w.org\/{rel}","templated":true}]}}