{"id":1041,"date":"2015-12-16T20:08:13","date_gmt":"2015-12-16T20:08:13","guid":{"rendered":"http:\/\/apacame.org.br\/site\/?page_id=1041"},"modified":"2015-12-16T20:09:40","modified_gmt":"2015-12-16T20:09:40","slug":"atividade","status":"publish","type":"page","link":"https:\/\/apacame.org.br\/site\/revista\/mensagem-doce-n-134-novembro-de-2015\/atividade\/","title":{"rendered":"ATIVIDADE"},"content":{"rendered":"<div style=\"text-align: center;\">\n<h1>REUNI\u00c3O DOS APICULTORES E MELIPONICULTORES<br \/>\nDIA 02 DE SETEMBRO DE 2015, \u00c0S 19h30 HORAS,<br \/>\nNO AUDIT\u00d3RIO DO INSTITUTO DE PESCA DENTRO DO PARQUE DA \u00c1GUA BRANCA.<\/h1>\n<\/div>\n<figure id=\"attachment_1042\" aria-describedby=\"caption-attachment-1042\" style=\"width: 300px\" class=\"wp-caption alignleft\"><a href=\"https:\/\/apacame.org.br\/site\/wp-content\/uploads\/2015\/12\/Atividade_01.jpg\"><img fetchpriority=\"high\" decoding=\"async\" class=\"wp-image-1042 size-medium\" src=\"https:\/\/apacame.org.br\/site\/wp-content\/uploads\/2015\/12\/Atividade_01-300x225.jpg\" alt=\"A palestra despertou grande interesse do p\u00fablico presente.\" width=\"300\" height=\"225\" srcset=\"https:\/\/apacame.org.br\/site\/wp-content\/uploads\/2015\/12\/Atividade_01-300x225.jpg 300w, https:\/\/apacame.org.br\/site\/wp-content\/uploads\/2015\/12\/Atividade_01-150x112.jpg 150w, https:\/\/apacame.org.br\/site\/wp-content\/uploads\/2015\/12\/Atividade_01.jpg 447w\" sizes=\"(max-width: 300px) 100vw, 300px\" \/><\/a><figcaption id=\"caption-attachment-1042\" class=\"wp-caption-text\">A palestra despertou grande interesse do p\u00fablico presente.<\/figcaption><\/figure>\n<p><span style=\"font-size: large;\">Na nossa reuni\u00e3o de 02 de setembro de 2015, \u00e0s 19h30, no Audit\u00f3rio do Instituto de Pesca, localizado dentro do Parque Fernando Costa, Parque da \u00c1gua Branca, sito \u00e0 Av. Francisco Matarazzo, 455, Bairro da \u00c1gua Branca, S\u00e3o Paulo &#8211; SP &#8211; Tel: 11 3864-9284, tivemos a honra de receber a visita do Nutricionista Dr. JOS\u00c9 AUGUSTO GASPAROTTO SATTLER, Nutricionista graduado pela Pontif\u00edcia Universidade Cat\u00f3lica do Rio Grande do Sul (PUCRS), Especialista em Nutri\u00e7\u00e3o Esportiva e Treinamento F\u00edsico (UNISINOS-RS), Mestre e Doutorando em Ci\u00eancia dos Alimentos pela Universidade de S\u00e3o Paulo (USP) atuando nos temas: an\u00e1lise de vitaminas, compostos fen\u00f3licos e fitoester\u00f3is em alimentos, capacidade antioxidante de alimentos, an\u00e1lises f\u00edsico-qu\u00edmicas de produtos da colmeia, identifica\u00e7\u00e3o de compostos bioativos de p\u00f3len ap\u00edcola que proferiu uma Palestra sobre o tema:<\/span><\/p>\n<h5>\u201cCOMPOSTOS BIOATIVOS PRESENTES NO P\u00d3LEN AP\u00cdCOLA\u201d<\/h5>\n<p><span style=\"font-size: large;\"><b>Abordando os temas:<\/b> <\/span><\/p>\n<p><span style=\"font-size: large;\">&#8211; Vitaminas, compostos fen\u00f3licos, fitoester\u00f3is e \u00e1cidos graxos identificados no p\u00f3len ap\u00edcola e esp\u00e9cies bot\u00e2nicas fonte destes compostos;<\/span><\/p>\n<p><span style=\"font-size: large;\">&#8211; Estudos que avaliaram o potencial bioativo do p\u00f3len ap\u00edcola e os benef\u00edcios associados ao seu consumo;<\/span><\/p>\n<p><span style=\"font-size: large;\">&#8211; Composi\u00e7\u00e3o nutricional do p\u00f3len ap\u00edcola.<\/span><\/p>\n<div id='gallery-1' class='gallery galleryid-1041 gallery-columns-3 gallery-size-medium'><figure class='gallery-item'>\n\t\t\t<div class='gallery-icon landscape'>\n\t\t\t\t<a href='https:\/\/apacame.org.br\/site\/wp-content\/uploads\/2015\/12\/Atividade_03.jpg'><img decoding=\"async\" width=\"300\" height=\"225\" src=\"https:\/\/apacame.org.br\/site\/wp-content\/uploads\/2015\/12\/Atividade_03-300x225.jpg\" class=\"attachment-medium size-medium\" alt=\"\" aria-describedby=\"gallery-1-1044\" srcset=\"https:\/\/apacame.org.br\/site\/wp-content\/uploads\/2015\/12\/Atividade_03-300x225.jpg 300w, https:\/\/apacame.org.br\/site\/wp-content\/uploads\/2015\/12\/Atividade_03-150x112.jpg 150w, https:\/\/apacame.org.br\/site\/wp-content\/uploads\/2015\/12\/Atividade_03.jpg 447w\" sizes=\"(max-width: 300px) 100vw, 300px\" \/><\/a>\n\t\t\t<\/div>\n\t\t\t\t<figcaption class='wp-caption-text gallery-caption' id='gallery-1-1044'>\n\t\t\t\tNum momento de descontra\u00e7\u00e3o da Sede Social da Apacame, da esquerda para a direita o Sr. Jo\u00e3o Sobenko, Vice Presidente da APACAME; Mario Isao Otsuka, diretor jur\u00eddico da APACAME; Jos\u00e9 Augusto Gasparotto Sattler, Palestrante da noite e o Sr. Eloi Viana membro do Conselho T\u00e9cnico da APACAME.\n\t\t\t\t<\/figcaption><\/figure><figure class='gallery-item'>\n\t\t\t<div class='gallery-icon landscape'>\n\t\t\t\t<a href='https:\/\/apacame.org.br\/site\/wp-content\/uploads\/2015\/12\/Atividade_04.jpg'><img decoding=\"async\" width=\"300\" height=\"225\" src=\"https:\/\/apacame.org.br\/site\/wp-content\/uploads\/2015\/12\/Atividade_04-300x225.jpg\" class=\"attachment-medium size-medium\" alt=\"\" aria-describedby=\"gallery-1-1045\" srcset=\"https:\/\/apacame.org.br\/site\/wp-content\/uploads\/2015\/12\/Atividade_04-300x225.jpg 300w, https:\/\/apacame.org.br\/site\/wp-content\/uploads\/2015\/12\/Atividade_04-150x112.jpg 150w, https:\/\/apacame.org.br\/site\/wp-content\/uploads\/2015\/12\/Atividade_04.jpg 447w\" sizes=\"(max-width: 300px) 100vw, 300px\" \/><\/a>\n\t\t\t<\/div>\n\t\t\t\t<figcaption class='wp-caption-text gallery-caption' id='gallery-1-1045'>\n\t\t\t\tAo final da brilhantes palestra proferida o Dr. Jos\u00e9 Augusto Gasporotto Sattler recebeu das m\u00e3os do Diretor T\u00e9cnico da APACAME, Radam\u00e9s Zovaro um Diploma de Reconhecimento pela sua participa\u00e7\u00e3o na Reuni\u00e3o de Setembro de 2015.\n\t\t\t\t<\/figcaption><\/figure><figure class='gallery-item'>\n\t\t\t<div class='gallery-icon landscape'>\n\t\t\t\t<a href='https:\/\/apacame.org.br\/site\/wp-content\/uploads\/2015\/12\/Atividade_02.jpg'><img loading=\"lazy\" decoding=\"async\" width=\"300\" height=\"225\" src=\"https:\/\/apacame.org.br\/site\/wp-content\/uploads\/2015\/12\/Atividade_02-300x225.jpg\" class=\"attachment-medium size-medium\" alt=\"\" aria-describedby=\"gallery-1-1043\" srcset=\"https:\/\/apacame.org.br\/site\/wp-content\/uploads\/2015\/12\/Atividade_02-300x225.jpg 300w, https:\/\/apacame.org.br\/site\/wp-content\/uploads\/2015\/12\/Atividade_02-150x112.jpg 150w, https:\/\/apacame.org.br\/site\/wp-content\/uploads\/2015\/12\/Atividade_02.jpg 446w\" sizes=\"(max-width: 300px) 100vw, 300px\" \/><\/a>\n\t\t\t<\/div>\n\t\t\t\t<figcaption class='wp-caption-text gallery-caption' id='gallery-1-1043'>\n\t\t\t\tDa esquerda para a direita: Profa. Dra. Ligia Bicudo Muradian; Dra. Adriane Alexandre de Melo e Dra. Kelly Souza do Nascimento.\n\t\t\t\t<\/figcaption><\/figure>\n\t\t<\/div>\n\n<p><span style=\"font-size: large;\">A Profa. Dra. L\u00edgia Bicudo Muradian relan\u00e7ou o livro. Ci\u00eancias Farmac\u00eauticas &#8211; Vigil\u00e2ncia Sanit\u00e1ria &#8211;\u00a0T\u00f3picos sobre Legisla\u00e7\u00e3o e An\u00e1lise de Alimentos. Lan\u00e7ado pela Editora Guanabara Koogan, de autoria da Professora Ligia Bicudo de Almeida Muradian e Professora\u00a0Marilene De\u00a0Buono\u00a0Camargo Penteado, o qual poder\u00e1 ser adquirido pelos interessados no endere\u00e7o eletr\u00f4nico: <a href=\"http:\/\/www.grupogen.com.br\/ciencias-farmaceuticas-vigilancia-sanitaria.html\" target=\"_blank\" rel=\"noopener\">http:\/\/www.grupogen.com.br\/ciencias-farmaceuticas-vigilancia-sanitaria.html<\/a>.. e que contou com a presen\u00e7a das Dras: Adriane Alexandre de Melo &#8211; M\u00e9dica Veterin\u00e1ria e Doutoranda em Ci\u00eancia dos Alimentos na Faculdade de Ci\u00eancias Farmac\u00eauticas da USP e Kelly Souza do Nascimento &#8211; Nutricionista e Mestranda em Ci\u00eancia dos Alimentos na Faculdade de Ci\u00eancias Farmac\u00eauticas da USP<\/span><\/p>\n<p>&nbsp;<\/p>\n","protected":false},"excerpt":{"rendered":"<p>REUNI\u00c3O DOS APICULTORES E MELIPONICULTORES DIA 02 DE SETEMBRO DE 2015, \u00c0S 19h30 HORAS, NO AUDIT\u00d3RIO DO INSTITUTO DE PESCA DENTRO DO PARQUE DA \u00c1GUA BRANCA. Na nossa reuni\u00e3o de [&hellip;]<\/p>\n","protected":false},"author":1,"featured_media":0,"parent":867,"menu_order":0,"comment_status":"open","ping_status":"open","template":"","meta":{"pmpro_default_level":"","_price":"","_stock":"","_tribe_ticket_header":"","_tribe_default_ticket_provider":"","_tribe_ticket_capacity":"0","_ticket_start_date":"","_ticket_end_date":"","_tribe_ticket_show_description":"","_tribe_ticket_show_not_going":false,"_tribe_ticket_use_global_stock":"","_tribe_ticket_global_stock_level":"","_global_stock_mode":"","_global_stock_cap":"","_tribe_rsvp_for_event":"","_tribe_ticket_going_count":"","_tribe_ticket_not_going_count":"","_tribe_tickets_list":"[]","_tribe_ticket_has_attendee_info_fields":false,"cybocfi_hide_featured_image":"","footnotes":""},"class_list":["post-1041","page","type-page","status-publish","hentry","pmpro-has-access"],"_links":{"self":[{"href":"https:\/\/apacame.org.br\/site\/wp-json\/wp\/v2\/pages\/1041"}],"collection":[{"href":"https:\/\/apacame.org.br\/site\/wp-json\/wp\/v2\/pages"}],"about":[{"href":"https:\/\/apacame.org.br\/site\/wp-json\/wp\/v2\/types\/page"}],"author":[{"embeddable":true,"href":"https:\/\/apacame.org.br\/site\/wp-json\/wp\/v2\/users\/1"}],"replies":[{"embeddable":true,"href":"https:\/\/apacame.org.br\/site\/wp-json\/wp\/v2\/comments?post=1041"}],"version-history":[{"count":2,"href":"https:\/\/apacame.org.br\/site\/wp-json\/wp\/v2\/pages\/1041\/revisions"}],"predecessor-version":[{"id":1048,"href":"https:\/\/apacame.org.br\/site\/wp-json\/wp\/v2\/pages\/1041\/revisions\/1048"}],"up":[{"embeddable":true,"href":"https:\/\/apacame.org.br\/site\/wp-json\/wp\/v2\/pages\/867"}],"wp:attachment":[{"href":"https:\/\/apacame.org.br\/site\/wp-json\/wp\/v2\/media?parent=1041"}],"curies":[{"name":"wp","href":"https:\/\/api.w.org\/{rel}","templated":true}]}}