{"id":1001,"date":"2015-12-16T18:02:35","date_gmt":"2015-12-16T18:02:35","guid":{"rendered":"http:\/\/apacame.org.br\/site\/?page_id=1001"},"modified":"2015-12-16T18:04:22","modified_gmt":"2015-12-16T18:04:22","slug":"minha-experiencia","status":"publish","type":"page","link":"https:\/\/apacame.org.br\/site\/revista\/mensagem-doce-n-134-novembro-de-2015\/minha-experiencia\/","title":{"rendered":"MINHA EXPERI\u00caNCIA"},"content":{"rendered":"<div style=\"text-align: center;\">\n<h1>EU ESTIVE L\u00c1!!<\/h1>\n<\/div>\n<blockquote><p>Eloi Viana da Silva &#8211; <a href=\"mailto:apiarioviana@yahoo.com.br\">apiarioviana@yahoo.com.br<\/a><\/p><\/blockquote>\n<p><span style=\"font-size: large;\"><a href=\"https:\/\/apacame.org.br\/site\/wp-content\/uploads\/2015\/12\/Estive-L\u00e1-Minha-experiencia.jpg\"><img fetchpriority=\"high\" decoding=\"async\" class=\"alignleft size-medium wp-image-1003\" src=\"https:\/\/apacame.org.br\/site\/wp-content\/uploads\/2015\/12\/Estive-L\u00e1-Minha-experiencia-300x169.jpg\" alt=\"Estive L\u00e1 Minha experiencia\" width=\"300\" height=\"169\" srcset=\"https:\/\/apacame.org.br\/site\/wp-content\/uploads\/2015\/12\/Estive-L\u00e1-Minha-experiencia-300x169.jpg 300w, https:\/\/apacame.org.br\/site\/wp-content\/uploads\/2015\/12\/Estive-L\u00e1-Minha-experiencia-150x84.jpg 150w, https:\/\/apacame.org.br\/site\/wp-content\/uploads\/2015\/12\/Estive-L\u00e1-Minha-experiencia-500x281.jpg 500w, https:\/\/apacame.org.br\/site\/wp-content\/uploads\/2015\/12\/Estive-L\u00e1-Minha-experiencia.jpg 856w\" sizes=\"(max-width: 300px) 100vw, 300px\" \/><\/a>APIMONDIA \u00a044 congresso mundial de apicultura em Daejeon, Coreia do Sul.<\/span><\/p>\n<p><span style=\"font-size: large;\">Para um pequeno apicultor como eu, participar de um congresso mundial ou mesmo nacional \u00e9 uma coisa m\u00e1gica, principalmente pra quem ama seu trabalho.<\/span><\/p>\n<p><span style=\"font-size: large;\">Palestras, Feiras s\u00e3o coisas que encantam.<\/span><\/p>\n<p><span style=\"font-size: large;\">Este congresso segundo os organizadores foi o de maior n\u00famero de participante, com representantes de 131 Pa\u00edses.<\/span><\/p>\n<p><span style=\"font-size: large;\">Com tudo isso, dito acima, foi imposs\u00edvel ver e assistir tudo que l\u00e1 est\u00e1va.<\/span><\/p>\n<p><span style=\"font-size: large;\">Assisti algumas palestras: poliniza\u00e7\u00e3o, prote\u00e7\u00e3o das Abelhas, em alguns pa\u00edses entre eles os Estados Unidos. E tamb\u00e9m tinha muitos palestrantes jovens, a maioria do mundo asi\u00e1tico e a palestra que recebeu muitos aplausos do Prof. Dr. Lionel Segui Gon\u00e7alves, abordando o desaparecimento das abelhas e a campanha: SEM ABELHA SEM ALIMENTO.<\/span><\/p>\n<p><span style=\"font-size: large;\">Percebi, tamb\u00e9m, uma preocupa\u00e7\u00e3o de todos com o sumi\u00e7o das abelhas e com os defensivos t\u00f3xicos em excesso nas planta\u00e7\u00f5es agr\u00edcolas.<\/span><\/p>\n<p><span style=\"font-size: large;\">A Api-Expo que tinha uma grande quantidade de equipamento do mundo todo e muitos acess\u00f3rios para a apicultura em geral.<\/span><\/p>\n<p><span style=\"font-size: large;\">\u00c9 uma pena que n\u00e3o podemos trazer muitas coisas pela dificuldade da pr\u00f3pria viagem, mas serve de inspira\u00e7\u00e3o para n\u00f3s apicultores.<\/span><\/p>\n<p><span style=\"font-size: large;\">Fizemos uma visita t\u00e9cnica na zona desmilitarizada, (fronteira com a Coreia do Norte) que no meu ponto de vista foi uma nega\u00e7\u00e3o, na verdade n\u00e3o vimos apicultura daquele pa\u00eds, pode ser que tenha coisa melhor, eu acredito que sim. Mostraram umas colmeias, visto na foto abaixo com abelhas muito mansas.<\/span><\/p>\n<p><span style=\"font-size: large;\">O Congresso foi realizado na cidade de DAEJEON, aproximadamente 150 Km de Seul, a capital Coreana, ficamos num hotel pr\u00f3ximo ao congresso, o que facilitou muito a ida e vinda, pois era poss\u00edvel ir e vir a p\u00e9 e ainda mais hospedados com toda c\u00fapula do congresso e da APIMONDIA, junto com a Delega\u00e7\u00e3o da APACAME. \u00a0At\u00e9 parecia a extens\u00e3o do mesmo, foi muito legal e divertido.<\/span><\/p>\n<p><span style=\"font-size: large;\">O pr\u00f3ximo congresso ser\u00e1 em 2017 em Istambul, na Turquia.<\/span><\/p>\n<p><span style=\"font-size: large;\">Neste congresso de Deajeon foi eleita a cidade de Montreal, no Canad\u00e1 para sediar o Congresso da APIMONDIA de2019.<\/span><\/p>\n<p><span style=\"font-size: large;\">At\u00e9 o pr\u00f3ximo em Istambul,\u00a0na Turquia em 2017.<\/span><\/p>\n","protected":false},"excerpt":{"rendered":"<p>EU ESTIVE L\u00c1!! Eloi Viana da Silva &#8211; apiarioviana@yahoo.com.br APIMONDIA \u00a044 congresso mundial de apicultura em Daejeon, Coreia do Sul. Para um pequeno apicultor como eu, participar de um congresso [&hellip;]<\/p>\n","protected":false},"author":1,"featured_media":0,"parent":867,"menu_order":0,"comment_status":"open","ping_status":"open","template":"","meta":{"pmpro_default_level":"","_price":"","_stock":"","_tribe_ticket_header":"","_tribe_default_ticket_provider":"","_tribe_ticket_capacity":"0","_ticket_start_date":"","_ticket_end_date":"","_tribe_ticket_show_description":"","_tribe_ticket_show_not_going":false,"_tribe_ticket_use_global_stock":"","_tribe_ticket_global_stock_level":"","_global_stock_mode":"","_global_stock_cap":"","_tribe_rsvp_for_event":"","_tribe_ticket_going_count":"","_tribe_ticket_not_going_count":"","_tribe_tickets_list":"[]","_tribe_ticket_has_attendee_info_fields":false,"cybocfi_hide_featured_image":"","footnotes":""},"class_list":["post-1001","page","type-page","status-publish","hentry","pmpro-has-access"],"_links":{"self":[{"href":"https:\/\/apacame.org.br\/site\/wp-json\/wp\/v2\/pages\/1001"}],"collection":[{"href":"https:\/\/apacame.org.br\/site\/wp-json\/wp\/v2\/pages"}],"about":[{"href":"https:\/\/apacame.org.br\/site\/wp-json\/wp\/v2\/types\/page"}],"author":[{"embeddable":true,"href":"https:\/\/apacame.org.br\/site\/wp-json\/wp\/v2\/users\/1"}],"replies":[{"embeddable":true,"href":"https:\/\/apacame.org.br\/site\/wp-json\/wp\/v2\/comments?post=1001"}],"version-history":[{"count":2,"href":"https:\/\/apacame.org.br\/site\/wp-json\/wp\/v2\/pages\/1001\/revisions"}],"predecessor-version":[{"id":1005,"href":"https:\/\/apacame.org.br\/site\/wp-json\/wp\/v2\/pages\/1001\/revisions\/1005"}],"up":[{"embeddable":true,"href":"https:\/\/apacame.org.br\/site\/wp-json\/wp\/v2\/pages\/867"}],"wp:attachment":[{"href":"https:\/\/apacame.org.br\/site\/wp-json\/wp\/v2\/media?parent=1001"}],"curies":[{"name":"wp","href":"https:\/\/api.w.org\/{rel}","templated":true}]}}